{"id":1851,"date":"2025-01-02T01:51:17","date_gmt":"2025-01-02T01:51:17","guid":{"rendered":"https:\/\/rf-capacitor.com\/?post_type=product&#038;p=1851"},"modified":"2025-01-02T01:51:17","modified_gmt":"2025-01-02T01:51:17","slug":"igbt-snubber-capacitors","status":"publish","type":"product","link":"https:\/\/rf-capacitor.com\/da\/igbt-snubber-capacitors\/","title":{"rendered":"IGBT Snubber-kondensatorer"},"content":{"rendered":"<h3 data-sourcepos=\"1:1-1:27\"><strong>IGBT Snubber-kondensatorer<\/strong><\/h3>\n<p data-sourcepos=\"3:1-3:196\"><span class=\"citation-0 recitation citation-end-0\">Inden for effektelektronik bruges IGBT'er (Insulated Gate Bipolar Transistors) i vid udstr\u00e6kning til koblingsopgaver.<\/span> Men deres hurtige skiftehastigheder kan f\u00f8re til u\u00f8nskede effekter som f.eks:<span class=\"button-container hide-from-message-actions ng-star-inserted\">\u00a0 \u00a0<\/span><\/p>\n<ul data-sourcepos=\"5:1-7:0\">\n<li data-sourcepos=\"5:1-5:148\"><strong><span class=\"citation-1 recitation\">H\u00f8j dv\/dt (\u00e6ndringshastighed for sp\u00e6nding):<\/span><\/strong><span class=\"citation-1 recitation citation-end-1\"> Dette kan for\u00e5rsage for store sp\u00e6ndingsspidser over IGBT'en og potentielt beskadige enheden.<\/span><span class=\"button-container hide-from-message-actions ng-star-inserted\"> \u00a0<\/span>\n<div class=\"container ng-tns-c362440147-20 hide\">\n<div class=\"carousel-container ng-tns-c362440147-20\"><\/div>\n<\/div>\n<\/li>\n<li data-sourcepos=\"6:1-7:0\"><strong><span class=\"citation-2 recitation\">H\u00f8j di\/dt (\u00e6ndringshastighed for str\u00f8m):<\/span><\/strong><span class=\"citation-2 recitation citation-end-2\"> Det kan skabe elektromagnetisk interferens (EMI) og belaste de tilh\u00f8rende kredsl\u00f8b.<\/span><span class=\"button-container hide-from-message-actions ng-star-inserted\">\u00a0 \u00a0<\/span>\n<div class=\"container ng-tns-c362440147-21 hide\">\n<div class=\"carousel-container ng-tns-c362440147-21\"><\/div>\n<\/div>\n<\/li>\n<\/ul>\n<h3 data-sourcepos=\"8:1-8:20\"><strong>Snubber-kredsl\u00f8b<\/strong><\/h3>\n<p data-sourcepos=\"10:1-10:143\"><span class=\"citation-3 recitation citation-end-3\">For at afhj\u00e6lpe disse problemer anvendes snubber-kredsl\u00f8b.<\/span> <span class=\"citation-4 recitation citation-end-4\">En vigtig komponent i disse kredsl\u00f8b er snubberkondensatoren.<\/span><span class=\"button-container hide-from-message-actions ng-star-inserted\">\u00a0<\/span><\/p>\n<h3 data-sourcepos=\"12:1-12:31\"><strong>S\u00e5dan fungerer IGBT-snubberkondensatorer<\/strong><\/h3>\n<ul data-sourcepos=\"14:1-16:0\">\n<li data-sourcepos=\"14:1-14:252\"><strong>Sp\u00e6ndingsspidser:<\/strong> N\u00e5r IGBT'en slukker, kan den parasit\u00e6re induktans i kredsl\u00f8bet for\u00e5rsage en hurtig stigning i sp\u00e6ndingen over enheden. <span class=\"citation-5 recitation citation-end-5\">Snubber-kondensatoren absorberer denne pludselige sp\u00e6ndingsstigning og begr\u00e6nser spidssp\u00e6ndingen over IGBT'en.<\/span><span class=\"button-container hide-from-message-actions ng-star-inserted\"> \u00a0<\/span>\n<div class=\"container ng-tns-c362440147-23 hide\">\n<div class=\"carousel-container ng-tns-c362440147-23\"><\/div>\n<\/div>\n<\/li>\n<li data-sourcepos=\"15:1-16:0\"><strong>Nuv\u00e6rende skift:<\/strong> <span class=\"citation-6 recitation citation-end-6\">Under turn-off-overgangen giver snubber-kondensatoren en vej for str\u00f8mmen til at flyde midlertidigt, hvilket reducerer di\/dt og minimerer EMI.<\/span><span class=\"button-container hide-from-message-actions ng-star-inserted\">\u00a0 \u00a0<\/span>\n<div class=\"container ng-tns-c362440147-24 hide\">\n<div class=\"carousel-container ng-tns-c362440147-24\"><\/div>\n<\/div>\n<\/li>\n<\/ul>\n<h3 data-sourcepos=\"17:1-17:45\"><strong>N\u00f8glekarakteristika for IGBT-snubberkondensatorer<\/strong><\/h3>\n<ul data-sourcepos=\"19:1-23:0\">\n<li data-sourcepos=\"19:1-19:88\"><strong>H\u00f8j sp\u00e6nding:<\/strong> Skal kunne modst\u00e5 de spidsbelastninger, der opst\u00e5r under skift.<\/li>\n<li data-sourcepos=\"20:1-20:104\"><strong><span class=\"citation-7 recitation\">Lav ESR (\u00e6kvivalent seriemodstand):<\/span><\/strong><span class=\"citation-7 recitation citation-end-7\"> Minimerer energitab i kondensatoren.<\/span><span class=\"button-container hide-from-message-actions ng-star-inserted\">\u00a0<\/span>\n<div class=\"container ng-tns-c362440147-25 hide\">\n<div class=\"carousel-container ng-tns-c362440147-25\"><\/div>\n<\/div>\n<\/li>\n<li data-sourcepos=\"21:1-21:110\"><strong>Mulighed for hurtig opladning\/afladning:<\/strong> I stand til hurtigt at optage og frigive energi under omskiftelige begivenheder.<\/li>\n<li data-sourcepos=\"22:1-23:0\"><strong>Kompakt st\u00f8rrelse:<\/strong> For at minimere pladsbehovet i effektelektroniske systemer.<\/li>\n<\/ul>\n<h3 data-sourcepos=\"24:1-24:31\"><strong>Typer af IGBT-snubberkondensatorer<\/strong><\/h3>\n<ul data-sourcepos=\"26:1-28:0\">\n<li data-sourcepos=\"26:1-26:112\"><strong>Filmkondensatorer:<\/strong> Bruges ofte p\u00e5 grund af deres h\u00f8je sp\u00e6ndingsv\u00e6rdier, lave ESR og gode temperaturstabilitet.<\/li>\n<li data-sourcepos=\"27:1-28:0\"><strong><span class=\"citation-8 recitation\">Keramiske kondensatorer:<\/span><\/strong><span class=\"citation-8 recitation citation-end-8\"> Tilbyder h\u00f8j kapacitans i en lille pakke, men kan have begr\u00e6nsninger i sp\u00e6ndingsniveau og temperaturstabilitet.<\/span><span class=\"button-container hide-from-message-actions ng-star-inserted\">\u00a0 \u00a0<\/span>\n<div class=\"container ng-tns-c362440147-26 hide\">\n<div class=\"carousel-container ng-tns-c362440147-26\"><\/div>\n<\/div>\n<\/li>\n<\/ul>\n<h3 data-sourcepos=\"29:1-29:25\"><strong>Overvejelser om design<\/strong><\/h3>\n<p data-sourcepos=\"31:1-31:80\">Valg og design af snubberkondensatorer involverer n\u00f8je overvejelser om:<\/p>\n<ul data-sourcepos=\"33:1-36:0\">\n<li data-sourcepos=\"33:1-33:85\"><strong>IGBT's skifteegenskaber:<\/strong> T\u00e6nd\/sluk-tider, spidsstr\u00f8mme og sp\u00e6ndinger.<\/li>\n<li data-sourcepos=\"34:1-34:69\"><strong>Kredsl\u00f8bsparametre:<\/strong> Parasitisk induktans, belastningskarakteristik.<\/li>\n<li data-sourcepos=\"35:1-36:0\"><strong><span class=\"citation-9 recitation\">Snubber-kredsl\u00f8bets topologi:<\/span><\/strong><span class=\"citation-9 recitation citation-end-9\"> Forskellige snubber-konfigurationer (R-C, RCD) har varierende indvirkning p\u00e5 kredsl\u00f8bets ydeevne.<\/span><span class=\"button-container hide-from-message-actions ng-star-inserted\"> \u00a0<\/span>\n<div class=\"container ng-tns-c362440147-27 hide\">\n<div class=\"carousel-container ng-tns-c362440147-27\"><\/div>\n<\/div>\n<\/li>\n<\/ul>\n<h3 data-sourcepos=\"37:1-37:40\"><strong>Fordele ved at bruge snubber-kondensatorer<\/strong><\/h3>\n<ul data-sourcepos=\"39:1-42:0\">\n<li data-sourcepos=\"39:1-39:90\"><strong>Forbedret IGBT-p\u00e5lidelighed:<\/strong> Reduceret stress p\u00e5 enheden, hvilket f\u00f8rer til l\u00e6ngere levetid.<\/li>\n<li data-sourcepos=\"40:1-40:68\"><strong>Reduceret EMI-emission:<\/strong> Minimerer elektromagnetisk interferens.<\/li>\n<li data-sourcepos=\"41:1-42:0\"><strong><span class=\"citation-10 recitation\">Forbedret systemeffektivitet:<\/span><\/strong><span class=\"citation-10 recitation citation-end-10\"> Reduceret effekttab p\u00e5 grund af lavere koblingstab.<\/span><span class=\"button-container hide-from-message-actions ng-star-inserted\"> \u00a0<\/span>\n<div class=\"container ng-tns-c362440147-28 hide\">\n<div class=\"carousel-container ng-tns-c362440147-28\"><\/div>\n<\/div>\n<\/li>\n<\/ul>","protected":false},"excerpt":{"rendered":"<table style=\"height: 429px;\" width=\"689\">\n<tbody>\n<tr>\n<td width=\"146\"><strong><b>Produkt<\/b><\/strong>\u00a0<strong><b>Navn:<\/b><\/strong><\/td>\n<td width=\"601\">IGBT Snubber-kondensatorer<\/td>\n<\/tr>\n<tr>\n<td width=\"146\">\n<h4><strong>Kort beskrivelse:<\/strong><\/h4>\n<\/td>\n<td width=\"601\">Udbredt i kraftelektronisk elektronisk udstyr, n\u00e5r spidssp\u00e6nding, spidsstr\u00f8msabsorptionsbeskyttelse<\/td>\n<\/tr>\n<tr>\n<td width=\"146\"><strong>Kapacitansomr\u00e5de:<\/strong><\/td>\n<td width=\"601\">\u00a00,22\u03bcF~3\u03bcF<\/td>\n<\/tr>\n<tr>\n<td width=\"146\"><strong>Nominel sp\u00e6nding\uff1a.<\/strong><\/td>\n<td width=\"601\">\u00a03000V.DC~10000V.DC<\/td>\n<\/tr>\n<tr>\n<td width=\"146\"><strong>Cap.tol:.<\/strong><\/td>\n<td width=\"601\">\u00a0\u00a0\u00a0\u00b15%(J); \u00b110%(K))<\/td>\n<\/tr>\n<tr>\n<td width=\"146\"><strong>Kondensator Model:\u00a0<\/strong><\/td>\n<td width=\"601\">\u00a0SMJ-TC<\/td>\n<\/tr>\n<\/tbody>\n<\/table>","protected":false},"featured_media":1852,"comment_status":"open","ping_status":"closed","template":"","meta":[],"product_brand":[],"product_cat":[40],"product_tag":[],"class_list":{"0":"post-1851","1":"product","2":"type-product","3":"status-publish","4":"has-post-thumbnail","6":"product_cat-snubber-capacitor","8":"first","9":"instock","10":"shipping-taxable","11":"product-type-simple"},"_links":{"self":[{"href":"https:\/\/rf-capacitor.com\/da\/wp-json\/wp\/v2\/product\/1851","targetHints":{"allow":["GET"]}}],"collection":[{"href":"https:\/\/rf-capacitor.com\/da\/wp-json\/wp\/v2\/product"}],"about":[{"href":"https:\/\/rf-capacitor.com\/da\/wp-json\/wp\/v2\/types\/product"}],"replies":[{"embeddable":true,"href":"https:\/\/rf-capacitor.com\/da\/wp-json\/wp\/v2\/comments?post=1851"}],"wp:featuredmedia":[{"embeddable":true,"href":"https:\/\/rf-capacitor.com\/da\/wp-json\/wp\/v2\/media\/1852"}],"wp:attachment":[{"href":"https:\/\/rf-capacitor.com\/da\/wp-json\/wp\/v2\/media?parent=1851"}],"wp:term":[{"taxonomy":"product_brand","embeddable":true,"href":"https:\/\/rf-capacitor.com\/da\/wp-json\/wp\/v2\/product_brand?post=1851"},{"taxonomy":"product_cat","embeddable":true,"href":"https:\/\/rf-capacitor.com\/da\/wp-json\/wp\/v2\/product_cat?post=1851"},{"taxonomy":"product_tag","embeddable":true,"href":"https:\/\/rf-capacitor.com\/da\/wp-json\/wp\/v2\/product_tag?post=1851"}],"curies":[{"name":"wp","href":"https:\/\/api.w.org\/{rel}","templated":true}]}}