{"id":1773,"date":"2024-12-31T02:47:20","date_gmt":"2024-12-31T02:47:20","guid":{"rendered":"https:\/\/rf-capacitor.com\/?post_type=product&#038;p=1773"},"modified":"2024-12-31T03:19:56","modified_gmt":"2024-12-31T03:19:56","slug":"dual-run-ac-capacitor","status":"publish","type":"product","link":"https:\/\/rf-capacitor.com\/da\/dual-run-ac-capacitor\/","title":{"rendered":"Dual Run AC-kondensator"},"content":{"rendered":"<h2 data-sourcepos=\"1:1-1:147\"><span class=\"citation-0 recitation citation-end-0\"> Dual Run AC-kondensator<\/span><\/h2>\n<p data-sourcepos=\"1:1-1:147\"><span class=\"citation-0 recitation citation-end-0\">En dual run AC-kondensator er en type kondensator, der kombinerer funktionerne af en startkondensator og en run-kondensator i en enkelt enhed.<\/span><span class=\"button-container hide-from-message-actions ng-star-inserted\">\u00a0 \u00a0<\/span><\/p>\n<ul data-sourcepos=\"3:1-5:0\">\n<li data-sourcepos=\"3:1-3:128\"><strong><span class=\"citation-1 recitation\">Startkondensator:<\/span><\/strong><span class=\"citation-1 recitation citation-end-1\"> Giver et midlertidigt boost af elektrisk energi for at hj\u00e6lpe kompressoren og ventilatormotorerne med at starte.<\/span><span class=\"button-container hide-from-message-actions ng-star-inserted\"> \u00a0<\/span>\n<div class=\"container ng-tns-c362440147-111 hide\">\n<div class=\"carousel-container ng-tns-c362440147-111\"><\/div>\n<\/div>\n<\/li>\n<li data-sourcepos=\"4:1-5:0\"><strong>K\u00f8r kondensator:<\/strong> <span class=\"citation-2 recitation citation-end-2\">Forbedrer motorernes effektivitet og ydeevne under kontinuerlig drift.<\/span><span class=\"button-container hide-from-message-actions ng-star-inserted\">\u00a0 \u00a0<\/span>\n<div class=\"container ng-tns-c362440147-112 hide\">\n<div class=\"carousel-container ng-tns-c362440147-112\"><\/div>\n<\/div>\n<\/li>\n<\/ul>\n<h3 data-sourcepos=\"6:1-6:17\"><strong>Vigtige funktioner:<\/strong><\/h3>\n<ul data-sourcepos=\"8:1-11:0\">\n<li data-sourcepos=\"8:1-8:128\"><strong>Bekvemmelighed:<\/strong> <span class=\"citation-3 recitation citation-end-3\">Forenkler installation og vedligeholdelse ved at erstatte to separate kondensatorer med en enkelt enhed.<\/span><\/li>\n<li data-sourcepos=\"8:1-8:128\"><strong style=\"font-size: 14.4px;\">Pladsbesparende:<\/strong> <span class=\"citation-4 recitation citation-end-4\" style=\"font-size: 14.4px;\">Reducerer den plads, der kr\u00e6ves til kondensatorer i HVAC-systemet.<\/span><span class=\"button-container hide-from-message-actions ng-star-inserted\" style=\"font-size: 14.4px;\">\u00a0\u00a0<\/span>\n<div class=\"container ng-tns-c362440147-114 hide\">\n<div class=\"carousel-container ng-tns-c362440147-114\"><\/div>\n<\/div>\n<\/li>\n<li data-sourcepos=\"10:1-11:0\"><strong><span class=\"citation-5 recitation\">Forbedret effektivitet:<\/span><\/strong><span class=\"citation-5 recitation citation-end-5\"> Kan bidrage til at forbedre den samlede systemeffektivitet.<\/span><span class=\"button-container hide-from-message-actions ng-star-inserted\"> \u00a0<\/span>\n<div class=\"container ng-tns-c362440147-115 hide\">\n<div class=\"carousel-container ng-tns-c362440147-115\"><\/div>\n<\/div>\n<\/li>\n<\/ul>\n<h3 data-sourcepos=\"12:1-12:17\"><strong>Applikationer:<\/strong><\/h3>\n<ul data-sourcepos=\"14:1-15:0\">\n<li data-sourcepos=\"14:1-15:0\"><span class=\"citation-6 recitation citation-end-6\">Bruges prim\u00e6rt i airconditionanl\u00e6g for at sikre en j\u00e6vn og effektiv drift af kompressoren og bl\u00e6sermotorerne.<\/span><span class=\"button-container hide-from-message-actions ng-star-inserted\">\u00a0 \u00a0<\/span>\n<div class=\"container ng-tns-c362440147-116 hide\">\n<div class=\"carousel-container ng-tns-c362440147-116\"><\/div>\n<\/div>\n<\/li>\n<\/ul>\n<p data-sourcepos=\"20:1-20:167\"><strong><span class=\"citation-7 recitation\">Bem\u00e6rk:<\/span><\/strong><span class=\"citation-7 recitation citation-end-7\"> Dual run-kondensatorer er en specialkomponent og skal v\u00e6lges og installeres i henhold til HVAC-systemets specifikke krav.<\/span><span class=\"button-container hide-from-message-actions ng-star-inserted\"> \u00a0 <\/span><\/p>","protected":false},"excerpt":{"rendered":"<table style=\"height: 619px;\" width=\"693\">\n<tbody>\n<tr>\n<td width=\"146\"><strong><b>Produkt<\/b><\/strong>\u00a0<strong><b>Navn:<\/b><\/strong><\/td>\n<td width=\"601\"><strong>Dual Run AC-kondensator<\/strong><\/td>\n<\/tr>\n<tr>\n<td width=\"146\">\n<h4><strong>Kort beskrivelse:<\/strong><\/h4>\n<\/td>\n<td width=\"601\">1. Innovativt design<\/p>\n<p>2. Robust tilf\u00e6lde<\/p>\n<p>3. AC-filmkondensator af h\u00f8j kvalitet til en god pris<\/td>\n<\/tr>\n<tr>\n<td width=\"146\"><strong>Kapacitansomr\u00e5de:<\/strong><\/td>\n<td width=\"601\">\u00a03*10\u03bcF \u00b15%<\/td>\n<\/tr>\n<tr>\n<td width=\"146\"><strong>Nominel sp\u00e6nding\uff1a.<\/strong><\/td>\n<td width=\"601\">750V.AC<\/td>\n<\/tr>\n<tr>\n<td width=\"146\"><strong>Cap.tol:.<\/strong><\/td>\n<td width=\"601\">-40\u2103_85\u2103<\/td>\n<\/tr>\n<tr>\n<td width=\"146\"><\/td>\n<td width=\"601\"><\/td>\n<\/tr>\n<\/tbody>\n<\/table>","protected":false},"featured_media":1775,"comment_status":"open","ping_status":"closed","template":"","meta":[],"product_brand":[],"product_cat":[39],"product_tag":[],"class_list":{"0":"post-1773","1":"product","2":"type-product","3":"status-publish","4":"has-post-thumbnail","6":"product_cat-ac-filter-capacitor-1","8":"first","9":"instock","10":"shipping-taxable","11":"product-type-simple"},"_links":{"self":[{"href":"https:\/\/rf-capacitor.com\/da\/wp-json\/wp\/v2\/product\/1773","targetHints":{"allow":["GET"]}}],"collection":[{"href":"https:\/\/rf-capacitor.com\/da\/wp-json\/wp\/v2\/product"}],"about":[{"href":"https:\/\/rf-capacitor.com\/da\/wp-json\/wp\/v2\/types\/product"}],"replies":[{"embeddable":true,"href":"https:\/\/rf-capacitor.com\/da\/wp-json\/wp\/v2\/comments?post=1773"}],"wp:featuredmedia":[{"embeddable":true,"href":"https:\/\/rf-capacitor.com\/da\/wp-json\/wp\/v2\/media\/1775"}],"wp:attachment":[{"href":"https:\/\/rf-capacitor.com\/da\/wp-json\/wp\/v2\/media?parent=1773"}],"wp:term":[{"taxonomy":"product_brand","embeddable":true,"href":"https:\/\/rf-capacitor.com\/da\/wp-json\/wp\/v2\/product_brand?post=1773"},{"taxonomy":"product_cat","embeddable":true,"href":"https:\/\/rf-capacitor.com\/da\/wp-json\/wp\/v2\/product_cat?post=1773"},{"taxonomy":"product_tag","embeddable":true,"href":"https:\/\/rf-capacitor.com\/da\/wp-json\/wp\/v2\/product_tag?post=1773"}],"curies":[{"name":"wp","href":"https:\/\/api.w.org\/{rel}","templated":true}]}}