{"id":1767,"date":"2024-12-31T02:35:15","date_gmt":"2024-12-31T02:35:15","guid":{"rendered":"https:\/\/rf-capacitor.com\/?post_type=product&#038;p=1767"},"modified":"2024-12-31T02:35:15","modified_gmt":"2024-12-31T02:35:15","slug":"metallized-polypropylene-film-capacitor","status":"publish","type":"product","link":"https:\/\/rf-capacitor.com\/da\/metallized-polypropylene-film-capacitor\/","title":{"rendered":"Metalliseret polypropylen-filmkondensator"},"content":{"rendered":"<h3 data-sourcepos=\"1:1-1:50\"><strong>Kondensatorer med metalliseret polypropylenfilm (MKP)<\/strong><\/h3>\n<ul data-sourcepos=\"3:1-27:0\">\n<li data-sourcepos=\"3:1-7:0\">\n<p data-sourcepos=\"3:3-3:19\"><strong>Konstruktion:<\/strong><\/p>\n<ul data-sourcepos=\"4:5-7:0\">\n<li data-sourcepos=\"4:5-4:104\"><strong>Dielektrisk:<\/strong> <span class=\"citation-0 recitation citation-end-0\">Brug tynde lag af polypropylenfilm som isoleringsmateriale.<\/span><span class=\"button-container hide-from-message-actions ng-star-inserted\">\u00a0 \u00a0<\/span>\n<div class=\"container ng-tns-c362440147-96 hide\">\n<div class=\"carousel-container ng-tns-c362440147-96\"><\/div>\n<\/div>\n<\/li>\n<li data-sourcepos=\"5:5-5:136\"><strong>Metallisering:<\/strong> Et tyndt lag metal (normalt aluminium) vakuumaflejres p\u00e5 filmen og danner de ledende elektroder.<\/li>\n<li data-sourcepos=\"6:5-7:0\"><strong>Selvhelbredelse:<\/strong> <span class=\"citation-1 recitation citation-end-1\">Hvis der opst\u00e5r en lokal kortslutning p\u00e5 grund af en produktionsfejl eller oversp\u00e6nding, fordamper metalliseringen omkring fejlen, hvilket isolerer omr\u00e5det og forhindrer yderligere skader.<\/span> <span class=\"citation-2 recitation citation-end-2\">Denne selvhelbredende mekanisme \u00f8ger p\u00e5lideligheden.<\/span><span class=\"button-container hide-from-message-actions ng-star-inserted\"> \u00a0<\/span>\n<div class=\"container ng-tns-c362440147-97 hide\">\n<div class=\"carousel-container ng-tns-c362440147-97\"><\/div>\n<\/div>\n<\/li>\n<\/ul>\n<\/li>\n<li data-sourcepos=\"8:1-14:0\">\n<h3 data-sourcepos=\"8:3-8:26\"><strong>N\u00f8gleegenskaber Metalliseret polypropylenfilmkondensator:<\/strong><\/h3>\n<ul data-sourcepos=\"9:5-14:0\">\n<li data-sourcepos=\"9:5-9:122\"><strong><span class=\"citation-3 recitation\">Lavt tab:<\/span><\/strong><span class=\"citation-3 recitation citation-end-3\"> De har meget lave dielektriske tab, hvilket g\u00f8r dem velegnede til h\u00f8jfrekvente anvendelser.<\/span><span class=\"button-container hide-from-message-actions ng-star-inserted\"> \u00a0<\/span>\n<div class=\"container ng-tns-c362440147-98 hide\">\n<div class=\"carousel-container ng-tns-c362440147-98\"><\/div>\n<\/div>\n<\/li>\n<li data-sourcepos=\"10:5-10:72\"><strong>H\u00f8j stabilitet:<\/strong> Fremragende stabilitet over temperatur og tid.<\/li>\n<li data-sourcepos=\"11:5-11:83\"><strong>Selvhelbredelse:<\/strong> <span class=\"citation-4 recitation citation-end-4\">Forbedrer p\u00e5lideligheden og forl\u00e6nger levetiden.<\/span><span class=\"button-container hide-from-message-actions ng-star-inserted\"> \u00a0<\/span>\n<div class=\"container ng-tns-c362440147-99 hide\">\n<div class=\"carousel-container ng-tns-c362440147-99\"><\/div>\n<\/div>\n<\/li>\n<li data-sourcepos=\"12:5-12:72\"><strong>H\u00f8j sp\u00e6nding:<\/strong> <span class=\"citation-5 recitation citation-end-5\">Kan modst\u00e5 h\u00f8je sp\u00e6ndinger.<\/span><span class=\"button-container hide-from-message-actions ng-star-inserted\"> \u00a0<\/span>\n<div class=\"container ng-tns-c362440147-100 hide\">\n<div class=\"carousel-container ng-tns-c362440147-100\"><\/div>\n<\/div>\n<\/li>\n<li data-sourcepos=\"13:5-14:0\"><strong>Kompakt st\u00f8rrelse:<\/strong> Opn\u00e5 h\u00f8je kapacitansv\u00e6rdier i relativt sm\u00e5 pakker.<\/li>\n<\/ul>\n<\/li>\n<li data-sourcepos=\"15:1-21:0\">\n<h3 data-sourcepos=\"15:3-15:19\"><strong>Applikationer:<\/strong><\/h3>\n<ul data-sourcepos=\"16:5-21:0\">\n<li data-sourcepos=\"16:5-16:110\"><strong>AC-filtre:<\/strong> <span class=\"citation-6 recitation citation-end-6\">Bruges i vekselstr\u00f8mssystemer til at filtrere overtoner fra og forbedre str\u00f8mkvaliteten.<\/span><span class=\"button-container hide-from-message-actions ng-star-inserted\"> \u00a0<\/span>\n<div class=\"container ng-tns-c362440147-101 hide\">\n<div class=\"carousel-container ng-tns-c362440147-101\"><\/div>\n<\/div>\n<\/li>\n<li data-sourcepos=\"17:5-17:98\"><strong>Motordrev:<\/strong> Anvendes i drev med variabel hastighed for at forbedre ydeevnen og reducere st\u00f8j.<\/li>\n<li data-sourcepos=\"18:5-18:142\"><strong>Koblingsstr\u00f8mforsyninger:<\/strong> Udbredt i forskellige elektroniske kredsl\u00f8b, herunder switching power supplies, invertere og omformere.<\/li>\n<li data-sourcepos=\"19:5-19:149\"><strong>H\u00f8jfrekvente applikationer:<\/strong> Velegnet til applikationer, der arbejder ved h\u00f8je frekvenser, s\u00e5som RF-kredsl\u00f8b og telekommunikationsudstyr.<\/li>\n<li data-sourcepos=\"20:5-21:0\"><strong>Lydudstyr:<\/strong> <span class=\"citation-7 recitation citation-end-7\">Bruges i lydapplikationer til at forbedre signalkvaliteten og reducere forvr\u00e6ngning.<\/span><span class=\"button-container hide-from-message-actions ng-star-inserted\">\u00a0<\/span>\n<div class=\"container ng-tns-c362440147-102 hide\">\n<div class=\"carousel-container ng-tns-c362440147-102\"><\/div>\n<\/div>\n<\/li>\n<\/ul>\n<\/li>\n<li data-sourcepos=\"22:1-27:0\">\n<h3 data-sourcepos=\"22:3-22:15\"><strong>Fordele:<\/strong><\/h3>\n<ul data-sourcepos=\"23:5-27:0\">\n<li data-sourcepos=\"23:5-23:108\"><strong><span class=\"citation-8 recitation\">Forbedret ydeevne:<\/span><\/strong><span class=\"citation-8 recitation citation-end-8\"> Forbedre ydeevnen og effektiviteten af elektronisk udstyr.<\/span>\n<div class=\"container ng-tns-c362440147-103 hide\">\n<div class=\"carousel-container ng-tns-c362440147-103\"><\/div>\n<\/div>\n<\/li>\n<li data-sourcepos=\"24:5-24:80\"><strong>Reduceret energitab:<\/strong> Minimerer energitab i forskellige applikationer.<\/li>\n<li data-sourcepos=\"25:5-25:87\"><strong>\u00d8get p\u00e5lidelighed:<\/strong> Selvhelbredende mekanisme forbedrer p\u00e5lideligheden p\u00e5 lang sigt.<\/li>\n<li data-sourcepos=\"26:5-27:0\"><strong>Kompakt og let:<\/strong> Velegnet til applikationer med begr\u00e6nset plads.<\/li>\n<\/ul>\n<\/li>\n<\/ul>\n<p data-sourcepos=\"28:1-28:293\"><strong>For at opsummere:<\/strong> Metalliserede polypropylenfilmkondensatorer er en alsidig og p\u00e5lidelig komponent med en bred vifte af anvendelsesmuligheder i forskellige elektroniske systemer og kraftsystemer. Deres lave tab, h\u00f8je stabilitet og selvhelbredende egenskaber g\u00f8r dem til et foretrukket valg til mange kritiske anvendelser.<\/p>\n<p data-sourcepos=\"30:1-30:82\">","protected":false},"excerpt":{"rendered":"<table style=\"height: 493px;\" width=\"698\">\n<tbody>\n<tr>\n<td width=\"146\"><strong><b>Produkt<\/b><\/strong>\u00a0<strong><b>Navn:<\/b><\/strong><\/td>\n<td width=\"601\"><strong>Metalliseret polypropylen-filmkondensator<\/strong><\/td>\n<\/tr>\n<tr>\n<td width=\"146\">\n<h4><strong>Dielektrisk materiale:<\/strong><\/h4>\n<\/td>\n<td width=\"601\">Metalliseret polypropylenfilm<\/td>\n<\/tr>\n<tr>\n<td width=\"146\"><strong>Kapacitansomr\u00e5de:<\/strong><\/td>\n<td width=\"601\">50 Hz og\/eller 60 Hz<\/td>\n<\/tr>\n<tr>\n<td width=\"146\"><strong>Nominel sp\u00e6nding\uff1a.<\/strong><\/td>\n<td width=\"601\">\u00a0660 VAC<\/td>\n<\/tr>\n<tr>\n<td width=\"146\"><strong>Cap.tol:.<\/strong><\/td>\n<td width=\"601\">5%~+5%<\/td>\n<\/tr>\n<tr>\n<td width=\"146\"><strong>Maksimal omgivelsestemperatur:<\/strong><\/td>\n<td width=\"601\">\u00a0-40 \u2103 til +70 \u2103<\/td>\n<\/tr>\n<\/tbody>\n<\/table>","protected":false},"featured_media":1770,"comment_status":"open","ping_status":"closed","template":"","meta":[],"product_brand":[],"product_cat":[39],"product_tag":[],"class_list":{"0":"post-1767","1":"product","2":"type-product","3":"status-publish","4":"has-post-thumbnail","6":"product_cat-ac-filter-capacitor-1","8":"first","9":"instock","10":"shipping-taxable","11":"product-type-simple"},"_links":{"self":[{"href":"https:\/\/rf-capacitor.com\/da\/wp-json\/wp\/v2\/product\/1767","targetHints":{"allow":["GET"]}}],"collection":[{"href":"https:\/\/rf-capacitor.com\/da\/wp-json\/wp\/v2\/product"}],"about":[{"href":"https:\/\/rf-capacitor.com\/da\/wp-json\/wp\/v2\/types\/product"}],"replies":[{"embeddable":true,"href":"https:\/\/rf-capacitor.com\/da\/wp-json\/wp\/v2\/comments?post=1767"}],"wp:featuredmedia":[{"embeddable":true,"href":"https:\/\/rf-capacitor.com\/da\/wp-json\/wp\/v2\/media\/1770"}],"wp:attachment":[{"href":"https:\/\/rf-capacitor.com\/da\/wp-json\/wp\/v2\/media?parent=1767"}],"wp:term":[{"taxonomy":"product_brand","embeddable":true,"href":"https:\/\/rf-capacitor.com\/da\/wp-json\/wp\/v2\/product_brand?post=1767"},{"taxonomy":"product_cat","embeddable":true,"href":"https:\/\/rf-capacitor.com\/da\/wp-json\/wp\/v2\/product_cat?post=1767"},{"taxonomy":"product_tag","embeddable":true,"href":"https:\/\/rf-capacitor.com\/da\/wp-json\/wp\/v2\/product_tag?post=1767"}],"curies":[{"name":"wp","href":"https:\/\/api.w.org\/{rel}","templated":true}]}}