{"id":1715,"date":"2024-12-30T03:49:14","date_gmt":"2024-12-30T03:49:14","guid":{"rendered":"https:\/\/rf-capacitor.com\/?post_type=product&#038;p=1715"},"modified":"2024-12-30T03:49:14","modified_gmt":"2024-12-30T03:49:14","slug":"three-phase-ac-filter-capacitor","status":"publish","type":"product","link":"https:\/\/rf-capacitor.com\/da\/three-phase-ac-filter-capacitor\/","title":{"rendered":"Trefaset AC-filter Kondensator"},"content":{"rendered":"<h3 data-sourcepos=\"1:1-1:36\"><strong>Trefaset AC-filter Kondensator<\/strong><\/h3>\n<ul data-sourcepos=\"3:1-21:0\">\n<li data-sourcepos=\"3:1-3:147\">\n<p data-sourcepos=\"3:3-3:147\"><strong>Form\u00e5l:<\/strong> <span class=\"citation-0 recitation citation-end-0\">Specielt designet til trefasede vekselstr\u00f8mssystemer til at filtrere harmonisk forvr\u00e6ngning genereret af ikke-line\u00e6re belastninger.<\/span><span class=\"button-container hide-from-message-actions ng-star-inserted\">\u00a0<\/span><\/p>\n<div class=\"container ng-tns-c362440147-79 hide\">\n<div class=\"carousel-container ng-tns-c362440147-79\"><\/div>\n<\/div>\n<\/li>\n<li data-sourcepos=\"4:1-10:0\">\n<h3 data-sourcepos=\"4:3-4:26\"><strong>N\u00f8gleegenskaber Trefaset AC-filterkondensator:<\/strong><\/h3>\n<ul data-sourcepos=\"5:5-10:0\">\n<li data-sourcepos=\"5:5-5:151\"><strong>Trefaset konfiguration:<\/strong> Typisk forbundet i enten en delta- eller wye-konfiguration for effektivt at filtrere overtoner i trefasede systemer.<\/li>\n<li data-sourcepos=\"6:5-6:126\"><strong>H\u00f8j effekth\u00e5ndtering:<\/strong> <span class=\"citation-1 recitation citation-end-1\">Kan h\u00e5ndtere de h\u00f8je str\u00f8mme og sp\u00e6ndinger, der findes i trefasede systemer.<\/span><span class=\"button-container hide-from-message-actions ng-star-inserted\">\u00a0 \u00a0<\/span>\n<div class=\"container ng-tns-c362440147-80 hide\">\n<div class=\"carousel-container ng-tns-c362440147-80\"><\/div>\n<\/div>\n<\/li>\n<li data-sourcepos=\"7:5-7:78\"><strong>Lav impedans:<\/strong> <span class=\"citation-2 recitation citation-end-2\">Minim\u00e9r energitab under drift.<\/span><span class=\"button-container hide-from-message-actions ng-star-inserted\">\u00a0 \u00a0<\/span>\n<div class=\"container ng-tns-c362440147-81 hide\">\n<div class=\"carousel-container ng-tns-c362440147-81\"><\/div>\n<\/div>\n<\/li>\n<li data-sourcepos=\"8:5-8:158\"><strong>Robust konstruktion:<\/strong> Bygget til at modst\u00e5 kravene i trefasede elsystemer, herunder h\u00f8jere sp\u00e6ndinger og potentiale for h\u00f8jere fejlstr\u00f8mme.<\/li>\n<li data-sourcepos=\"9:5-10:0\"><strong>Selvhelbredelse:<\/strong> <span class=\"citation-3 recitation citation-end-3\">Indeholder ofte selvhelende mekanismer for at \u00f8ge p\u00e5lideligheden og forl\u00e6nge levetiden.<\/span><span class=\"button-container hide-from-message-actions ng-star-inserted\"> \u00a0<\/span>\n<div class=\"container ng-tns-c362440147-82 hide\">\n<div class=\"carousel-container ng-tns-c362440147-82\"><\/div>\n<\/div>\n<\/li>\n<\/ul>\n<\/li>\n<li data-sourcepos=\"11:1-15:0\">\n<h3 data-sourcepos=\"11:3-11:19\"><strong>Anvendelser Trefaset AC-filterkondensator:<\/strong><\/h3>\n<ul data-sourcepos=\"12:5-15:0\">\n<li data-sourcepos=\"12:5-12:158\"><strong>Industriel:<\/strong> <span class=\"citation-4 recitation citation-end-4\">Filtrering af overtoner genereret af frekvensomformere (VSD'er), effektelektroniske omformere og andet industrielt udstyr.<\/span><span class=\"button-container hide-from-message-actions ng-star-inserted\">\u00a0 \u00a0<\/span>\n<div class=\"container ng-tns-c362440147-83 hide\">\n<div class=\"carousel-container ng-tns-c362440147-83\"><\/div>\n<\/div>\n<\/li>\n<li data-sourcepos=\"13:5-13:140\"><strong><span class=\"citation-5 recitation\">Vedvarende energi:<\/span><\/strong><span class=\"citation-5 recitation citation-end-5\"> Filtrering af overtoner produceret af vindm\u00f8ller, solcelleinvertere og andre vedvarende energikilder.<\/span>\n<div class=\"container ng-tns-c362440147-84 hide\">\n<div class=\"carousel-container ng-tns-c362440147-84\"><\/div>\n<\/div>\n<\/li>\n<li data-sourcepos=\"14:5-15:0\"><strong>Transmission og distribution af str\u00f8m:<\/strong> Forbedring af str\u00f8mkvaliteten i trefasede transmissions- og distributionssystemer.<\/li>\n<\/ul>\n<\/li>\n<li data-sourcepos=\"16:1-21:0\">\n<h3 data-sourcepos=\"16:3-16:15\"><strong>Fordele:<\/strong><\/h3>\n<ul data-sourcepos=\"17:5-21:0\">\n<li data-sourcepos=\"17:5-17:127\"><strong>Forbedret str\u00f8mkvalitet:<\/strong> Reducerer harmonisk forvr\u00e6ngning betydeligt, hvilket f\u00f8rer til mere stabile og effektive elsystemer.<\/li>\n<li data-sourcepos=\"18:5-18:131\"><strong><span class=\"citation-6 recitation\">Reduceret energitab:<\/span><\/strong><span class=\"citation-6 recitation citation-end-6\"> Minimerer str\u00f8mtab i systemet, hvilket reducerer energiforbruget og driftsomkostningerne.<\/span><span class=\"button-container hide-from-message-actions ng-star-inserted\">\u00a0 \u00a0<\/span>\n<div class=\"container ng-tns-c362440147-85 hide\">\n<div class=\"carousel-container ng-tns-c362440147-85\"><\/div>\n<\/div>\n<\/li>\n<li data-sourcepos=\"19:5-19:105\"><strong>Forbedret levetid for udstyret:<\/strong> Beskyt f\u00f8lsomt udstyr mod de skadelige virkninger af overtoner.<\/li>\n<li data-sourcepos=\"20:5-21:0\"><strong>\u00d8get systemp\u00e5lidelighed:<\/strong> Forbedre den overordnede p\u00e5lidelighed og stabilitet i det trefasede elsystem.<\/li>\n<\/ul>\n<\/li>\n<\/ul>","protected":false},"excerpt":{"rendered":"<table style=\"height: 446px;\" width=\"714\">\n<tbody>\n<tr>\n<td width=\"146\"><strong><b>Produkt<\/b><\/strong>\u00a0<strong><b>Navn:<\/b><\/strong><\/td>\n<td width=\"601\"><strong>Trefaset AC-filter Kondensator<\/strong><\/td>\n<\/tr>\n<tr>\n<td width=\"146\">\n<h4><strong>Kort beskrivelse:<\/strong><\/h4>\n<\/td>\n<td width=\"601\">Metalaluminiumskal, flammeh\u00e6mmende (UL 94V-0) epoxyemballage med h\u00f8j str\u00f8m, stor kapacitet, lav ESL og lavt tab<\/td>\n<\/tr>\n<tr>\n<td width=\"146\"><strong>Kapacitansomr\u00e5de:<\/strong><\/td>\n<td width=\"601\">3\u2716\ufe0f20~3\u2716\ufe0f500UF<\/td>\n<\/tr>\n<tr>\n<td width=\"146\"><strong>Nominel sp\u00e6nding\uff1a.<\/strong><\/td>\n<td width=\"601\">220-1000vac<\/td>\n<\/tr>\n<tr>\n<td width=\"146\"><strong>Struktur:\u00a0<\/strong><\/td>\n<td width=\"601\">\u00a0T\u00f8r struktur af metalliseret film<\/td>\n<\/tr>\n<tr>\n<td width=\"146\"><strong>Kondensator Model:\u00a0<\/strong><\/td>\n<td width=\"601\">AKMJ-MC<\/td>\n<\/tr>\n<\/tbody>\n<\/table>","protected":false},"featured_media":1716,"comment_status":"open","ping_status":"closed","template":"","meta":[],"product_brand":[],"product_cat":[39],"product_tag":[],"class_list":{"0":"post-1715","1":"product","2":"type-product","3":"status-publish","4":"has-post-thumbnail","6":"product_cat-ac-filter-capacitor-1","8":"first","9":"instock","10":"shipping-taxable","11":"product-type-simple"},"_links":{"self":[{"href":"https:\/\/rf-capacitor.com\/da\/wp-json\/wp\/v2\/product\/1715","targetHints":{"allow":["GET"]}}],"collection":[{"href":"https:\/\/rf-capacitor.com\/da\/wp-json\/wp\/v2\/product"}],"about":[{"href":"https:\/\/rf-capacitor.com\/da\/wp-json\/wp\/v2\/types\/product"}],"replies":[{"embeddable":true,"href":"https:\/\/rf-capacitor.com\/da\/wp-json\/wp\/v2\/comments?post=1715"}],"wp:featuredmedia":[{"embeddable":true,"href":"https:\/\/rf-capacitor.com\/da\/wp-json\/wp\/v2\/media\/1716"}],"wp:attachment":[{"href":"https:\/\/rf-capacitor.com\/da\/wp-json\/wp\/v2\/media?parent=1715"}],"wp:term":[{"taxonomy":"product_brand","embeddable":true,"href":"https:\/\/rf-capacitor.com\/da\/wp-json\/wp\/v2\/product_brand?post=1715"},{"taxonomy":"product_cat","embeddable":true,"href":"https:\/\/rf-capacitor.com\/da\/wp-json\/wp\/v2\/product_cat?post=1715"},{"taxonomy":"product_tag","embeddable":true,"href":"https:\/\/rf-capacitor.com\/da\/wp-json\/wp\/v2\/product_tag?post=1715"}],"curies":[{"name":"wp","href":"https:\/\/api.w.org\/{rel}","templated":true}]}}