{"id":1709,"date":"2024-12-30T03:11:32","date_gmt":"2024-12-30T03:11:32","guid":{"rendered":"https:\/\/rf-capacitor.com\/?post_type=product&#038;p=1709"},"modified":"2024-12-30T03:11:32","modified_gmt":"2024-12-30T03:11:32","slug":"power-factor-correction-film-capacitors","status":"publish","type":"product","link":"https:\/\/rf-capacitor.com\/da\/power-factor-correction-film-capacitors\/","title":{"rendered":"Filmkondensatorer til effektfaktorkorrektion"},"content":{"rendered":"<h3 data-sourcepos=\"1:1-1:49\"><strong>Filmkondensatorer til effektfaktorkorrektion<\/strong><\/h3>\n<ul data-sourcepos=\"3:1-13:0\">\n<li data-sourcepos=\"3:1-3:94\">\n<p data-sourcepos=\"3:3-3:94\"><strong><span class=\"citation-0 recitation\">Form\u00e5l:<\/span><\/strong><span class=\"citation-0 recitation citation-end-0\"> Bruges prim\u00e6rt til at forbedre effektfaktoren i elektriske systemer.<\/span><span class=\"button-container hide-from-message-actions ng-star-inserted\">\u00a0<\/span><\/p>\n<div class=\"container ng-tns-c362440147-42 hide\">\n<div class=\"carousel-container ng-tns-c362440147-42\"><\/div>\n<\/div>\n<\/li>\n<li data-sourcepos=\"4:1-11:0\">\n<p data-sourcepos=\"4:3-4:21\"><strong>Hvordan de virker:<\/strong><\/p>\n<ul data-sourcepos=\"5:5-11:0\">\n<li data-sourcepos=\"5:5-5:174\"><strong>Reaktiv effekt:<\/strong> <span class=\"citation-1 recitation citation-end-1\">Induktive belastninger (som motorer og transformatorer) tr\u00e6kker reaktiv effekt, som ikke bidrager til nyttigt arbejde, men \u00f8ger str\u00f8mgennemstr\u00f8mningen.<\/span><span class=\"button-container hide-from-message-actions ng-star-inserted\"> \u00a0<\/span>\n<div class=\"container ng-tns-c362440147-43 hide\">\n<div class=\"carousel-container ng-tns-c362440147-43\"><\/div>\n<\/div>\n<\/li>\n<li data-sourcepos=\"6:5-6:124\"><strong><span class=\"citation-2 recitation\">Kondensatorer:<\/span><\/strong><span class=\"citation-2 recitation citation-end-2\"> Leverer ledende reaktiv effekt, som udligner belastningens forsinkede reaktive effekt.<\/span><span class=\"button-container hide-from-message-actions ng-star-inserted\"> \u00a0<\/span>\n<div class=\"container ng-tns-c362440147-44 hide\">\n<div class=\"carousel-container ng-tns-c362440147-44\"><\/div>\n<\/div>\n<\/li>\n<li data-sourcepos=\"7:5-11:0\"><strong>Forbedret effektfaktor:<\/strong> Ved at tilf\u00f8je PFC-kondensatorer \u00f8ges systemets samlede effektfaktor, hvilket resulterer i:\n<ul data-sourcepos=\"8:9-11:0\">\n<li data-sourcepos=\"8:9-8:65\">Reduceret str\u00f8mgennemgang for samme m\u00e6ngde reel effekt.<\/li>\n<li data-sourcepos=\"9:9-9:57\"><span class=\"citation-3 recitation citation-end-3\">Lavere energitab i systemet.<\/span><span class=\"button-container hide-from-message-actions ng-star-inserted\"> \u00a0<\/span>\n<div class=\"container ng-tns-c362440147-45 hide\">\n<div class=\"carousel-container ng-tns-c362440147-45\"><\/div>\n<\/div>\n<\/li>\n<li data-sourcepos=\"10:9-11:0\"><span class=\"citation-4 recitation citation-end-4\">Forbedret sp\u00e6ndingsstabilitet.<\/span><span class=\"button-container hide-from-message-actions ng-star-inserted\">\u00a0 \u00a0<\/span><\/li>\n<li data-sourcepos=\"10:9-11:0\"><strong>Konstruktion:<\/strong> Ligner almindelige AC-filterkondensatorer, der typisk bruger metalliseret polypropylenfilm som dielektrikum.<\/li>\n<\/ul>\n<\/li>\n<\/ul>\n<\/li>\n<\/ul>\n<h3 data-sourcepos=\"14:1-14:17\"><strong>N\u00f8glefunktioner Power Factor Correction Film Capacitors :<\/strong><\/h3>\n<ul data-sourcepos=\"16:1-20:0\">\n<li data-sourcepos=\"16:1-16:86\"><strong>H\u00f8j kapacitetst\u00e6thed:<\/strong> Kan opn\u00e5 h\u00f8je kapacitansv\u00e6rdier i en kompakt st\u00f8rrelse.<\/li>\n<li data-sourcepos=\"17:1-17:60\"><strong>Lavt tab:<\/strong> Minimalt energispild under drift.<\/li>\n<li data-sourcepos=\"18:1-18:80\"><strong>Selvhelbredelse:<\/strong> <span class=\"citation-5 recitation citation-end-5\">\u00d8ger p\u00e5lideligheden og forl\u00e6nger levetiden.<\/span><span class=\"button-container hide-from-message-actions ng-star-inserted\"> \u00a0<\/span>\n<div class=\"container ng-tns-c362440147-47 hide\">\n<div class=\"carousel-container ng-tns-c362440147-47\"><\/div>\n<\/div>\n<\/li>\n<li data-sourcepos=\"19:1-20:0\"><strong>Lang levetid:<\/strong> Designet til kontinuerlig drift i elsystemer.<\/li>\n<\/ul>\n<h3 data-sourcepos=\"21:1-21:17\"><strong>Anvendelser Power Factor Correction Film Capacitors :<\/strong><\/h3>\n<ul data-sourcepos=\"23:1-26:0\">\n<li data-sourcepos=\"23:1-23:147\"><strong><span class=\"citation-6 recitation\">Industriel:<\/span><\/strong><span class=\"citation-6 recitation citation-end-6\"> Udbredt i industrianl\u00e6g til at forbedre effektfaktoren for motorer, transformatorer og andre induktive belastninger.<\/span><span class=\"button-container hide-from-message-actions ng-star-inserted\">\u00a0<\/span>\n<div class=\"container ng-tns-c362440147-48 hide\">\n<div class=\"carousel-container ng-tns-c362440147-48\"><\/div>\n<\/div>\n<\/li>\n<li data-sourcepos=\"24:1-24:113\"><strong>Kommerciel:<\/strong> <span class=\"citation-7 recitation citation-end-7\">Bruges i erhvervsbygninger til at reducere energiomkostninger og forbedre systemets effektivitet.<\/span><span class=\"button-container hide-from-message-actions ng-star-inserted\">\u00a0 \u00a0<\/span>\n<div class=\"container ng-tns-c362440147-49 hide\">\n<div class=\"carousel-container ng-tns-c362440147-49\"><\/div>\n<\/div>\n<\/li>\n<li data-sourcepos=\"25:1-26:0\"><strong><span class=\"citation-8 recitation\">Hj\u00e6lpeprogrammer:<\/span><\/strong><span class=\"citation-8 recitation citation-end-8\"> Anvendes af elselskaber til at forbedre den generelle str\u00f8mkvalitet i nettet.<\/span><span class=\"button-container hide-from-message-actions ng-star-inserted\">\u00a0<\/span>\n<div class=\"container ng-tns-c362440147-50 hide\">\n<div class=\"carousel-container ng-tns-c362440147-50\"><\/div>\n<\/div>\n<\/li>\n<\/ul>\n<h3 data-sourcepos=\"27:1-27:13\"><strong>Fordele:<\/strong><\/h3>\n<ul data-sourcepos=\"29:1-34:0\">\n<li data-sourcepos=\"29:1-29:117\"><strong>Reducerede energiomkostninger:<\/strong> Lavere str\u00f8mforbrug f\u00f8rer til mindre energitab i transmissions- og distributionslinjer.<\/li>\n<li data-sourcepos=\"30:1-30:126\"><strong>Forbedret systemeffektivitet:<\/strong> <span class=\"citation-9 recitation citation-end-9\">\u00d8get effektfaktor forbedrer det elektriske udstyrs samlede effektivitet.<\/span><span class=\"button-container hide-from-message-actions ng-star-inserted\">\u00a0 \u00a0<\/span>\n<div class=\"container ng-tns-c362440147-51 hide\">\n<div class=\"carousel-container ng-tns-c362440147-51\"><\/div>\n<\/div>\n<\/li>\n<li data-sourcepos=\"31:1-31:131\"><strong>\u00d8get systemkapacitet:<\/strong> <span class=\"citation-10 recitation citation-end-10\">Lavere str\u00f8m giver mulighed for at \u00f8ge str\u00f8mforsyningen uden at opgradere infrastrukturen.<\/span><span class=\"button-container hide-from-message-actions ng-star-inserted\"> \u00a0<\/span>\n<div class=\"container ng-tns-c362440147-52 hide\">\n<div class=\"carousel-container ng-tns-c362440147-52\"><\/div>\n<\/div>\n<\/li>\n<li data-sourcepos=\"32:1-32:93\"><strong>Forbedret sp\u00e6ndingsstabilitet:<\/strong> Reducerede sp\u00e6ndingsudsving og forbedret systemstabilitet.<\/li>\n<li data-sourcepos=\"33:1-34:0\"><strong>Mindre slid p\u00e5 udstyret:<\/strong> Lavere str\u00f8m reducerer belastningen p\u00e5 det elektriske udstyr og forl\u00e6nger dets levetid.<\/li>\n<\/ul>","protected":false},"excerpt":{"rendered":"<table style=\"height: 506px;\" width=\"694\">\n<tbody>\n<tr>\n<td width=\"146\"><strong><b>Produkt<\/b><\/strong>\u00a0<strong><b>Navn:<\/b><\/strong><\/td>\n<td width=\"601\"><strong>Filmkondensatorer til effektfaktorkorrektion<\/strong><\/td>\n<\/tr>\n<tr>\n<td width=\"146\">\n<h4><strong>Kort beskrivelse:<\/strong><\/h4>\n<\/td>\n<td width=\"601\">&nbsp;<\/p>\n<p>CRE udviklede dette AC-filter af t\u00f8rfilmstypen, som l\u00f8ste problemet med fejl i konventionelle AC-filtre.<\/td>\n<\/tr>\n<tr>\n<td width=\"146\"><strong>Kapacitansomr\u00e5de:<\/strong><\/td>\n<td width=\"601\">\u00a03*200\u03bcF\u00b15%<\/td>\n<\/tr>\n<tr>\n<td width=\"146\"><strong>Nominel sp\u00e6nding\uff1a.<\/strong><\/td>\n<td width=\"601\">450V.AC SH<\/td>\n<\/tr>\n<tr>\n<td width=\"146\"><strong>Cap.tol:.<\/strong><\/td>\n<td width=\"601\">\u00a0\u00b15%\uff08J\uff09\uff1b\u00b110%\uff08K\uff09<\/td>\n<\/tr>\n<tr>\n<td width=\"146\"><strong>Kondensator Model:\u00a0<\/strong><\/td>\n<td width=\"601\">DMJ-PS-serien<\/td>\n<\/tr>\n<\/tbody>\n<\/table>","protected":false},"featured_media":1710,"comment_status":"open","ping_status":"closed","template":"","meta":[],"product_brand":[],"product_cat":[39],"product_tag":[],"class_list":{"0":"post-1709","1":"product","2":"type-product","3":"status-publish","4":"has-post-thumbnail","6":"product_cat-ac-filter-capacitor-1","8":"first","9":"instock","10":"shipping-taxable","11":"product-type-simple"},"_links":{"self":[{"href":"https:\/\/rf-capacitor.com\/da\/wp-json\/wp\/v2\/product\/1709","targetHints":{"allow":["GET"]}}],"collection":[{"href":"https:\/\/rf-capacitor.com\/da\/wp-json\/wp\/v2\/product"}],"about":[{"href":"https:\/\/rf-capacitor.com\/da\/wp-json\/wp\/v2\/types\/product"}],"replies":[{"embeddable":true,"href":"https:\/\/rf-capacitor.com\/da\/wp-json\/wp\/v2\/comments?post=1709"}],"wp:featuredmedia":[{"embeddable":true,"href":"https:\/\/rf-capacitor.com\/da\/wp-json\/wp\/v2\/media\/1710"}],"wp:attachment":[{"href":"https:\/\/rf-capacitor.com\/da\/wp-json\/wp\/v2\/media?parent=1709"}],"wp:term":[{"taxonomy":"product_brand","embeddable":true,"href":"https:\/\/rf-capacitor.com\/da\/wp-json\/wp\/v2\/product_brand?post=1709"},{"taxonomy":"product_cat","embeddable":true,"href":"https:\/\/rf-capacitor.com\/da\/wp-json\/wp\/v2\/product_cat?post=1709"},{"taxonomy":"product_tag","embeddable":true,"href":"https:\/\/rf-capacitor.com\/da\/wp-json\/wp\/v2\/product_tag?post=1709"}],"curies":[{"name":"wp","href":"https:\/\/api.w.org\/{rel}","templated":true}]}}