{"id":1705,"date":"2024-12-30T02:28:37","date_gmt":"2024-12-30T02:28:37","guid":{"rendered":"https:\/\/rf-capacitor.com\/?post_type=product&#038;p=1705"},"modified":"2024-12-30T02:28:37","modified_gmt":"2024-12-30T02:28:37","slug":"ac-filter-metalized-film-capacitor","status":"publish","type":"product","link":"https:\/\/rf-capacitor.com\/da\/ac-filter-metalized-film-capacitor\/","title":{"rendered":"AC-filter med metalliseret filmkondensator"},"content":{"rendered":"<h3 data-sourcepos=\"1:1-1:40\"><strong>AC-filter med metalliseret filmkondensator<\/strong><\/h3>\n<h3 data-sourcepos=\"3:1-3:18\"><strong>Hvad er AC Filter Metalized Film Capacitor?<\/strong><\/h3>\n<ul data-sourcepos=\"5:1-10:0\">\n<li data-sourcepos=\"5:1-5:121\"><strong><span class=\"citation-0 recitation\">Form\u00e5l:<\/span><\/strong><span class=\"citation-0 recitation citation-end-0\"> Bruges prim\u00e6rt til at filtrere u\u00f8nskede overtoner (forvr\u00e6ngede frekvenser) i vekselstr\u00f8mssystemer.<\/span><span class=\"button-container hide-from-message-actions ng-star-inserted\"> \u00a0<\/span>\n<div class=\"container ng-tns-c362440147-19 hide\">\n<div class=\"carousel-container ng-tns-c362440147-19\"><\/div>\n<\/div>\n<\/li>\n<li data-sourcepos=\"6:1-10:0\"><strong>Konstruktion:<\/strong>\n<ul data-sourcepos=\"7:5-10:0\">\n<li data-sourcepos=\"7:5-7:90\"><strong>Dielektrisk:<\/strong> <span class=\"citation-1 recitation citation-end-1\">Fremstillet af tynde lag metalliseret polypropylenfilm.<\/span><span class=\"button-container hide-from-message-actions ng-star-inserted\">\u00a0<\/span>\n<div class=\"container ng-tns-c362440147-20 hide\">\n<div class=\"carousel-container ng-tns-c362440147-20\"><\/div>\n<\/div>\n<\/li>\n<li data-sourcepos=\"8:5-8:135\"><strong><span class=\"citation-2 recitation\">Metallisering:<\/span><\/strong><span class=\"citation-2 recitation citation-end-2\"> Et tyndt lag metal (normalt aluminium) deponeres p\u00e5 filmen og skaber et ledende lag.<\/span><span class=\"button-container hide-from-message-actions ng-star-inserted\"> \u00a0<\/span>\n<div class=\"container ng-tns-c362440147-21 hide\">\n<div class=\"carousel-container ng-tns-c362440147-21\"><\/div>\n<\/div>\n<\/li>\n<li data-sourcepos=\"9:5-10:0\"><strong>Selvhelbredelse:<\/strong> Hvis der opst\u00e5r en lokal kortslutning, fordamper metalliseringen omkring fejlen, hvilket isolerer omr\u00e5det og g\u00f8r det muligt for kondensatoren at forts\u00e6tte med at fungere.<\/li>\n<\/ul>\n<\/li>\n<\/ul>\n<h3 data-sourcepos=\"11:1-11:17\"><strong>N\u00f8glefunktioner AC-filter med metalliseret filmkondensator:<\/strong><\/h3>\n<ul data-sourcepos=\"13:1-22:0\">\n<li data-sourcepos=\"13:1-13:99\"><strong><span class=\"citation-3 recitation\">H\u00f8j kapacitetst\u00e6thed:<\/span><\/strong><span class=\"citation-3 recitation citation-end-3\"> Kan opn\u00e5 h\u00f8je kapacitansv\u00e6rdier i en kompakt st\u00f8rrelse.<\/span><span class=\"button-container hide-from-message-actions ng-star-inserted\">\u00a0<\/span>\n<div class=\"container ng-tns-c362440147-22 hide\">\n<div class=\"carousel-container ng-tns-c362440147-22\"><\/div>\n<\/div>\n<\/li>\n<li data-sourcepos=\"14:1-14:73\"><strong><span class=\"citation-4 recitation\">Lavt tab:<\/span><\/strong><span class=\"citation-4 recitation citation-end-4\"> Minimalt energispild under drift.<\/span><span class=\"button-container hide-from-message-actions ng-star-inserted\">\u00a0 \u00a0<\/span>\n<div class=\"container ng-tns-c362440147-23 hide\">\n<div class=\"carousel-container ng-tns-c362440147-23\"><\/div>\n<\/div>\n<\/li>\n<li data-sourcepos=\"15:1-15:80\"><strong>Selvhelbredelse:<\/strong> <span class=\"citation-5 recitation citation-end-5\">\u00d8ger p\u00e5lideligheden og forl\u00e6nger levetiden.<\/span><span class=\"button-container hide-from-message-actions ng-star-inserted\">\u00a0 \u00a0<\/span>\n<div class=\"container ng-tns-c362440147-24 hide\">\n<div class=\"carousel-container ng-tns-c362440147-24\"><\/div>\n<\/div>\n<\/li>\n<li data-sourcepos=\"16:1-16:83\"><strong><span class=\"citation-6 recitation\">H\u00f8j spidsstr\u00f8mskapacitet:<\/span><\/strong><span class=\"citation-6 recitation citation-end-6\"> Kan modst\u00e5 h\u00f8je str\u00f8mst\u00f8d.<\/span><span class=\"button-container hide-from-message-actions ng-star-inserted\"> \u00a0<\/span>\n<div class=\"container ng-tns-c362440147-25 hide\">\n<div class=\"carousel-container ng-tns-c362440147-25\"><\/div>\n<\/div>\n<\/li>\n<li data-sourcepos=\"17:1-22:0\"><strong>Bred vifte af anvendelsesmuligheder:<\/strong> Velegnet til forskellige anvendelser, herunder:\n<ul data-sourcepos=\"18:5-22:0\">\n<li data-sourcepos=\"18:5-18:80\"><strong>Inverter-systemer:<\/strong> Udj\u00e6vner udgangsb\u00f8lgeformer og forbedrer effektiviteten.<\/li>\n<li data-sourcepos=\"19:5-19:91\"><strong><span class=\"citation-7 recitation\">Motordrev:<\/span><\/strong><span class=\"citation-7 recitation citation-end-7\"> Reduktion af harmoniske svingninger genereret af frekvensomformere.<\/span>\n<div class=\"container ng-tns-c362440147-26 hide\">\n<div class=\"carousel-container ng-tns-c362440147-26\"><\/div>\n<\/div>\n<\/li>\n<li data-sourcepos=\"20:5-20:67\"><strong><span class=\"citation-8 recitation\">Batteriopladere:<\/span><\/strong><span class=\"citation-8 recitation citation-end-8\"> Filtrering af krusningsstr\u00f8mme.<\/span><span class=\"button-container hide-from-message-actions ng-star-inserted\"> \u00a0<\/span>\n<div class=\"container ng-tns-c362440147-27 hide\">\n<div class=\"carousel-container ng-tns-c362440147-27\"><\/div>\n<\/div>\n<\/li>\n<li data-sourcepos=\"21:5-22:0\"><strong><span class=\"citation-9 recitation\">Effektfaktorkorrektion (PFC):<\/span><\/strong><span class=\"citation-9 recitation citation-end-9\"> Forbedring af str\u00f8mkvaliteten.<\/span><span class=\"button-container hide-from-message-actions ng-star-inserted\"> \u00a0<\/span>\n<div class=\"container ng-tns-c362440147-28 hide\">\n<div class=\"carousel-container ng-tns-c362440147-28\">\n<div class=\"carousel-content ng-tns-c362440147-28\">\n<div class=\"sources-carousel-source ng-tns-c362440147-28 hide ng-star-inserted\" data-test-id=\"sources-carousel-source\"><\/div>\n<\/div>\n<\/div>\n<\/div>\n<\/li>\n<\/ul>\n<\/li>\n<\/ul>\n<h3 data-sourcepos=\"23:1-23:17\"><strong>Anvendelser AC Filter Metalized Film Capacitor:<\/strong><\/h3>\n<ul data-sourcepos=\"25:1-29:0\">\n<li data-sourcepos=\"25:1-25:99\"><strong><span class=\"citation-10 recitation\">Industriel:<\/span><\/strong><span class=\"citation-10 recitation citation-end-10\"> Effektfaktorkorrektion, harmonisk filtrering i industrielt udstyr.<\/span><span class=\"button-container hide-from-message-actions ng-star-inserted\"> \u00a0<\/span>\n<div class=\"container ng-tns-c362440147-29 hide\">\n<div class=\"carousel-container ng-tns-c362440147-29\"><\/div>\n<\/div>\n<\/li>\n<li data-sourcepos=\"26:1-26:91\"><strong><span class=\"citation-11 recitation\">Vedvarende energi:<\/span><\/strong><span class=\"citation-11 recitation citation-end-11\"> Filtrering af overtoner i vind- og solenergisystemer,<\/span>\n<div class=\"container ng-tns-c362440147-30 hide\">\n<div class=\"carousel-container ng-tns-c362440147-30\"><\/div>\n<\/div>\n<\/li>\n<li data-sourcepos=\"27:1-27:90\"><strong>Biler:<\/strong> <span class=\"citation-12 recitation citation-end-12\">Udj\u00e6vning af sp\u00e6ndingsudsving i elektroniske systemer.<\/span><span class=\"button-container hide-from-message-actions ng-star-inserted\">\u00a0 \u00a0<\/span>\n<div class=\"container ng-tns-c362440147-31 hide\">\n<div class=\"carousel-container ng-tns-c362440147-31\"><\/div>\n<\/div>\n<\/li>\n<li data-sourcepos=\"28:1-29:0\"><strong><span class=\"citation-13 recitation\">Forbrugerelektronik:<\/span><\/strong><span class=\"citation-13 recitation citation-end-13\"> Forbedring af lyd- og videoudstyrets ydeevne.<\/span><span class=\"button-container hide-from-message-actions ng-star-inserted\"> \u00a0<\/span>\n<div class=\"container ng-tns-c362440147-32 hide\">\n<div class=\"carousel-container ng-tns-c362440147-32\"><\/div>\n<\/div>\n<\/li>\n<\/ul>\n<h3 data-sourcepos=\"30:1-30:13\"><strong>Fordele:<\/strong><\/h3>\n<ul data-sourcepos=\"32:1-36:0\">\n<li data-sourcepos=\"32:1-32:125\"><strong><span class=\"citation-14 recitation\">Forbedret str\u00f8mkvalitet:<\/span><\/strong><span class=\"citation-14 recitation citation-end-14\"> Reducerer harmonisk forvr\u00e6ngning, hvilket f\u00f8rer til mere stabile og effektive elsystemer.<\/span>\n<div class=\"container ng-tns-c362440147-33 hide\">\n<div class=\"carousel-container ng-tns-c362440147-33\"><\/div>\n<\/div>\n<\/li>\n<li data-sourcepos=\"33:1-33:105\"><strong><span class=\"citation-15 recitation\">Reduceret energiforbrug:<\/span><\/strong><span class=\"citation-15 recitation citation-end-15\"> Ved at s\u00e6nke den harmoniske forvr\u00e6ngning kan man mindske energitabet.<\/span><span class=\"button-container hide-from-message-actions ng-star-inserted\"> \u00a0<\/span>\n<div class=\"container ng-tns-c362440147-34 hide\">\n<div class=\"carousel-container ng-tns-c362440147-34\"><\/div>\n<\/div>\n<\/li>\n<li data-sourcepos=\"34:1-34:92\"><strong>Forl\u00e6nget levetid for udstyret:<\/strong> Beskyttelse af f\u00f8lsomt udstyr mod virkningerne af overtoner.<\/li>\n<li data-sourcepos=\"35:1-36:0\"><strong>Forbedret systemp\u00e5lidelighed:<\/strong> <span class=\"citation-16 recitation citation-end-16\">Selvhelbredende egenskaber forbedrer kondensatorernes p\u00e5lidelighed p\u00e5 lang sigt.<\/span><span class=\"button-container hide-from-message-actions ng-star-inserted\"> \u00a0 <\/span><\/li>\n<\/ul>","protected":false},"excerpt":{"rendered":"<table style=\"height: 406px;\" width=\"696\">\n<tbody>\n<tr>\n<td width=\"146\"><strong>Produktnavn:<\/strong><\/td>\n<td width=\"601\"><strong>AC-filter med metalliseret filmkondensator<\/strong><\/td>\n<\/tr>\n<tr>\n<td width=\"146\">\n<h4><strong>Pakke:<\/strong><\/h4>\n<\/td>\n<td width=\"601\">Metal-aluminiumskal, flammeh\u00e6mmende (UL 94V-0) epoxy-pakke med h\u00f8j str\u00f8mstyrke<\/td>\n<\/tr>\n<tr>\n<td width=\"146\"><strong>Elektrisk kapacitet:<\/strong><\/td>\n<td width=\"601\">3\u2716\ufe0f20~3\u2716\ufe0f500UF<\/td>\n<\/tr>\n<tr>\n<td width=\"146\"><strong>Nominel sp\u00e6nding\uff1a.<\/strong><\/td>\n<td width=\"601\">220-1000vac<\/td>\n<\/tr>\n<tr>\n<td width=\"146\"><strong>Dielektrisk:\u00a0<\/strong><\/td>\n<td width=\"601\">Polypropylen-film<\/td>\n<\/tr>\n<tr>\n<td width=\"146\"><strong>Struktur:<\/strong><\/td>\n<td width=\"601\">T\u00f8r struktur af metalliseret film<\/td>\n<\/tr>\n<\/tbody>\n<\/table>","protected":false},"featured_media":1706,"comment_status":"open","ping_status":"closed","template":"","meta":[],"product_brand":[],"product_cat":[39],"product_tag":[],"class_list":{"0":"post-1705","1":"product","2":"type-product","3":"status-publish","4":"has-post-thumbnail","6":"product_cat-ac-filter-capacitor-1","8":"first","9":"instock","10":"shipping-taxable","11":"product-type-simple"},"_links":{"self":[{"href":"https:\/\/rf-capacitor.com\/da\/wp-json\/wp\/v2\/product\/1705","targetHints":{"allow":["GET"]}}],"collection":[{"href":"https:\/\/rf-capacitor.com\/da\/wp-json\/wp\/v2\/product"}],"about":[{"href":"https:\/\/rf-capacitor.com\/da\/wp-json\/wp\/v2\/types\/product"}],"replies":[{"embeddable":true,"href":"https:\/\/rf-capacitor.com\/da\/wp-json\/wp\/v2\/comments?post=1705"}],"wp:featuredmedia":[{"embeddable":true,"href":"https:\/\/rf-capacitor.com\/da\/wp-json\/wp\/v2\/media\/1706"}],"wp:attachment":[{"href":"https:\/\/rf-capacitor.com\/da\/wp-json\/wp\/v2\/media?parent=1705"}],"wp:term":[{"taxonomy":"product_brand","embeddable":true,"href":"https:\/\/rf-capacitor.com\/da\/wp-json\/wp\/v2\/product_brand?post=1705"},{"taxonomy":"product_cat","embeddable":true,"href":"https:\/\/rf-capacitor.com\/da\/wp-json\/wp\/v2\/product_cat?post=1705"},{"taxonomy":"product_tag","embeddable":true,"href":"https:\/\/rf-capacitor.com\/da\/wp-json\/wp\/v2\/product_tag?post=1705"}],"curies":[{"name":"wp","href":"https:\/\/api.w.org\/{rel}","templated":true}]}}