{"id":1702,"date":"2024-12-30T01:56:26","date_gmt":"2024-12-30T01:56:26","guid":{"rendered":"https:\/\/rf-capacitor.com\/?post_type=product&#038;p=1702"},"modified":"2024-12-30T01:56:26","modified_gmt":"2024-12-30T01:56:26","slug":"ac-power-capacitor","status":"publish","type":"product","link":"https:\/\/rf-capacitor.com\/da\/ac-power-capacitor\/","title":{"rendered":"AC-str\u00f8mkondensator"},"content":{"rendered":"<h3 data-sourcepos=\"1:1-1:33\"><strong>Kondensatorer til vekselstr\u00f8m: En grundbog<\/strong><\/h3>\n<p data-sourcepos=\"3:1-3:275\">En vekselstr\u00f8mskondensator er en specialiseret type kondensator, der er designet til at blive brugt i elektriske systemer med vekselstr\u00f8m (AC). De anvendes prim\u00e6rt til <strong>Effektfaktorkorrektion<\/strong>en teknik, der har til form\u00e5l at forbedre elnettets effektivitet og stabilitet.<\/p>\n<h3 data-sourcepos=\"3:1-3:275\"><strong>Hvordan de virker<\/strong><\/h3>\n<ul data-sourcepos=\"7:1-10:0\">\n<li data-sourcepos=\"7:1-7:211\"><strong>Kapacitiv reaktans:<\/strong> Kondensatorer har en egenskab, der kaldes kapacitiv reaktans, som mods\u00e6tter sig str\u00f8mmen af vekselstr\u00f8m. Denne reaktans er omvendt proportional med frekvensen af AC-signalet.<\/li>\n<li data-sourcepos=\"7:1-7:211\"><strong>Ledende str\u00f8m:<\/strong> N\u00e5r en kondensator er tilsluttet et vekselstr\u00f8mskredsl\u00f8b, tr\u00e6kker den en ledende str\u00f8m, hvilket betyder, at str\u00f8mb\u00f8lgeformen er 90 grader foran sp\u00e6ndingsb\u00f8lgeformen.<\/li>\n<li data-sourcepos=\"9:1-10:0\"><strong>Effektfaktorkorrektion:<\/strong> I mange industrielle og kommercielle applikationer er de elektriske belastninger prim\u00e6rt induktive (f.eks. motorer, transformatorer). Induktive belastninger f\u00e5r str\u00f8mmen til at sakke bagud i forhold til sp\u00e6ndingen, hvilket resulterer i en d\u00e5rlig effektfaktor. Ved at indf\u00f8re kapacitiv reaktans i systemet kan vekselstr\u00f8mskondensatorer udligne den forsinkede str\u00f8m og bringe effektfaktoren t\u00e6ttere p\u00e5 enhed (1).<\/li>\n<\/ul>\n<h3 data-sourcepos=\"11:1-11:41\"><strong>Fordele ved at bruge vekselstr\u00f8mskondensatorer<\/strong><\/h3>\n<ul data-sourcepos=\"13:1-17:0\">\n<li data-sourcepos=\"13:1-13:195\"><strong>Reduceret str\u00f8mtab:<\/strong> En lavere effektfaktor f\u00f8rer til \u00f8get effekttab i det elektriske system. Effektfaktorkorrektion minimerer disse tab, hvilket resulterer i betydelige energibesparelser.<\/li>\n<li data-sourcepos=\"14:1-14:140\"><strong>Forbedret sp\u00e6ndingsregulering:<\/strong> Ved at reducere str\u00f8mudsving hj\u00e6lper kondensatorer med at opretholde et mere stabilt sp\u00e6ndingsniveau i hele systemet.<\/li>\n<li data-sourcepos=\"15:1-15:140\"><strong>\u00d8get systemkapacitet:<\/strong> En h\u00f8jere effektfaktor g\u00f8r det muligt at overf\u00f8re mere str\u00f8m gennem den eksisterende elektriske infrastruktur.<\/li>\n<li data-sourcepos=\"15:1-15:140\"><strong>Reduceret stress p\u00e5 udstyret:<\/strong> Forbedret str\u00f8mkvalitet reducerer belastningen p\u00e5 elektrisk udstyr og forl\u00e6nger dets levetid.<\/li>\n<\/ul>\n<h3 data-sourcepos=\"18:1-18:16\"><strong>Anvendelser<\/strong><\/h3>\n<p data-sourcepos=\"20:1-20:71\">Vekselstr\u00f8mskondensatorer er meget udbredte i forskellige sammenh\u00e6nge, blandt andet:<\/p>\n<ul data-sourcepos=\"22:1-25:0\">\n<li data-sourcepos=\"22:1-22:121\"><strong>Industrielle faciliteter:<\/strong> Fabrikker, produktionsanl\u00e6g og andre industriomr\u00e5der har ofte h\u00f8je induktive belastninger.<\/li>\n<li data-sourcepos=\"23:1-23:132\"><strong>Kommercielle bygninger:<\/strong> Store erhvervsbygninger med stort elforbrug kan drage fordel af effektfaktorkorrektion.<\/li>\n<li data-sourcepos=\"24:1-25:0\"><strong>Forsyningsstationer:<\/strong> Elselskaber bruger kondensatorer p\u00e5 transformerstationer for at forbedre den overordnede str\u00f8mkvalitet i nettet.<\/li>\n<\/ul>\n<h3 data-sourcepos=\"26:1-26:22\"><strong>Vigtige overvejelser<\/strong><\/h3>\n<ul data-sourcepos=\"28:1-31:0\">\n<li data-sourcepos=\"28:1-28:191\"><strong>Kondensatorens rating:<\/strong> At v\u00e6lge den rette kondensatorst\u00f8rrelse er afg\u00f8rende for en effektiv effektfaktorkorrektion. Faktorer som systemets sp\u00e6nding, str\u00f8m og frekvens skal tages i betragtning.<\/li>\n<li data-sourcepos=\"29:1-29:135\"><strong>Sikkerhed:<\/strong> Korrekt installation og vedligeholdelse af vekselstr\u00f8mskondensatorer er afg\u00f8rende for at garantere sikkerheden og forhindre elektriske farer.<\/li>\n<li data-sourcepos=\"30:1-31:0\"><strong>Overtoner:<\/strong> I nogle tilf\u00e6lde kan kondensatorer introducere harmonisk forvr\u00e6ngning i det elektriske system. Omhyggeligt design og filtrering kan afhj\u00e6lpe dette problem.<\/li>\n<\/ul>","protected":false},"excerpt":{"rendered":"<table style=\"height: 493px;\" width=\"923\">\n<tbody>\n<tr>\n<td width=\"146\"><strong><b>Produkt<\/b><\/strong>\u00a0<strong><b>Navn:<\/b><\/strong><\/td>\n<td width=\"601\">AC-str\u00f8mkondensator<\/td>\n<\/tr>\n<tr>\n<td width=\"146\">\n<h4><strong>Anvendelse:\u00a0<\/strong><\/h4>\n<\/td>\n<td width=\"601\">Generelle form\u00e5l, str\u00f8m, h\u00f8jsp\u00e6nding, UPS<\/td>\n<\/tr>\n<tr>\n<td width=\"146\"><strong>Kapacitansomr\u00e5de:<\/strong><\/td>\n<td width=\"601\">\u00a00,33UF~60UF<\/td>\n<\/tr>\n<tr>\n<td width=\"146\"><strong>Referencestandard:<\/strong><\/td>\n<td width=\"601\">IEC61071;GB\/T 17702<\/td>\n<\/tr>\n<tr>\n<td width=\"146\"><strong>Anvendelse:\u00a0<\/strong><\/td>\n<td width=\"601\">AC-filter<\/td>\n<\/tr>\n<tr>\n<td width=\"146\">Fremstillingsmateriale:<\/td>\n<td width=\"601\">Polypropylen<\/td>\n<\/tr>\n<\/tbody>\n<\/table>","protected":false},"featured_media":1703,"comment_status":"open","ping_status":"closed","template":"","meta":[],"product_brand":[],"product_cat":[39],"product_tag":[],"class_list":{"0":"post-1702","1":"product","2":"type-product","3":"status-publish","4":"has-post-thumbnail","6":"product_cat-ac-filter-capacitor-1","8":"first","9":"instock","10":"shipping-taxable","11":"product-type-simple"},"_links":{"self":[{"href":"https:\/\/rf-capacitor.com\/da\/wp-json\/wp\/v2\/product\/1702","targetHints":{"allow":["GET"]}}],"collection":[{"href":"https:\/\/rf-capacitor.com\/da\/wp-json\/wp\/v2\/product"}],"about":[{"href":"https:\/\/rf-capacitor.com\/da\/wp-json\/wp\/v2\/types\/product"}],"replies":[{"embeddable":true,"href":"https:\/\/rf-capacitor.com\/da\/wp-json\/wp\/v2\/comments?post=1702"}],"wp:featuredmedia":[{"embeddable":true,"href":"https:\/\/rf-capacitor.com\/da\/wp-json\/wp\/v2\/media\/1703"}],"wp:attachment":[{"href":"https:\/\/rf-capacitor.com\/da\/wp-json\/wp\/v2\/media?parent=1702"}],"wp:term":[{"taxonomy":"product_brand","embeddable":true,"href":"https:\/\/rf-capacitor.com\/da\/wp-json\/wp\/v2\/product_brand?post=1702"},{"taxonomy":"product_cat","embeddable":true,"href":"https:\/\/rf-capacitor.com\/da\/wp-json\/wp\/v2\/product_cat?post=1702"},{"taxonomy":"product_tag","embeddable":true,"href":"https:\/\/rf-capacitor.com\/da\/wp-json\/wp\/v2\/product_tag?post=1702"}],"curies":[{"name":"wp","href":"https:\/\/api.w.org\/{rel}","templated":true}]}}