{"id":1674,"date":"2024-12-27T03:45:28","date_gmt":"2024-12-27T03:45:28","guid":{"rendered":"https:\/\/rf-capacitor.com\/?post_type=product&#038;p=1674"},"modified":"2024-12-27T03:45:28","modified_gmt":"2024-12-27T03:45:28","slug":"power-film-capacitor","status":"publish","type":"product","link":"https:\/\/rf-capacitor.com\/da\/power-film-capacitor\/","title":{"rendered":"Power filmkondensator"},"content":{"rendered":"<h3 data-sourcepos=\"1:1-1:25\"><strong>Power filmkondensatorer<\/strong><\/h3>\n<p data-sourcepos=\"3:1-3:291\"><span class=\"citation-0 recitation citation-end-0\">Power-filmkondensatorer er en specialiseret type filmkondensator, der er designet til at h\u00e5ndtere applikationer med h\u00f8j effekt.<\/span> <span class=\"citation-1 recitation citation-end-1\">De er konstrueret ved hj\u00e6lp af tynde film af dielektriske materialer, s\u00e5som polypropylen, polyester eller metalliseret film, der er klemt inde mellem ledende elektroder.<\/span><span class=\"button-container hide-from-message-actions ng-star-inserted\">\u00a0<\/span><\/p>\n<h3 data-sourcepos=\"5:1-5:24\"><strong>Vigtige kendetegn:<\/strong><\/h3>\n<ul data-sourcepos=\"7:1-12:0\">\n<li data-sourcepos=\"7:1-7:123\"><strong>H\u00f8j effekth\u00e5ndtering:<\/strong> <span class=\"citation-2 recitation citation-end-2\">Kan h\u00e5ndtere h\u00f8je str\u00f8mme og h\u00f8je effektniveauer uden v\u00e6sentlige tab.<\/span><span class=\"button-container hide-from-message-actions ng-star-inserted\">\u00a0 \u00a0<\/span>\n<div class=\"container ng-tns-c362440147-107 hide\">\n<div class=\"carousel-container ng-tns-c362440147-107\"><\/div>\n<\/div>\n<\/li>\n<li data-sourcepos=\"8:1-8:135\"><strong><span class=\"citation-3 recitation\">Lav ESR (\u00e6kvivalent seriemodstand):<\/span><\/strong> Lav intern modstand minimerer str\u00f8mforbruget og forbedrer effektiviteten.<span class=\"button-container hide-from-message-actions ng-star-inserted\">\u00a0 \u00a0<\/span>\n<div class=\"container ng-tns-c362440147-108 hide\">\n<div class=\"carousel-container ng-tns-c362440147-108\"><\/div>\n<\/div>\n<\/li>\n<li data-sourcepos=\"9:1-9:133\"><strong><span class=\"citation-4 recitation\">H\u00f8j kapacitet for krusningsstr\u00f8m:<\/span><\/strong><span class=\"citation-4 recitation citation-end-4\"> Kan modst\u00e5 h\u00f8je krusningsstr\u00f8mme, som er almindelige i effektelektroniske kredsl\u00f8b.<\/span>\n<div class=\"container ng-tns-c362440147-109 hide\">\n<div class=\"carousel-container ng-tns-c362440147-109\"><\/div>\n<\/div>\n<\/li>\n<li data-sourcepos=\"10:1-10:123\"><strong>Kompakt st\u00f8rrelse:<\/strong> <span class=\"citation-5 recitation citation-end-5\">F\u00e5s ofte i kompakte st\u00f8rrelser, hvilket g\u00f8r dem velegnede til applikationer med begr\u00e6nset plads.<\/span><span class=\"button-container hide-from-message-actions ng-star-inserted\">\u00a0\u00a0<\/span>\n<div class=\"container ng-tns-c362440147-110 hide\">\n<div class=\"carousel-container ng-tns-c362440147-110\"><\/div>\n<\/div>\n<\/li>\n<li data-sourcepos=\"11:1-12:0\"><strong><span class=\"citation-6 recitation\">Lang levetid:<\/span><\/strong><span class=\"citation-6 recitation citation-end-6\"> Designet til langvarig drift i kr\u00e6vende energianvendelser.<\/span><span class=\"button-container hide-from-message-actions ng-star-inserted\"> \u00a0<\/span>\n<div class=\"container ng-tns-c362440147-111 hide\">\n<div class=\"carousel-container ng-tns-c362440147-111\"><\/div>\n<\/div>\n<\/li>\n<\/ul>\n<h3 data-sourcepos=\"13:1-13:24\"><strong>Almindelige anvendelser:<\/strong><\/h3>\n<ul data-sourcepos=\"15:1-20:0\">\n<li data-sourcepos=\"15:1-15:170\"><strong>Str\u00f8mforsyninger:<\/strong> <span class=\"citation-7 recitation citation-end-7\">Bruges i str\u00f8mforsyninger til forskellige elektroniske enheder, herunder industrielt udstyr, systemer til vedvarende energi og elektriske k\u00f8ret\u00f8jer.<\/span><span class=\"button-container hide-from-message-actions ng-star-inserted\"> \u00a0<\/span>\n<div class=\"container ng-tns-c362440147-112 hide\">\n<div class=\"carousel-container ng-tns-c362440147-112\"><\/div>\n<\/div>\n<\/li>\n<li data-sourcepos=\"16:1-16:110\"><strong><span class=\"citation-8 recitation\">Motordrev:<\/span><\/strong><span class=\"citation-8 recitation citation-end-8\"> Anvendes i motordrevne systemer til filtrering, udj\u00e6vning og energilagring.<\/span><span class=\"button-container hide-from-message-actions ng-star-inserted\">\u00a0 \u00a0<\/span>\n<div class=\"container ng-tns-c362440147-113 hide\">\n<div class=\"carousel-container ng-tns-c362440147-113\"><\/div>\n<\/div>\n<\/li>\n<li data-sourcepos=\"17:1-17:110\"><strong><span class=\"citation-9 recitation\">Effektfaktorkorrektion:<\/span><\/strong><span class=\"citation-9 recitation citation-end-9\"> Bruges i effektfaktorkorrektionskredsl\u00f8b for at forbedre str\u00f8mkvaliteten.<\/span><span class=\"button-container hide-from-message-actions ng-star-inserted\">\u00a0 \u00a0<\/span>\n<div class=\"container ng-tns-c362440147-114 hide\">\n<div class=\"carousel-container ng-tns-c362440147-114\"><\/div>\n<\/div>\n<\/li>\n<li data-sourcepos=\"18:1-18:75\"><strong>Invertere:<\/strong> Bruges i invertere til at omdanne j\u00e6vnstr\u00f8m til vekselstr\u00f8m.<\/li>\n<li data-sourcepos=\"19:1-20:0\"><strong><span class=\"citation-10 recitation\">Resonanskredsl\u00f8b:<\/span><\/strong><span class=\"citation-10 recitation citation-end-10\"> Anvendes i resonanskredsl\u00f8b til f.eks. induktionsopvarmning og plasmagenerering.<\/span><span class=\"button-container hide-from-message-actions ng-star-inserted\"> \u00a0 <\/span><\/li>\n<\/ul>","protected":false},"excerpt":{"rendered":"<table style=\"height: 437px;\" width=\"726\">\n<tbody>\n<tr>\n<td width=\"146\"><strong><b>Produkt<\/b><\/strong>\u00a0<strong><b>Navn:<\/b><\/strong><\/td>\n<td width=\"601\"><strong>Power filmkondensator<\/strong><\/td>\n<\/tr>\n<tr>\n<td width=\"146\">\n<h4><strong>Kort beskrivelse:<\/strong><\/h4>\n<\/td>\n<td width=\"601\">Defibrillatorfilmkondensatorer er designet specielt til at opfylde kravene til p\u00e5lidelighed for medicinsk udstyr i klasse III.<\/td>\n<\/tr>\n<tr>\n<td width=\"146\"><strong>Kapacitansomr\u00e5de:<\/strong><\/td>\n<td width=\"601\">32\u00b5F til 500 \u00b5F<\/td>\n<\/tr>\n<tr>\n<td width=\"146\"><strong>Nominel sp\u00e6nding\uff1a.<\/strong><\/td>\n<td width=\"601\">800 VDC til 6000 VDC<\/td>\n<\/tr>\n<tr>\n<td width=\"146\"><strong>Cap.tol:.<\/strong><\/td>\n<td width=\"601\">+70 til -45 \u2103<\/td>\n<\/tr>\n<\/tbody>\n<\/table>","protected":false},"featured_media":1676,"comment_status":"open","ping_status":"closed","template":"","meta":[],"product_brand":[],"product_cat":[38],"product_tag":[],"class_list":{"0":"post-1674","1":"product","2":"type-product","3":"status-publish","4":"has-post-thumbnail","6":"product_cat-dc-capacitor-2","8":"first","9":"instock","10":"shipping-taxable","11":"product-type-simple"},"_links":{"self":[{"href":"https:\/\/rf-capacitor.com\/da\/wp-json\/wp\/v2\/product\/1674","targetHints":{"allow":["GET"]}}],"collection":[{"href":"https:\/\/rf-capacitor.com\/da\/wp-json\/wp\/v2\/product"}],"about":[{"href":"https:\/\/rf-capacitor.com\/da\/wp-json\/wp\/v2\/types\/product"}],"replies":[{"embeddable":true,"href":"https:\/\/rf-capacitor.com\/da\/wp-json\/wp\/v2\/comments?post=1674"}],"wp:featuredmedia":[{"embeddable":true,"href":"https:\/\/rf-capacitor.com\/da\/wp-json\/wp\/v2\/media\/1676"}],"wp:attachment":[{"href":"https:\/\/rf-capacitor.com\/da\/wp-json\/wp\/v2\/media?parent=1674"}],"wp:term":[{"taxonomy":"product_brand","embeddable":true,"href":"https:\/\/rf-capacitor.com\/da\/wp-json\/wp\/v2\/product_brand?post=1674"},{"taxonomy":"product_cat","embeddable":true,"href":"https:\/\/rf-capacitor.com\/da\/wp-json\/wp\/v2\/product_cat?post=1674"},{"taxonomy":"product_tag","embeddable":true,"href":"https:\/\/rf-capacitor.com\/da\/wp-json\/wp\/v2\/product_tag?post=1674"}],"curies":[{"name":"wp","href":"https:\/\/api.w.org\/{rel}","templated":true}]}}