{"id":1666,"date":"2024-12-27T03:40:14","date_gmt":"2024-12-27T03:40:14","guid":{"rendered":"https:\/\/rf-capacitor.com\/?post_type=product&#038;p=1666"},"modified":"2024-12-31T03:26:01","modified_gmt":"2024-12-31T03:26:01","slug":"polyester-film-capacitor","status":"publish","type":"product","link":"https:\/\/rf-capacitor.com\/da\/polyester-film-capacitor\/","title":{"rendered":"Kondensator af polyesterfilm"},"content":{"rendered":"<h3 data-sourcepos=\"1:1-1:29\"><strong>Kondensatorer af polyesterfilm<\/strong><\/h3>\n<p data-sourcepos=\"3:1-3:312\"><span class=\"citation-0 recitation citation-end-0\">Polyesterfilmkondensatorer er en almindelig type filmkondensator, der bruger polyesterfilm som dielektrisk materiale mellem de ledende plader.<\/span> <span class=\"citation-1 recitation citation-end-1\">De er kendt for deres gode stabilitet, p\u00e5lidelighed og omkostningseffektivitet, hvilket g\u00f8r dem meget udbredte i forskellige elektroniske applikationer.<\/span><span class=\"button-container hide-from-message-actions ng-star-inserted\">\u00a0<\/span><\/p>\n<h3 data-sourcepos=\"5:1-5:24\"><strong>Vigtige kendetegn:<\/strong><\/h3>\n<ul data-sourcepos=\"7:1-13:0\">\n<li data-sourcepos=\"7:1-7:90\"><strong><span class=\"citation-2 recitation\">Dielektrisk materiale:<\/span><\/strong><span class=\"citation-2 recitation citation-end-2\"> Polyesterfilm (polyethylenterephthalat eller PET)<\/span><span class=\"button-container hide-from-message-actions ng-star-inserted\"> \u00a0<\/span>\n<div class=\"container ng-tns-c362440147-92 hide\">\n<div class=\"carousel-container ng-tns-c362440147-92\"><\/div>\n<\/div>\n<\/li>\n<li data-sourcepos=\"8:1-8:104\"><strong>God stabilitet:<\/strong> <span class=\"citation-3 recitation citation-end-3\">Udviser fremragende stabilitet i kapacitansen over temperatur og tid.<\/span><span class=\"button-container hide-from-message-actions ng-star-inserted\"> \u00a0<\/span>\n<div class=\"container ng-tns-c362440147-93 hide\">\n<div class=\"carousel-container ng-tns-c362440147-93\"><\/div>\n<\/div>\n<\/li>\n<li data-sourcepos=\"9:1-9:189\"><strong><span class=\"citation-4 recitation\">Selvhelende egenskaber:<\/span><\/strong><span class=\"citation-4 recitation citation-end-4\"> De har iboende selvhelbredende egenskaber, hvor lokale dielektriske nedbrud automatisk repareres, hvilket forl\u00e6nger kondensatorens levetid.<\/span>\n<div class=\"container ng-tns-c362440147-94 hide\">\n<div class=\"carousel-container ng-tns-c362440147-94\"><\/div>\n<\/div>\n<\/li>\n<li data-sourcepos=\"10:1-10:140\"><strong><span class=\"citation-5 recitation\">Bredt udvalg af kapacitansv\u00e6rdier:<\/span><\/strong><span class=\"citation-5 recitation citation-end-5\"> F\u00e5s i en bred vifte af kapacitansv\u00e6rdier, der passer til forskellige kredsl\u00f8bskrav.<\/span><span class=\"button-container hide-from-message-actions ng-star-inserted\"> \u00a0<\/span>\n<div class=\"container ng-tns-c362440147-95 hide\">\n<div class=\"carousel-container ng-tns-c362440147-95\"><\/div>\n<\/div>\n<\/li>\n<li data-sourcepos=\"11:1-11:109\"><strong>Omkostningseffektivt:<\/strong> <span class=\"citation-6 recitation citation-end-6\">Generelt mere overkommelige sammenlignet med andre typer filmkondensatorer.<\/span><span class=\"button-container hide-from-message-actions ng-star-inserted\"> \u00a0<\/span>\n<div class=\"container ng-tns-c362440147-96 hide\">\n<div class=\"carousel-container ng-tns-c362440147-96\"><\/div>\n<\/div>\n<\/li>\n<li data-sourcepos=\"12:1-13:0\"><strong>Moderat sp\u00e6ndingsniveau:<\/strong> Har typisk moderate sp\u00e6ndingsv\u00e6rdier sammenlignet med h\u00f8jsp\u00e6ndingsfilmkondensatorer.<\/li>\n<\/ul>\n<h3 data-sourcepos=\"14:1-14:24\"><strong>Almindelige anvendelser:<\/strong><\/h3>\n<ul data-sourcepos=\"16:1-20:0\">\n<li data-sourcepos=\"16:1-16:128\"><strong>Kobling og afkobling:<\/strong> Bruges til at isolere DC-forsp\u00e6nding og filtrere AC-signaler i forst\u00e6rkerkredsl\u00f8b og andre elektroniske systemer.<\/li>\n<li data-sourcepos=\"17:1-17:96\"><strong><span class=\"citation-7 recitation\">Timing-kredsl\u00f8b:<\/span><\/strong><span class=\"citation-7 recitation citation-end-7\"> Anvendes i timing-kredsl\u00f8b som f.eks. oscillatorer og timere.<\/span><span class=\"button-container hide-from-message-actions ng-star-inserted\"> \u00a0<\/span>\n<div class=\"container ng-tns-c362440147-97 hide\">\n<div class=\"carousel-container ng-tns-c362440147-97\"><\/div>\n<\/div>\n<\/li>\n<li data-sourcepos=\"18:1-18:97\"><strong>Str\u00f8mforsyninger:<\/strong> <span class=\"citation-8 recitation citation-end-8\">Anvendes i str\u00f8mforsyningskredsl\u00f8b til filtrering og udj\u00e6vning.<\/span><span class=\"button-container hide-from-message-actions ng-star-inserted\">\u00a0<\/span>\n<div class=\"container ng-tns-c362440147-98 hide\">\n<div class=\"carousel-container ng-tns-c362440147-98\"><\/div>\n<\/div>\n<\/li>\n<li data-sourcepos=\"19:1-20:0\"><strong>Anvendelser til generelle form\u00e5l:<\/strong> <span class=\"citation-9 recitation citation-end-9\">Velegnet til en lang r\u00e6kke generelle anvendelser, hvor der kr\u00e6ves god stabilitet og p\u00e5lidelighed.<\/span><span class=\"button-container hide-from-message-actions ng-star-inserted\"> \u00a0 <\/span><\/li>\n<\/ul>","protected":false},"excerpt":{"rendered":"<table style=\"height: 436px;\" width=\"725\">\n<tbody>\n<tr>\n<td width=\"146\"><strong><b>Produkt<\/b><\/strong>\u00a0<strong><b>Navn:<\/b><\/strong><\/td>\n<td width=\"601\"><strong>Kondensator af polyesterfilm<\/strong><\/td>\n<\/tr>\n<tr>\n<td width=\"146\">\n<h4><strong>Kort beskrivelse:<\/strong><\/h4>\n<\/td>\n<td width=\"601\">Ekstern defibrillator;<br \/>\nAnvendelser med pulseffekt;<\/td>\n<\/tr>\n<tr>\n<td width=\"146\"><strong>Kapacitansomr\u00e5de:<\/strong><\/td>\n<td width=\"601\">32\u03bcF~200\u03bcF<\/td>\n<\/tr>\n<tr>\n<td width=\"146\"><strong>Nominel sp\u00e6nding\uff1a.<\/strong><\/td>\n<td width=\"601\">1500V.DC - 5000V.DC<\/td>\n<\/tr>\n<tr>\n<td width=\"146\"><strong>Cap.tol:.<\/strong><\/td>\n<td width=\"601\">\u00a0\u00b15%(J);\u00b110%(K)<\/td>\n<\/tr>\n<\/tbody>\n<\/table>","protected":false},"featured_media":1806,"comment_status":"open","ping_status":"closed","template":"","meta":[],"product_brand":[],"product_cat":[38],"product_tag":[],"class_list":{"0":"post-1666","1":"product","2":"type-product","3":"status-publish","4":"has-post-thumbnail","6":"product_cat-dc-capacitor-2","8":"first","9":"instock","10":"shipping-taxable","11":"product-type-simple"},"_links":{"self":[{"href":"https:\/\/rf-capacitor.com\/da\/wp-json\/wp\/v2\/product\/1666","targetHints":{"allow":["GET"]}}],"collection":[{"href":"https:\/\/rf-capacitor.com\/da\/wp-json\/wp\/v2\/product"}],"about":[{"href":"https:\/\/rf-capacitor.com\/da\/wp-json\/wp\/v2\/types\/product"}],"replies":[{"embeddable":true,"href":"https:\/\/rf-capacitor.com\/da\/wp-json\/wp\/v2\/comments?post=1666"}],"wp:featuredmedia":[{"embeddable":true,"href":"https:\/\/rf-capacitor.com\/da\/wp-json\/wp\/v2\/media\/1806"}],"wp:attachment":[{"href":"https:\/\/rf-capacitor.com\/da\/wp-json\/wp\/v2\/media?parent=1666"}],"wp:term":[{"taxonomy":"product_brand","embeddable":true,"href":"https:\/\/rf-capacitor.com\/da\/wp-json\/wp\/v2\/product_brand?post=1666"},{"taxonomy":"product_cat","embeddable":true,"href":"https:\/\/rf-capacitor.com\/da\/wp-json\/wp\/v2\/product_cat?post=1666"},{"taxonomy":"product_tag","embeddable":true,"href":"https:\/\/rf-capacitor.com\/da\/wp-json\/wp\/v2\/product_tag?post=1666"}],"curies":[{"name":"wp","href":"https:\/\/api.w.org\/{rel}","templated":true}]}}