{"id":1649,"date":"2024-12-27T03:26:39","date_gmt":"2024-12-27T03:26:39","guid":{"rendered":"https:\/\/rf-capacitor.com\/?post_type=product&#038;p=1649"},"modified":"2024-12-27T03:26:39","modified_gmt":"2024-12-27T03:26:39","slug":"high-voltage-film-capacitor","status":"publish","type":"product","link":"https:\/\/rf-capacitor.com\/da\/high-voltage-film-capacitor\/","title":{"rendered":"Filmkondensator til h\u00f8jsp\u00e6nding"},"content":{"rendered":"<h3 data-sourcepos=\"1:1-1:32\"><strong>Filmkondensatorer til h\u00f8jsp\u00e6nding<\/strong><\/h3>\n<p data-sourcepos=\"3:1-3:313\"><span class=\"citation-0 recitation citation-end-0\">H\u00f8jsp\u00e6ndingsfilmkondensatorer er specialiserede komponenter, der er designet til at h\u00e5ndtere h\u00f8je sp\u00e6ndingsniveauer og samtidig bevare fremragende elektriske egenskaber.<\/span> De er konstrueret ved hj\u00e6lp af tynde film af dielektriske materialer som polypropylen, polyester eller polystyren, der er klemt ind mellem ledende elektroder.<span class=\"button-container hide-from-message-actions ng-star-inserted\"> \u00a0<\/span><\/p>\n<h3 data-sourcepos=\"5:1-5:24\"><strong>Vigtige kendetegn:<\/strong><\/h3>\n<ul data-sourcepos=\"7:1-12:0\">\n<li data-sourcepos=\"7:1-7:106\"><strong>H\u00f8j sp\u00e6nding:<\/strong> <span class=\"citation-1 recitation citation-end-1\">Kan modst\u00e5 ekstremt h\u00f8je sp\u00e6ndinger uden at bryde sammen.<\/span><span class=\"button-container hide-from-message-actions ng-star-inserted\"> \u00a0<\/span>\n<div class=\"container ng-tns-c362440147-70 hide\">\n<div class=\"carousel-container ng-tns-c362440147-70\"><\/div>\n<\/div>\n<\/li>\n<li data-sourcepos=\"8:1-8:109\"><strong>Lav l\u00e6kagestr\u00f8m:<\/strong> Minimal str\u00f8ml\u00e6kage, hvilket sikrer effektiv energilagring og minimalt str\u00f8mtab.<\/li>\n<li data-sourcepos=\"9:1-9:151\"><strong><span class=\"citation-2 recitation\">H\u00f8j isolationsmodstand:<\/span><\/strong><span class=\"citation-2 recitation citation-end-2\"> Fremragende modstandsdygtighed over for elektrisk nedbrydning, hvilket giver p\u00e5lidelig drift i h\u00f8jsp\u00e6ndingsapplikationer.<\/span><span class=\"button-container hide-from-message-actions ng-star-inserted\"> \u00a0<\/span>\n<div class=\"container ng-tns-c362440147-71 hide\">\n<div class=\"carousel-container ng-tns-c362440147-71\"><\/div>\n<\/div>\n<\/li>\n<li data-sourcepos=\"10:1-10:198\"><strong>Selvhelende egenskaber:<\/strong> <span class=\"citation-3 recitation citation-end-3\">Nogle filmkondensatorer har selvhelbredende egenskaber, hvor lokale dielektriske nedbrud automatisk repareres, hvilket forl\u00e6nger kondensatorens levetid.<\/span><span class=\"button-container hide-from-message-actions ng-star-inserted\"> \u00a0<\/span>\n<div class=\"container ng-tns-c362440147-72 hide\">\n<div class=\"carousel-container ng-tns-c362440147-72\"><\/div>\n<\/div>\n<\/li>\n<li data-sourcepos=\"11:1-12:0\"><strong><span class=\"citation-4 recitation\">Bredt udvalg af kapacitansv\u00e6rdier:<\/span><\/strong><span class=\"citation-4 recitation citation-end-4\"> F\u00e5s i en r\u00e6kke forskellige kapacitansv\u00e6rdier, der passer til forskellige anvendelser.<\/span><span class=\"button-container hide-from-message-actions ng-star-inserted\">\u00a0 \u00a0<\/span>\n<div class=\"container ng-tns-c362440147-73 hide\">\n<div class=\"carousel-container ng-tns-c362440147-73\"><\/div>\n<\/div>\n<\/li>\n<\/ul>\n<h4 data-sourcepos=\"13:1-13:24\"><strong>H\u00f8jsp\u00e6ndingsfilmkondensator Almindelige anvendelser:<\/strong><\/h4>\n<ul data-sourcepos=\"15:1-20:0\">\n<li data-sourcepos=\"15:1-15:157\"><strong>H\u00f8jsp\u00e6ndingsstr\u00f8mforsyninger:<\/strong> Bruges i str\u00f8mforsyninger til forskellige elektroniske apparater, herunder fjernsyn, medicinsk udstyr og industrimaskiner.<\/li>\n<li data-sourcepos=\"16:1-16:164\"><strong><span class=\"citation-5 recitation\">Pulse Power Systems:<\/span><\/strong><span class=\"citation-5 recitation citation-end-5\"> Anvendes i applikationer, der kr\u00e6ver lagring og hurtig frigivelse af h\u00f8j energi, som f.eks. pulserende lasere og radarsystemer.<\/span><span class=\"button-container hide-from-message-actions ng-star-inserted\"> \u00a0<\/span>\n<div class=\"container ng-tns-c362440147-74 hide\">\n<div class=\"carousel-container ng-tns-c362440147-74\"><\/div>\n<\/div>\n<\/li>\n<li data-sourcepos=\"17:1-17:100\"><strong>Motordrev:<\/strong> <span class=\"citation-6 recitation citation-end-6\">Anvendes i motorstyringssystemer til filtrering og energilagring.<\/span><span class=\"button-container hide-from-message-actions ng-star-inserted\">\u00a0<\/span>\n<div class=\"container ng-tns-c362440147-75 hide\">\n<div class=\"carousel-container ng-tns-c362440147-75\"><\/div>\n<\/div>\n<\/li>\n<li data-sourcepos=\"18:1-18:131\"><strong>Testudstyr til h\u00f8jsp\u00e6nding:<\/strong> Bruges i udstyr til at teste isoleringsegenskaberne i elektriske komponenter og systemer.<\/li>\n<li data-sourcepos=\"19:1-20:0\"><strong>Energilagringssystemer:<\/strong> Anvendes i energilagringssystemer til vedvarende energikilder som f.eks. sol- og vindkraft.<\/li>\n<\/ul>","protected":false},"excerpt":{"rendered":"<table style=\"height: 474px;\" width=\"704\">\n<tbody>\n<tr>\n<td width=\"146\"><strong><b>Produkt<\/b><\/strong>\u00a0<strong><b>Navn:<\/b><\/strong><\/td>\n<td width=\"601\"><strong>Filmkondensator til h\u00f8jsp\u00e6nding<\/strong><\/td>\n<\/tr>\n<tr>\n<td width=\"146\">\n<h4><strong>Kort beskrivelse:<\/strong><\/h4>\n<\/td>\n<td width=\"601\">Udbredt i forskellige former for elektronisk udstyr DC link-del til DC-underst\u00f8ttelse, energilagring og filter. f.eks. vindkraftsystemer og invertere;<\/td>\n<\/tr>\n<tr>\n<td width=\"146\"><strong>Kapacitansomr\u00e5de:<\/strong><\/td>\n<td width=\"601\">20\u00b5F ~ 5600\u00b5F<\/td>\n<\/tr>\n<tr>\n<td width=\"146\"><strong>Nominel sp\u00e6nding\uff1a.<\/strong><\/td>\n<td width=\"601\">500 ~ 4000VDC<\/td>\n<\/tr>\n<tr>\n<td width=\"146\"><strong>Cap.tol:.<\/strong><\/td>\n<td width=\"601\">\u00a0\u00a0\u00b15%\uff08J\uff09\uff1b\u00b110%\uff08K\uff09<\/td>\n<\/tr>\n<tr>\n<td width=\"146\"><\/td>\n<td width=\"601\"><\/td>\n<\/tr>\n<\/tbody>\n<\/table>","protected":false},"featured_media":1664,"comment_status":"open","ping_status":"closed","template":"","meta":[],"product_brand":[],"product_cat":[38],"product_tag":[],"class_list":{"0":"post-1649","1":"product","2":"type-product","3":"status-publish","4":"has-post-thumbnail","6":"product_cat-dc-capacitor-2","8":"first","9":"instock","10":"shipping-taxable","11":"product-type-simple"},"_links":{"self":[{"href":"https:\/\/rf-capacitor.com\/da\/wp-json\/wp\/v2\/product\/1649","targetHints":{"allow":["GET"]}}],"collection":[{"href":"https:\/\/rf-capacitor.com\/da\/wp-json\/wp\/v2\/product"}],"about":[{"href":"https:\/\/rf-capacitor.com\/da\/wp-json\/wp\/v2\/types\/product"}],"replies":[{"embeddable":true,"href":"https:\/\/rf-capacitor.com\/da\/wp-json\/wp\/v2\/comments?post=1649"}],"wp:featuredmedia":[{"embeddable":true,"href":"https:\/\/rf-capacitor.com\/da\/wp-json\/wp\/v2\/media\/1664"}],"wp:attachment":[{"href":"https:\/\/rf-capacitor.com\/da\/wp-json\/wp\/v2\/media?parent=1649"}],"wp:term":[{"taxonomy":"product_brand","embeddable":true,"href":"https:\/\/rf-capacitor.com\/da\/wp-json\/wp\/v2\/product_brand?post=1649"},{"taxonomy":"product_cat","embeddable":true,"href":"https:\/\/rf-capacitor.com\/da\/wp-json\/wp\/v2\/product_cat?post=1649"},{"taxonomy":"product_tag","embeddable":true,"href":"https:\/\/rf-capacitor.com\/da\/wp-json\/wp\/v2\/product_tag?post=1649"}],"curies":[{"name":"wp","href":"https:\/\/api.w.org\/{rel}","templated":true}]}}