{"id":1646,"date":"2024-12-27T02:40:11","date_gmt":"2024-12-27T02:40:11","guid":{"rendered":"https:\/\/rf-capacitor.com\/?post_type=product&#038;p=1646"},"modified":"2024-12-27T02:40:11","modified_gmt":"2024-12-27T02:40:11","slug":"dc-coupling-capacitor","status":"publish","type":"product","link":"https:\/\/rf-capacitor.com\/da\/dc-coupling-capacitor\/","title":{"rendered":"DC-koblingskondensator"},"content":{"rendered":"<h3 data-sourcepos=\"1:1-1:25\"><strong>DC-koblingskondensator<\/strong><\/h3>\n<p data-sourcepos=\"3:1-3:215\"><span class=\"citation-0 recitation\">En DC-koblingskondensator, ogs\u00e5 kendt som en <\/span><strong><span class=\"citation-0 recitation\">Koblingskondensator<\/span><\/strong><span class=\"citation-0 recitation\"> eller <\/span><strong><span class=\"citation-0 recitation\">DC-blokeringskondensator<\/span><\/strong><span class=\"citation-0 recitation citation-end-0\">er en vigtig komponent i elektroniske kredsl\u00f8b, is\u00e6r i forst\u00e6rkertrin.<\/span> Dens prim\u00e6re funktion er at:<span class=\"button-container hide-from-message-actions ng-star-inserted\"> \u00a0<\/span><\/p>\n<ul data-sourcepos=\"5:1-7:0\">\n<li data-sourcepos=\"5:1-5:218\"><strong><span class=\"citation-1 recitation\">Isol\u00e9r DC-forsp\u00e6nding:<\/span><\/strong><span class=\"citation-1 recitation citation-end-1\"> Forhindrer, at DC-forsp\u00e6ndingen i et trin p\u00e5virker DC-forsp\u00e6ndingen i det efterf\u00f8lgende trin.<\/span> <span class=\"citation-2 recitation citation-end-2\">Det er vigtigt for at opretholde det korrekte driftspunkt for hvert trin.<\/span><span class=\"button-container hide-from-message-actions ng-star-inserted\">\u00a0<\/span>\n<div class=\"container ng-tns-c362440147-54 hide\">\n<div class=\"carousel-container ng-tns-c362440147-54\">\n<div class=\"carousel-content ng-tns-c362440147-54\">\n<div class=\"sources-carousel-source ng-tns-c362440147-54 hide ng-star-inserted\" data-test-id=\"sources-carousel-source\"><\/div>\n<\/div>\n<\/div>\n<\/div>\n<\/li>\n<li data-sourcepos=\"6:1-7:0\"><strong><span class=\"citation-3 recitation\">Overf\u00f8r AC-signaler:<\/span><\/strong><span class=\"citation-3 recitation citation-end-3\"> Lad AC-signalet passere fra det ene trin til det n\u00e6ste.<\/span><span class=\"button-container hide-from-message-actions ng-star-inserted\"> \u00a0<\/span>\n<div class=\"container ng-tns-c362440147-55 hide\">\n<div class=\"carousel-container ng-tns-c362440147-55\"><\/div>\n<\/div>\n<\/li>\n<\/ul>\n<h3 data-sourcepos=\"8:1-8:17\"><strong>S\u00e5dan fungerer det:<\/strong><\/h3>\n<ul data-sourcepos=\"10:1-12:0\">\n<li data-sourcepos=\"10:1-10:213\"><strong><span class=\"citation-4 recitation\">Blokering af DC:<\/span><\/strong><span class=\"citation-4 recitation citation-end-4\"> Kondensatorer fungerer som \u00e5bne kredsl\u00f8b til DC.<\/span> <span class=\"citation-5 recitation citation-end-5\">N\u00e5r der tilf\u00f8res en j\u00e6vnsp\u00e6nding, oplades kondensatoren til denne sp\u00e6nding og holder op med at lede, hvilket effektivt blokerer j\u00e6vnstr\u00f8mmen.<\/span><span class=\"button-container hide-from-message-actions ng-star-inserted\">\u00a0<\/span>\n<div class=\"container ng-tns-c362440147-56 hide\">\n<div class=\"carousel-container ng-tns-c362440147-56\">\n<div class=\"carousel-content ng-tns-c362440147-56\">\n<div class=\"sources-carousel-source ng-tns-c362440147-56 hide ng-star-inserted\" data-test-id=\"sources-carousel-source\"><\/div>\n<div class=\"sources-carousel-source ng-tns-c362440147-56 hide ng-star-inserted\" data-test-id=\"sources-carousel-source\"><\/div>\n<\/div>\n<\/div>\n<\/div>\n<\/li>\n<li data-sourcepos=\"11:1-12:0\"><strong><span class=\"citation-6 recitation\">Best\u00e5et AC:<\/span><\/strong><span class=\"citation-6 recitation citation-end-6\"> AC-signaler har konstant skiftende sp\u00e6ndinger.<\/span> <span class=\"citation-7 recitation citation-end-7\">Det f\u00e5r kondensatoren til at oplade og aflade kontinuerligt, s\u00e5 AC-signalet kan passere igennem.<\/span><span class=\"button-container hide-from-message-actions ng-star-inserted\">\u00a0<\/span>\n<div class=\"container ng-tns-c362440147-57 hide\">\n<div class=\"carousel-container ng-tns-c362440147-57\">\n<div class=\"carousel-content ng-tns-c362440147-57\">\n<div class=\"sources-carousel-source ng-tns-c362440147-57 hide ng-star-inserted\" data-test-id=\"sources-carousel-source\"><\/div>\n<\/div>\n<\/div>\n<\/div>\n<\/li>\n<\/ul>\n<h3 data-sourcepos=\"13:1-13:17\"><strong>Applikationer:<\/strong><\/h3>\n<ul data-sourcepos=\"15:1-18:0\">\n<li data-sourcepos=\"15:1-15:90\"><strong><span class=\"citation-8 recitation\">Lydforst\u00e6rkere:<\/span><\/strong><span class=\"citation-8 recitation citation-end-8\"> Kobling mellem forst\u00e6rkertrin for at isolere DC-forsp\u00e6nding.<\/span><span class=\"button-container hide-from-message-actions ng-star-inserted\"> \u00a0<\/span>\n<div class=\"container ng-tns-c362440147-58 hide\">\n<div class=\"carousel-container ng-tns-c362440147-58\">\n<div class=\"carousel-content ng-tns-c362440147-58\">\n<div class=\"sources-carousel-source ng-tns-c362440147-58 hide ng-star-inserted\" data-test-id=\"sources-carousel-source\"><\/div>\n<\/div>\n<\/div>\n<\/div>\n<\/li>\n<li data-sourcepos=\"16:1-16:100\"><strong><span class=\"citation-9 recitation\">Kredsl\u00f8b til signalbehandling:<\/span><\/strong><span class=\"citation-9 recitation citation-end-9\"> Overf\u00f8rsel af AC-signaler, mens DC-komponenter blokeres.<\/span><span class=\"button-container hide-from-message-actions ng-star-inserted\"> \u00a0<\/span>\n<div class=\"container ng-tns-c362440147-59 hide\">\n<div class=\"carousel-container ng-tns-c362440147-59\">\n<div class=\"carousel-content ng-tns-c362440147-59\">\n<div class=\"sources-carousel-source ng-tns-c362440147-59 hide ng-star-inserted\" data-test-id=\"sources-carousel-source\"><\/div>\n<\/div>\n<\/div>\n<\/div>\n<\/li>\n<li data-sourcepos=\"17:1-18:0\"><strong><span class=\"citation-10 recitation\">Filterkredsl\u00f8b:<\/span><\/strong><span class=\"citation-10 recitation citation-end-10\"> Som en del af h\u00f8jpasfiltre for at blokere lavfrekvente signaler, herunder DC.<\/span><span class=\"button-container hide-from-message-actions ng-star-inserted\">\u00a0<\/span>\n<div class=\"container ng-tns-c362440147-60 hide\">\n<div class=\"carousel-container ng-tns-c362440147-60\">\n<div class=\"carousel-content ng-tns-c362440147-60\">\n<div class=\"sources-carousel-source ng-tns-c362440147-60 hide ng-star-inserted\" data-test-id=\"sources-carousel-source\"><\/div>\n<\/div>\n<\/div>\n<\/div>\n<\/li>\n<\/ul>\n<h3 data-sourcepos=\"19:1-19:23\"><strong>Vigtige overvejelser:<\/strong><\/h3>\n<ul data-sourcepos=\"21:1-24:0\">\n<li data-sourcepos=\"21:1-21:164\"><strong>Kapacitansv\u00e6rdi:<\/strong> Kapacitansv\u00e6rdien bestemmer koblingskondensatorens lavfrekvente cutoff. En st\u00f8rre kapacitans lader lavere frekvenser passere.<\/li>\n<li data-sourcepos=\"22:1-22:118\"><strong>Sp\u00e6ndingsniveau:<\/strong> <span class=\"citation-11 recitation citation-end-11\">Kondensatoren skal v\u00e6re dimensioneret til den maksimale sp\u00e6nding, der vil blive lagt over den.<\/span>\n<div class=\"container ng-tns-c362440147-61 hide\">\n<div class=\"carousel-container ng-tns-c362440147-61\"><\/div>\n<\/div>\n<\/li>\n<li data-sourcepos=\"23:1-24:0\"><strong>L\u00e6kagestr\u00f8m:<\/strong> Kondensatorens l\u00e6kstr\u00f8m kan p\u00e5virke kredsl\u00f8bets DC-forsp\u00e6ndingspunkt.<\/li>\n<\/ul>\n<p data-sourcepos=\"25:1-25:205\"><strong><span class=\"citation-12 recitation\">I bund og grund fungerer en DC-koblingskondensator som en bro for AC-signaler, mens den effektivt isolerer DC-komponenter og sikrer, at hvert trin i et kredsl\u00f8b fungerer uafh\u00e6ngigt og korrekt.<\/span><\/strong><span class=\"button-container hide-from-message-actions ng-star-inserted\"> \u00a0 <\/span><\/p>","protected":false},"excerpt":{"rendered":"<table style=\"height: 556px;\" width=\"706\">\n<tbody>\n<tr>\n<td width=\"146\"><strong><b>Produkt<\/b><\/strong>\u00a0<strong><b>Navn:<\/b><\/strong><\/td>\n<td width=\"601\"><strong>DC-koblingskondensator<\/strong><\/td>\n<\/tr>\n<tr>\n<td width=\"146\">\n<h4><strong>Kort beskrivelse:<\/strong><\/h4>\n<\/td>\n<td width=\"601\">Udbredt i DC-Link-kredsl\u00f8b til h\u00f8jfrekvent filtrering og afkobling<br \/>\nUdbredt i effektelektroniske kredsl\u00f8b, til koblingsform\u00e5l<\/td>\n<\/tr>\n<tr>\n<td width=\"146\"><strong>Kapacitansomr\u00e5de:<\/strong><\/td>\n<td width=\"601\">\u00a010\u03bcF - 100\u03bcF<\/td>\n<\/tr>\n<tr>\n<td width=\"146\"><strong>Nominel sp\u00e6nding\uff1a.<\/strong><\/td>\n<td width=\"601\">350V.DC - 1100V.DC<\/td>\n<\/tr>\n<tr>\n<td width=\"146\"><strong>Cap.tol:.<\/strong><\/td>\n<td width=\"601\">\u00b15%(J)\uff1a\u00b110%(K)<\/td>\n<\/tr>\n<tr>\n<td width=\"146\"><strong>Kondensator Model:\u00a0<\/strong><\/td>\n<td width=\"601\">DMJ-MT-serien<\/td>\n<\/tr>\n<\/tbody>\n<\/table>","protected":false},"featured_media":1647,"comment_status":"open","ping_status":"closed","template":"","meta":[],"product_brand":[],"product_cat":[38],"product_tag":[],"class_list":{"0":"post-1646","1":"product","2":"type-product","3":"status-publish","4":"has-post-thumbnail","6":"product_cat-dc-capacitor-2","8":"first","9":"instock","10":"shipping-taxable","11":"product-type-simple"},"_links":{"self":[{"href":"https:\/\/rf-capacitor.com\/da\/wp-json\/wp\/v2\/product\/1646","targetHints":{"allow":["GET"]}}],"collection":[{"href":"https:\/\/rf-capacitor.com\/da\/wp-json\/wp\/v2\/product"}],"about":[{"href":"https:\/\/rf-capacitor.com\/da\/wp-json\/wp\/v2\/types\/product"}],"replies":[{"embeddable":true,"href":"https:\/\/rf-capacitor.com\/da\/wp-json\/wp\/v2\/comments?post=1646"}],"wp:featuredmedia":[{"embeddable":true,"href":"https:\/\/rf-capacitor.com\/da\/wp-json\/wp\/v2\/media\/1647"}],"wp:attachment":[{"href":"https:\/\/rf-capacitor.com\/da\/wp-json\/wp\/v2\/media?parent=1646"}],"wp:term":[{"taxonomy":"product_brand","embeddable":true,"href":"https:\/\/rf-capacitor.com\/da\/wp-json\/wp\/v2\/product_brand?post=1646"},{"taxonomy":"product_cat","embeddable":true,"href":"https:\/\/rf-capacitor.com\/da\/wp-json\/wp\/v2\/product_cat?post=1646"},{"taxonomy":"product_tag","embeddable":true,"href":"https:\/\/rf-capacitor.com\/da\/wp-json\/wp\/v2\/product_tag?post=1646"}],"curies":[{"name":"wp","href":"https:\/\/api.w.org\/{rel}","templated":true}]}}