{"id":1643,"date":"2024-12-27T02:32:04","date_gmt":"2024-12-27T02:32:04","guid":{"rendered":"https:\/\/rf-capacitor.com\/?post_type=product&#038;p=1643"},"modified":"2024-12-27T02:40:52","modified_gmt":"2024-12-27T02:40:52","slug":"dc-bias-capacitor","status":"publish","type":"product","link":"https:\/\/rf-capacitor.com\/da\/dc-bias-capacitor\/","title":{"rendered":"DC-forsp\u00e6ndingskondensator"},"content":{"rendered":"<p data-sourcepos=\"1:1-1:155\"><span class=\"citation-0 recitation\">A <\/span><strong><span class=\"citation-0 recitation\">DC-forsp\u00e6ndingskondensator<\/span><\/strong><span class=\"citation-0 recitation citation-end-0\"> er en kondensator, der bruges i elektroniske kredsl\u00f8b til at blokere for j\u00e6vnstr\u00f8m, mens den lader vekselstr\u00f8mssignaler passere.<\/span><span class=\"button-container hide-from-message-actions ng-star-inserted\"> \u00a0<\/span><\/p>\n<h3 data-sourcepos=\"3:1-3:23\"><strong>Her er en oversigt:<\/strong><\/h3>\n<ul data-sourcepos=\"5:1-9:0\">\n<li data-sourcepos=\"5:1-6:225\"><strong>Blokering af DC:<\/strong>\n<ul data-sourcepos=\"6:5-6:225\">\n<li data-sourcepos=\"6:5-6:225\"><span class=\"citation-1 recitation citation-end-1\">Kondensatorer lagrer elektrisk ladning.<\/span> N\u00e5r der tilf\u00f8res en j\u00e6vnsp\u00e6nding, oplades kondensatoren til denne sp\u00e6nding og holder derefter op med at lede. Det forhindrer effektivt j\u00e6vnstr\u00f8mmen i at flyde gennem kredsl\u00f8bet.\n<div class=\"container ng-tns-c362440147-43 hide\">\n<div class=\"carousel-container ng-tns-c362440147-43\"><\/div>\n<\/div>\n<\/li>\n<\/ul>\n<\/li>\n<li data-sourcepos=\"7:1-9:0\"><strong>Best\u00e5et AC:<\/strong>\n<ul data-sourcepos=\"8:5-9:0\">\n<li data-sourcepos=\"8:5-9:0\"><span class=\"citation-2 recitation citation-end-2\">AC-signaler har pr. definition konstant skiftende sp\u00e6ndinger.<\/span> Det f\u00e5r kondensatoren til at oplade og aflade kontinuerligt, s\u00e5 AC-signalet kan passere igennem.<span class=\"button-container hide-from-message-actions ng-star-inserted\">\u00a0<\/span>\n<div class=\"container ng-tns-c362440147-44 hide\">\n<div class=\"carousel-container ng-tns-c362440147-44\">\n<div class=\"carousel-content ng-tns-c362440147-44\">\n<div class=\"sources-carousel-source ng-tns-c362440147-44 hide ng-star-inserted\" data-test-id=\"sources-carousel-source\"><\/div>\n<\/div>\n<\/div>\n<\/div>\n<\/li>\n<\/ul>\n<\/li>\n<\/ul>\n<h3 data-sourcepos=\"10:1-10:24\"><strong>Almindelige anvendelser:<\/strong><\/h3>\n<ul data-sourcepos=\"12:1-18:0\">\n<li data-sourcepos=\"12:1-13:165\"><strong>Kobling af AC-signaler:<\/strong>\n<ul data-sourcepos=\"13:5-13:165\">\n<li data-sourcepos=\"13:5-13:165\"><span class=\"citation-3 recitation citation-end-3\">DC-bias-kondensatorer bruges ofte til at koble AC-signaler mellem forskellige trin i en forst\u00e6rker og samtidig isolere DC-bias-sp\u00e6ndingen i hvert trin.<\/span><span class=\"button-container hide-from-message-actions ng-star-inserted\">\u00a0<\/span>\n<div class=\"container ng-tns-c362440147-45 hide\">\n<div class=\"carousel-container ng-tns-c362440147-45\">\n<div class=\"carousel-content ng-tns-c362440147-45\">\n<div class=\"sources-carousel-source ng-tns-c362440147-45 hide ng-star-inserted\" data-test-id=\"sources-carousel-source\"><\/div>\n<\/div>\n<\/div>\n<\/div>\n<\/li>\n<\/ul>\n<\/li>\n<li data-sourcepos=\"14:1-15:116\"><strong>Fjernelse af DC-offsets:<\/strong>\n<ul data-sourcepos=\"15:5-15:116\">\n<li data-sourcepos=\"15:5-15:116\">De kan bruges til at fjerne enhver DC-offset i et AC-signal, f\u00f8r det behandles i et efterf\u00f8lgende trin.<\/li>\n<\/ul>\n<\/li>\n<li data-sourcepos=\"16:1-18:0\"><strong>H\u00f8jpasfiltre:<\/strong>\n<ul data-sourcepos=\"17:5-18:0\">\n<li data-sourcepos=\"17:5-18:0\"><span class=\"citation-4 recitation citation-end-4\">N\u00e5r den kombineres med en modstand, kan en DC-forsp\u00e6ndingskondensator danne et simpelt h\u00f8jpasfilter, der lader h\u00f8jfrekvente signaler passere, mens den blokerer for lavfrekvente signaler, herunder DC.<\/span><span class=\"button-container hide-from-message-actions ng-star-inserted\">\u00a0<\/span>\n<div class=\"container ng-tns-c362440147-46 hide\">\n<div class=\"carousel-container ng-tns-c362440147-46\">\n<div class=\"carousel-content ng-tns-c362440147-46\">\n<div class=\"sources-carousel-source ng-tns-c362440147-46 hide ng-star-inserted\" data-test-id=\"sources-carousel-source\"><\/div>\n<\/div>\n<\/div>\n<\/div>\n<\/li>\n<\/ul>\n<\/li>\n<\/ul>\n<h3 data-sourcepos=\"19:1-19:23\"><strong>Vigtige overvejelser:<\/strong><\/h3>\n<ul data-sourcepos=\"21:1-24:0\">\n<li data-sourcepos=\"21:1-21:172\"><strong>Kapacitansv\u00e6rdi:<\/strong> DC-bias-kondensatorens kapacitansv\u00e6rdi er afg\u00f8rende for dens ydeevne. En st\u00f8rre kapacitans vil generelt tillade lavere frekvenser at passere.<\/li>\n<li data-sourcepos=\"22:1-22:105\"><strong>Sp\u00e6ndingsniveau:<\/strong> Kondensatoren skal v\u00e6re dimensioneret til den maksimale sp\u00e6nding, der vil blive lagt over den.<\/li>\n<li data-sourcepos=\"23:1-24:0\"><strong>L\u00e6kagestr\u00f8m:<\/strong> Kondensatorens l\u00e6kstr\u00f8m kan p\u00e5virke kredsl\u00f8bets DC-forsp\u00e6ndingspunkt.<\/li>\n<\/ul>\n<h3 data-sourcepos=\"25:1-25:15\"><strong>For at opsummere:<\/strong><\/h3>\n<p data-sourcepos=\"27:1-27:252\">DC-bias-kondensatorer spiller en vigtig rolle i mange elektroniske kredsl\u00f8b, da de muligg\u00f8r effektiv overf\u00f8rsel af AC-signaler og samtidig isolerer DC-komponenter. Ved at forst\u00e5 deres funktion og egenskaber kan ingeni\u00f8rer bruge dem effektivt i deres design.<\/p>","protected":false},"excerpt":{"rendered":"<table style=\"height: 575px;\" width=\"683\">\n<tbody>\n<tr>\n<td width=\"146\"><strong><b>Produkt<\/b><\/strong>\u00a0<strong><b>Navn:<\/b><\/strong><\/td>\n<td width=\"601\">DC-forsp\u00e6ndingskondensator<\/td>\n<\/tr>\n<tr>\n<td width=\"146\">\n<h4><strong>Kort beskrivelse:<\/strong><\/h4>\n<\/td>\n<td width=\"601\">Pv-inverter, vindkraftkonverter; AII slags frekvensomformere og invertere<br \/>\nStr\u00f8mforsyning; rene el- og hybridbiler; ladestander, UPS osv.<\/td>\n<\/tr>\n<tr>\n<td width=\"146\"><strong>Kapacitansomr\u00e5de:<\/strong><\/td>\n<td width=\"601\">\u00a01\u03bcF - 200\u03bcF<\/td>\n<\/tr>\n<tr>\n<td width=\"146\"><strong>Nominel sp\u00e6nding\uff1a.<\/strong><\/td>\n<td width=\"601\">450V.DC - 1800V.DC<\/td>\n<\/tr>\n<tr>\n<td width=\"146\"><strong>Cap.tol:.<\/strong><\/td>\n<td width=\"601\">\u00a0\u00b15%\uff08J\uff09\uff1b\u00b110%\uff08K\uff09<\/td>\n<\/tr>\n<tr>\n<td width=\"146\"><strong>Kondensator Model:\u00a0<\/strong><\/td>\n<td width=\"601\">DMJ-PS-serien<\/td>\n<\/tr>\n<\/tbody>\n<\/table>","protected":false},"featured_media":1644,"comment_status":"open","ping_status":"closed","template":"","meta":[],"product_brand":[],"product_cat":[38],"product_tag":[],"class_list":{"0":"post-1643","1":"product","2":"type-product","3":"status-publish","4":"has-post-thumbnail","6":"product_cat-dc-capacitor-2","8":"first","9":"instock","10":"shipping-taxable","11":"product-type-simple"},"_links":{"self":[{"href":"https:\/\/rf-capacitor.com\/da\/wp-json\/wp\/v2\/product\/1643","targetHints":{"allow":["GET"]}}],"collection":[{"href":"https:\/\/rf-capacitor.com\/da\/wp-json\/wp\/v2\/product"}],"about":[{"href":"https:\/\/rf-capacitor.com\/da\/wp-json\/wp\/v2\/types\/product"}],"replies":[{"embeddable":true,"href":"https:\/\/rf-capacitor.com\/da\/wp-json\/wp\/v2\/comments?post=1643"}],"wp:featuredmedia":[{"embeddable":true,"href":"https:\/\/rf-capacitor.com\/da\/wp-json\/wp\/v2\/media\/1644"}],"wp:attachment":[{"href":"https:\/\/rf-capacitor.com\/da\/wp-json\/wp\/v2\/media?parent=1643"}],"wp:term":[{"taxonomy":"product_brand","embeddable":true,"href":"https:\/\/rf-capacitor.com\/da\/wp-json\/wp\/v2\/product_brand?post=1643"},{"taxonomy":"product_cat","embeddable":true,"href":"https:\/\/rf-capacitor.com\/da\/wp-json\/wp\/v2\/product_cat?post=1643"},{"taxonomy":"product_tag","embeddable":true,"href":"https:\/\/rf-capacitor.com\/da\/wp-json\/wp\/v2\/product_tag?post=1643"}],"curies":[{"name":"wp","href":"https:\/\/api.w.org\/{rel}","templated":true}]}}