{"id":1619,"date":"2024-12-26T04:13:14","date_gmt":"2024-12-26T04:13:14","guid":{"rendered":"https:\/\/rf-capacitor.com\/?post_type=product&#038;p=1619"},"modified":"2024-12-26T06:52:05","modified_gmt":"2024-12-26T06:52:05","slug":"dc-blocking-capacitor","status":"publish","type":"product","link":"https:\/\/rf-capacitor.com\/da\/dc-blocking-capacitor\/","title":{"rendered":"DC-blokeringskondensator"},"content":{"rendered":"<div id=\"model-response-message-contentr_721751df4669b9f0\" class=\"markdown markdown-main-panel response-optimization\" dir=\"ltr\">\n<h2 data-sourcepos=\"1:1-1:53\">DC-blokeringskondensator: En bro mellem AC-signaler<\/h2>\n<p data-sourcepos=\"3:1-3:329\"><strong><span class=\"citation-0 recitation\">En DC-blokeringskondensator<\/span><\/strong><span class=\"citation-0 recitation\">ogs\u00e5 kendt som en <\/span><strong><span class=\"citation-0 recitation\">Koblingskondensator<\/span><\/strong><span class=\"citation-0 recitation\"> eller <\/span><strong><span class=\"citation-0 recitation\">Bypass-kondensator<\/span><\/strong><span class=\"citation-0 recitation citation-end-0\">er en passiv elektronisk komponent, der spiller en afg\u00f8rende rolle i mange kredsl\u00f8b.<\/span> <span class=\"citation-1 recitation\">Dens prim\u00e6re funktion er at <\/span><strong><span class=\"citation-1 recitation\">lader vekselstr\u00f8mssignaler (AC) passere, mens j\u00e6vnstr\u00f8mskomponenter (DC) blokeres<\/span><\/strong><span class=\"citation-1 recitation citation-end-1\">.<\/span><span class=\"button-container hide-from-message-actions ng-star-inserted\">\u00a0<\/span><\/p>\n<div class=\"container ng-tns-c362440147-19 hide\">\n<div class=\"carousel-container ng-tns-c362440147-19\">\n<div class=\"carousel-content ng-tns-c362440147-19\">\n<div class=\"sources-carousel-source ng-tns-c362440147-19 hide ng-star-inserted\" data-test-id=\"sources-carousel-source\"><\/div>\n<div class=\"sources-carousel-source ng-tns-c362440147-19 hide ng-star-inserted\" data-test-id=\"sources-carousel-source\"><span style=\"font-size: 20.16px;\">S\u00e5dan fungerer det<\/span><\/div>\n<\/div>\n<\/div>\n<\/div>\n<ul data-sourcepos=\"6:1-9:0\">\n<li data-sourcepos=\"6:1-6:121\"><strong>Kapacitans:<\/strong> <span class=\"citation-2 recitation citation-end-2\">Kondensatorer lagrer elektrisk ladning, og deres evne til at g\u00f8re det m\u00e5les i Farad (F).<\/span><span class=\"button-container hide-from-message-actions ng-star-inserted\">\u00a0 \u00a0<\/span>\n<div class=\"container ng-tns-c362440147-20 hide\">\n<div class=\"carousel-container ng-tns-c362440147-20\"><\/div>\n<\/div>\n<\/li>\n<li data-sourcepos=\"7:1-7:129\"><strong>AC-signal:<\/strong> N\u00e5r der tilf\u00f8res et vekselstr\u00f8mssignal, oplades og aflades kondensatoren hurtigt, s\u00e5 signalet kan passere igennem.<\/li>\n<li data-sourcepos=\"8:1-9:0\"><strong>DC-signal:<\/strong> <span class=\"citation-3 recitation citation-end-3\">For et DC-signal oplades kondensatoren til en stabil tilstand og fungerer som et \u00e5bent kredsl\u00f8b, der effektivt blokerer DC-komponenten.<\/span><span class=\"button-container hide-from-message-actions ng-star-inserted\"> \u00a0<\/span>\n<div class=\"container ng-tns-c362440147-21 hide\">\n<div class=\"carousel-container ng-tns-c362440147-21\">\n<div class=\"carousel-content ng-tns-c362440147-21\">\n<div class=\"sources-carousel-source ng-tns-c362440147-21 hide ng-star-inserted\" data-test-id=\"sources-carousel-source\"><\/div>\n<\/div>\n<\/div>\n<\/div>\n<\/li>\n<\/ul>\n<h3 data-sourcepos=\"10:1-10:16\">Anvendelser<\/h3>\n<p data-sourcepos=\"11:1-11:81\">DC-blokeringskondensatorer bruges i vid udstr\u00e6kning i forskellige elektroniske kredsl\u00f8b, herunder:<\/p>\n<ul data-sourcepos=\"12:1-16:0\">\n<li data-sourcepos=\"12:1-12:117\"><strong><span class=\"citation-4 recitation\">Lydforst\u00e6rkere:<\/span><\/strong><span class=\"citation-4 recitation citation-end-4\"> At koble AC-signalet fra et trin til et andet uden at p\u00e5virke DC-forsp\u00e6ndingen.<\/span><\/li>\n<li data-sourcepos=\"12:1-12:117\"><strong><span class=\"button-container hide-from-message-actions ng-star-inserted\"> R<\/span><span class=\"citation-5 recitation\"><strong>adio<\/strong> frekvenssystemer (RF):<\/span><\/strong><span class=\"citation-5 recitation citation-end-5\"> For at isolere forskellige trin i kredsl\u00f8bet og forhindre u\u00f8nskede j\u00e6vnsp\u00e6ndinger i at forstyrre RF-signalet.<\/span><span class=\"button-container hide-from-message-actions ng-star-inserted\"> \u00a0<\/span>\n<div class=\"container ng-tns-c362440147-23 hide\">\n<div class=\"carousel-container ng-tns-c362440147-23\"><\/div>\n<\/div>\n<\/li>\n<li data-sourcepos=\"14:1-14:102\"><strong><span class=\"citation-6 recitation\">Str\u00f8momformere:<\/span><\/strong><span class=\"citation-6 recitation citation-end-6\"> Til at filtrere h\u00f8jfrekvent st\u00f8j og krusninger fra DC-udgangen.<\/span><span class=\"button-container hide-from-message-actions ng-star-inserted\"> \u00a0<\/span><\/li>\n<li data-sourcepos=\"14:1-14:102\"><span class=\"button-container hide-from-message-actions ng-star-inserted\"><strong style=\"font-size: 14.4px;\"><span class=\"citation-7 recitation\">Signalbehandlingskredsl\u00f8b:<\/span><\/strong><span class=\"citation-7 recitation citation-end-7\" style=\"font-size: 14.4px;\"> For at fjerne DC-forskyvninger og isolere forskellige dele af kredsl\u00f8bet.<\/span><span class=\"button-container hide-from-message-actions ng-star-inserted\" style=\"font-size: 14.4px;\"> \u00a0<\/span><\/span>\n<div class=\"container ng-tns-c362440147-25 hide\">\n<div class=\"carousel-container ng-tns-c362440147-25\">\n<div class=\"carousel-content ng-tns-c362440147-25\">\n<div class=\"sources-carousel-source ng-tns-c362440147-25 hide ng-star-inserted\" data-test-id=\"sources-carousel-source\"><\/div>\n<\/div>\n<\/div>\n<\/div>\n<\/li>\n<\/ul>\n<h3 data-sourcepos=\"17:1-17:22\">Vigtige overvejelser<\/h3>\n<ul data-sourcepos=\"18:1-21:0\">\n<li data-sourcepos=\"18:1-18:140\"><strong>Kapacitansv\u00e6rdi:<\/strong> Kondensatorens kapacitansv\u00e6rdi v\u00e6lges ud fra AC-signalets frekvens og den \u00f8nskede impedans.<\/li>\n<li data-sourcepos=\"19:1-19:116\"><strong>Sp\u00e6ndingsniveau:<\/strong> Kondensatoren skal v\u00e6re dimensioneret til den maksimale sp\u00e6nding, den vil blive udsat for i kredsl\u00f8bet.<\/li>\n<li data-sourcepos=\"20:1-21:0\"><strong>Tolerance:<\/strong> Kondensatorens tolerance bestemmer n\u00f8jagtigheden af dens kapacitansv\u00e6rdi.<\/li>\n<\/ul>\n<p data-sourcepos=\"22:1-22:233\"><strong><span class=\"citation-8 recitation citation-end-8\">I bund og grund fungerer en DC-blokeringskondensator som et selektivt filter, der kun lader AC-signaler passere, mens den effektivt blokerer DC-komponenter.<\/span> Det g\u00f8r den til en uundv\u00e6rlig komponent i mange elektroniske kredsl\u00f8b.<\/strong><span class=\"button-container hide-from-message-actions ng-star-inserted\"> \u00a0<\/span><\/p>\n<\/div>","protected":false},"excerpt":{"rendered":"<table style=\"height: 544px;\" width=\"643\">\n<tbody>\n<tr>\n<td width=\"146\"><strong><b>Produkt<\/b><\/strong>\u00a0<strong><b>Navn:<\/b><\/strong><\/td>\n<td width=\"601\">DC-blokeringskondensator<\/td>\n<\/tr>\n<tr>\n<td width=\"146\">\n<h4><strong>Kort beskrivelse:<\/strong><\/h4>\n<\/td>\n<td width=\"601\">Invertere og frekvensomformere til fotovoltaik, vindkraft, energilagring og andre nye energiindustrier.<\/td>\n<\/tr>\n<tr>\n<td width=\"146\"><strong>Kapacitansomr\u00e5de:<\/strong><\/td>\n<td width=\"601\">\u00a0100\u03bcF \uff5e 20000\u03bcF<\/td>\n<\/tr>\n<tr>\n<td width=\"146\"><strong>Nominel sp\u00e6nding\uff1a.<\/strong><\/td>\n<td width=\"601\">\u00a0600V.DC\uff5e4000V.DC<\/td>\n<\/tr>\n<tr>\n<td width=\"146\"><strong>Cap.tol:.<\/strong><\/td>\n<td width=\"601\">\u00a0\u00b15%\uff08J\uff09\uff1b\u00b110%\uff08K\uff09<\/td>\n<\/tr>\n<tr>\n<td width=\"146\"><strong>El- og hybridbiler:<\/strong><\/td>\n<td width=\"601\">skibe; tog.<\/td>\n<\/tr>\n<tr>\n<td width=\"146\"><\/td>\n<td width=\"601\"><\/td>\n<\/tr>\n<tr>\n<td width=\"146\"><\/td>\n<td width=\"601\"><\/td>\n<\/tr>\n<tr>\n<td width=\"146\"><\/td>\n<td width=\"601\"><\/td>\n<\/tr>\n<\/tbody>\n<\/table>","protected":false},"featured_media":1621,"comment_status":"open","ping_status":"closed","template":"","meta":[],"product_brand":[],"product_cat":[38],"product_tag":[],"class_list":{"0":"post-1619","1":"product","2":"type-product","3":"status-publish","4":"has-post-thumbnail","6":"product_cat-dc-capacitor-2","8":"first","9":"instock","10":"shipping-taxable","11":"product-type-simple"},"_links":{"self":[{"href":"https:\/\/rf-capacitor.com\/da\/wp-json\/wp\/v2\/product\/1619","targetHints":{"allow":["GET"]}}],"collection":[{"href":"https:\/\/rf-capacitor.com\/da\/wp-json\/wp\/v2\/product"}],"about":[{"href":"https:\/\/rf-capacitor.com\/da\/wp-json\/wp\/v2\/types\/product"}],"replies":[{"embeddable":true,"href":"https:\/\/rf-capacitor.com\/da\/wp-json\/wp\/v2\/comments?post=1619"}],"wp:featuredmedia":[{"embeddable":true,"href":"https:\/\/rf-capacitor.com\/da\/wp-json\/wp\/v2\/media\/1621"}],"wp:attachment":[{"href":"https:\/\/rf-capacitor.com\/da\/wp-json\/wp\/v2\/media?parent=1619"}],"wp:term":[{"taxonomy":"product_brand","embeddable":true,"href":"https:\/\/rf-capacitor.com\/da\/wp-json\/wp\/v2\/product_brand?post=1619"},{"taxonomy":"product_cat","embeddable":true,"href":"https:\/\/rf-capacitor.com\/da\/wp-json\/wp\/v2\/product_cat?post=1619"},{"taxonomy":"product_tag","embeddable":true,"href":"https:\/\/rf-capacitor.com\/da\/wp-json\/wp\/v2\/product_tag?post=1619"}],"curies":[{"name":"wp","href":"https:\/\/api.w.org\/{rel}","templated":true}]}}