{"id":2104,"date":"2025-01-14T07:06:50","date_gmt":"2025-01-14T07:06:50","guid":{"rendered":"https:\/\/rf-capacitor.com\/?post_type=product&#038;p=2104"},"modified":"2025-01-14T07:41:45","modified_gmt":"2025-01-14T07:41:45","slug":"dc-electrical-voltage-transducer","status":"publish","type":"product","link":"https:\/\/rf-capacitor.com\/cs\/dc-electrical-voltage-transducer\/","title":{"rendered":"Sn\u00edma\u010d stejnosm\u011brn\u00e9ho elektrick\u00e9ho nap\u011bt\u00ed"},"content":{"rendered":"<p data-sourcepos=\"1:1-1:188\">P\u0159evodn\u00edk stejnosm\u011brn\u00e9ho elektrick\u00e9ho nap\u011bt\u00ed je za\u0159\u00edzen\u00ed, kter\u00e9 p\u0159ev\u00e1d\u00ed vstupn\u00ed sign\u00e1l (obvykle stejnosm\u011brn\u00e9 nap\u011bt\u00ed nebo proud) na odpov\u00eddaj\u00edc\u00ed v\u00fdstupn\u00ed sign\u00e1l, \u010dasto v jin\u00e9m form\u00e1tu nebo na jin\u00e9 \u00farovni.<\/p>\n<h2 data-sourcepos=\"3:1-3:18\">Kl\u00ed\u010dov\u00e9 funkce stejnosm\u011brn\u00e9ho p\u0159evodn\u00edku elektrick\u00e9ho nap\u011bt\u00ed:<\/h2>\n<ul data-sourcepos=\"5:1-13:0\">\n<li data-sourcepos=\"5:1-10:0\">\n<p data-sourcepos=\"5:3-5:27\"><strong>Kondicionov\u00e1n\u00ed sign\u00e1lu:<\/strong><\/p>\n<ul data-sourcepos=\"6:5-10:0\">\n<li data-sourcepos=\"6:5-6:68\"><strong>Zes\u00edlen\u00ed:<\/strong> Zvy\u0161uje s\u00edlu slab\u00e9ho stejnosm\u011brn\u00e9ho sign\u00e1lu.<\/li>\n<li data-sourcepos=\"7:5-7:111\"><strong>Izolace:<\/strong> Izoluje vstupn\u00ed sign\u00e1l od v\u00fdstupu, \u010d\u00edm\u017e zabra\u0148uje zemn\u00edm smy\u010dk\u00e1m a ru\u0161en\u00ed \u0161umem.<\/li>\n<li data-sourcepos=\"8:5-8:89\"><strong>Linearizace:<\/strong> Linearizuje vstupn\u00ed sign\u00e1l pro zv\u00fd\u0161en\u00ed p\u0159esnosti a konzistence.<\/li>\n<li data-sourcepos=\"9:5-10:0\"><strong>Konverze:<\/strong> P\u0159ev\u00e1d\u00ed vstupn\u00ed sign\u00e1l z jednoho form\u00e1tu na jin\u00fd (nap\u0159. proud na nap\u011bt\u00ed, nap\u011bt\u00ed na proud).<\/li>\n<\/ul>\n<\/li>\n<li data-sourcepos=\"11:1-13:0\">\n<p data-sourcepos=\"11:3-11:25\"><strong>P\u0159enos dat:<\/strong><\/p>\n<ul data-sourcepos=\"12:5-13:0\">\n<li data-sourcepos=\"12:5-13:0\">P\u0159en\u00e1\u0161\u00ed podm\u00edn\u011bn\u00fd sign\u00e1l na velk\u00e9 vzd\u00e1lenosti pomoc\u00ed r\u016fzn\u00fdch komunika\u010dn\u00edch protokol\u016f (nap\u0159. 4-20mA, RS485, Modbus).<\/li>\n<\/ul>\n<\/li>\n<\/ul>\n<h2 data-sourcepos=\"14:1-14:17\">Aplikace:<\/h2>\n<ul data-sourcepos=\"16:1-25:0\">\n<li data-sourcepos=\"16:1-18:31\"><strong>Pr\u016fmyslov\u00e1 automatizace:<\/strong>\n<ul data-sourcepos=\"17:5-18:31\">\n<li data-sourcepos=\"17:5-17:89\">Monitorov\u00e1n\u00ed a \u0159\u00edzen\u00ed pr\u016fmyslov\u00fdch proces\u016f (teplota, tlak, pr\u016ftok atd.).<\/li>\n<li data-sourcepos=\"18:5-18:31\">Syst\u00e9my sb\u011bru dat.<\/li>\n<\/ul>\n<\/li>\n<li data-sourcepos=\"19:1-20:55\"><strong>Automatizace budov:<\/strong>\n<ul data-sourcepos=\"20:5-20:55\">\n<li data-sourcepos=\"20:5-20:55\">\u0158\u00edzen\u00ed HVAC, osv\u011btlen\u00ed, bezpe\u010dnostn\u00ed syst\u00e9my.<\/li>\n<\/ul>\n<\/li>\n<li data-sourcepos=\"21:1-22:100\"><strong>\u0158\u00edzen\u00ed procesu:<\/strong>\n<ul data-sourcepos=\"22:5-22:100\">\n<li data-sourcepos=\"22:5-22:100\">Monitorov\u00e1n\u00ed a \u0159\u00edzen\u00ed chemick\u00fdch proces\u016f, \u00fapravy vody a dal\u0161\u00edch pr\u016fmyslov\u00fdch proces\u016f.<\/li>\n<\/ul>\n<\/li>\n<li data-sourcepos=\"23:1-25:0\"><strong>Z\u00e1znam dat:<\/strong>\n<ul data-sourcepos=\"24:5-25:0\">\n<li data-sourcepos=\"24:5-25:0\">Sb\u011br a p\u0159enos dat ze vzd\u00e1len\u00fdch m\u00edst.<\/li>\n<\/ul>\n<\/li>\n<\/ul>\n<h2 data-sourcepos=\"26:1-26:17\">Kl\u00ed\u010dov\u00e9 vlastnosti stejnosm\u011brn\u00e9ho p\u0159evodn\u00edku elektrick\u00e9ho nap\u011bt\u00ed:<\/h2>\n<ul data-sourcepos=\"28:1-33:0\">\n<li data-sourcepos=\"28:1-28:79\"><strong>P\u0159esnost:<\/strong> Pro spolehliv\u00e9 m\u011b\u0159en\u00ed a kontrolu je z\u00e1sadn\u00ed vysok\u00e1 p\u0159esnost.<\/li>\n<li data-sourcepos=\"29:1-29:89\"><strong>Stabilita:<\/strong> Stabiln\u00ed v\u00fdkon v pr\u016fb\u011bhu \u010dasu a v r\u016fzn\u00fdch podm\u00ednk\u00e1ch prost\u0159ed\u00ed.<\/li>\n<li data-sourcepos=\"30:1-30:61\"><strong>Spolehlivost:<\/strong> Robustn\u00ed konstrukce a dlouh\u00e1 \u017eivotnost.<\/li>\n<li data-sourcepos=\"31:1-31:103\"><strong>Izolace:<\/strong> Elektrick\u00e1 izolace mezi vstupn\u00edmi a v\u00fdstupn\u00edmi obvody pro bezpe\u010dnost a sn\u00ed\u017een\u00ed \u0161umu.<\/li>\n<li data-sourcepos=\"32:1-33:0\"><strong>Komunika\u010dn\u00ed protokoly:<\/strong> Kompatibilita s r\u016fzn\u00fdmi komunika\u010dn\u00edmi protokoly pro snadnou integraci do st\u00e1vaj\u00edc\u00edch syst\u00e9m\u016f.<\/li>\n<\/ul>\n<p data-sourcepos=\"34:1-34:211\">Sn\u00edma\u010de stejnosm\u011brn\u00e9ho elektrick\u00e9ho nap\u011bt\u00ed jsou z\u00e1kladn\u00edmi sou\u010d\u00e1stmi v \u0161irok\u00e9 \u0161k\u00e1le aplikac\u00ed, kter\u00e9 umo\u017e\u0148uj\u00ed p\u0159esn\u00e9 m\u011b\u0159en\u00ed a p\u0159enos kritick\u00fdch procesn\u00edch parametr\u016f pro lep\u0161\u00ed \u0159\u00edzen\u00ed, monitorov\u00e1n\u00ed a sb\u011br dat.<\/p>","protected":false},"excerpt":{"rendered":"<table style=\"height: 461px;\" width=\"189\">\n<tbody>\n<tr>\n<td width=\"179\">Model<\/td>\n<td width=\"113\">Princip<\/td>\n<td width=\"128\">Jmenovit\u00fd p\u0159\u00edkon<\/td>\n<td width=\"160\">Nap\u00e1jec\u00ed nap\u011bt\u00ed (V)<\/td>\n<td width=\"164\">V\u00fdkon p\u0159i jmenovit\u00e9m p\u0159\u00edkonu<\/td>\n<td width=\"106\">\u0160\u00ed\u0159ka p\u00e1sma (Hz)<\/td>\n<td width=\"121\">P\u0159esnost p\u0159i norm\u00e1ln\u00ed teplot\u011b \uff08%\uff09<\/td>\n<td width=\"105\">TA (\u2103)<\/td>\n<td width=\"109\">Zp\u016fsob instalace<\/td>\n<td width=\"151\">Apertura\/p\u0159ipojen\u00ed (mm)<\/td>\n<\/tr>\n<tr>\n<td width=\"179\">HOC50EKA128<\/td>\n<td width=\"113\">Otev\u0159en\u00e1 smy\u010dka<\/td>\n<td width=\"128\">\u00b150A<\/td>\n<td width=\"160\">+24V<\/td>\n<td width=\"164\">DC 12\u00b18mA<\/td>\n<td width=\"106\">DC-20(-3dB)<\/td>\n<td width=\"121\">1<\/td>\n<td width=\"105\">-40&#8230;+85<\/td>\n<td width=\"109\">Perforace<\/td>\n<td width=\"151\">\u03a621<\/td>\n<\/tr>\n<tr>\n<td width=\"179\">HOC100EKA128<\/td>\n<td width=\"113\">Otev\u0159en\u00e1 smy\u010dka<\/td>\n<td width=\"128\">\u00b1100A<\/td>\n<td width=\"160\">+24V<\/td>\n<td width=\"164\">DC 12\u00b18mA<\/td>\n<td width=\"106\">DC-20(-3dB)<\/td>\n<td width=\"121\">1<\/td>\n<td width=\"105\">-40&#8230;+85<\/td>\n<td width=\"109\">Perforace<\/td>\n<td width=\"151\">\u03a621<\/td>\n<\/tr>\n<tr>\n<td width=\"179\">HOC150EKA128<\/td>\n<td width=\"113\">Otev\u0159en\u00e1 smy\u010dka<\/td>\n<td width=\"128\">\u00b1150A<\/td>\n<td width=\"160\">+24V<\/td>\n<td width=\"164\">DC 12\u00b18mA<\/td>\n<td width=\"106\">DC-20(-3dB)<\/td>\n<td width=\"121\">1<\/td>\n<td width=\"105\">-40&#8230;+85<\/td>\n<td width=\"109\">Perforace<\/td>\n<td width=\"151\">\u03a621<\/td>\n<\/tr>\n<tr>\n<td width=\"179\">HOC200EKA128<\/td>\n<td width=\"113\">Otev\u0159en\u00e1 smy\u010dka<\/td>\n<td width=\"128\">\u00b1200A<\/td>\n<td width=\"160\">+24V<\/td>\n<td width=\"164\">DC 12\u00b18mA<\/td>\n<td width=\"106\">DC-20(-3dB)<\/td>\n<td width=\"121\">1<\/td>\n<td width=\"105\">-40&#8230;+85<\/td>\n<td width=\"109\">Perforace<\/td>\n<td width=\"151\">\u03a621<\/td>\n<\/tr>\n<tr>\n<td width=\"179\">HOC300EKA128<\/td>\n<td width=\"113\">Otev\u0159en\u00e1 smy\u010dka<\/td>\n<td width=\"128\">\u00b1300A<\/td>\n<td width=\"160\">+24V<\/td>\n<td width=\"164\">DC 12\u00b18mA<\/td>\n<td width=\"106\">DC-20(-3dB)<\/td>\n<td width=\"121\">1<\/td>\n<td width=\"105\">-40&#8230;+85<\/td>\n<td width=\"109\">Perforace<\/td>\n<td width=\"151\">\u03a621<\/td>\n<\/tr>\n<tr>\n<td width=\"179\">HOC400EKA128<\/td>\n<td width=\"113\">Otev\u0159en\u00e1 smy\u010dka<\/td>\n<td width=\"128\">\u00b1400A<\/td>\n<td width=\"160\">+24V<\/td>\n<td width=\"164\">DC 12\u00b18mA<\/td>\n<td width=\"106\">DC-20(-3dB)<\/td>\n<td width=\"121\">1<\/td>\n<td width=\"105\">-40&#8230;+85<\/td>\n<td width=\"109\">Perforace<\/td>\n<td width=\"151\">\u03a621<\/td>\n<\/tr>\n<tr>\n<td width=\"179\">HOC500EKA128<\/td>\n<td width=\"113\">Otev\u0159en\u00e1 smy\u010dka<\/td>\n<td width=\"128\">\u00b1500A<\/td>\n<td width=\"160\">+24V<\/td>\n<td width=\"164\">DC 12\u00b18mA<\/td>\n<td width=\"106\">DC-20(-3dB)<\/td>\n<td width=\"121\">1<\/td>\n<td width=\"105\">-40&#8230;+85<\/td>\n<td width=\"109\">Perforace<\/td>\n<td width=\"151\">\u03a621<\/td>\n<\/tr>\n<tr>\n<td width=\"179\">HOC600EKA128<\/td>\n<td width=\"113\">Otev\u0159en\u00e1 smy\u010dka<\/td>\n<td width=\"128\">\u00b1600A<\/td>\n<td width=\"160\">+24V<\/td>\n<td width=\"164\">DC 12\u00b18mA<\/td>\n<td width=\"106\">DC-20(-3dB)<\/td>\n<td width=\"121\">1<\/td>\n<td width=\"105\">-40&#8230;+85<\/td>\n<td width=\"109\">Perforace<\/td>\n<td width=\"151\">\u03a621<\/td>\n<\/tr>\n<tr>\n<td width=\"179\">HOC100EKB128<\/td>\n<td width=\"113\">Otev\u0159en\u00e1 smy\u010dka<\/td>\n<td width=\"128\">\u00b1100A<\/td>\n<td width=\"160\">+24V<\/td>\n<td width=\"164\">DC 12\u00b18mA<\/td>\n<td width=\"106\">DC-20(-3dB)<\/td>\n<td width=\"121\">1<\/td>\n<td width=\"105\">-40&#8230;+85<\/td>\n<td width=\"109\">Perforace<\/td>\n<td width=\"151\">\u03a640.5<\/td>\n<\/tr>\n<tr>\n<td width=\"179\">HOC200EKB128<\/td>\n<td width=\"113\">Otev\u0159en\u00e1 smy\u010dka<\/td>\n<td width=\"128\">\u00b1200A<\/td>\n<td width=\"160\">+24V<\/td>\n<td width=\"164\">DC 12\u00b18mA<\/td>\n<td width=\"106\">DC-20(-3dB)<\/td>\n<td width=\"121\">1<\/td>\n<td width=\"105\">-40&#8230;+85<\/td>\n<td width=\"109\">Perforace<\/td>\n<td width=\"151\">\u03a640.5<\/td>\n<\/tr>\n<tr>\n<td width=\"179\">HOC300EKB128<\/td>\n<td width=\"113\">Otev\u0159en\u00e1 smy\u010dka<\/td>\n<td width=\"128\">\u00b1300A<\/td>\n<td width=\"160\">+24V<\/td>\n<td width=\"164\">DC 12\u00b18mA<\/td>\n<td width=\"106\">DC-20(-3dB)<\/td>\n<td width=\"121\">1<\/td>\n<td width=\"105\">-40&#8230;+85<\/td>\n<td width=\"109\">Perforace<\/td>\n<td width=\"151\">\u03a640.5<\/td>\n<\/tr>\n<tr>\n<td width=\"179\">HOC500EKB128<\/td>\n<td width=\"113\">Otev\u0159en\u00e1 smy\u010dka<\/td>\n<td width=\"128\">\u00b1500A<\/td>\n<td width=\"160\">+24V<\/td>\n<td width=\"164\">DC 12\u00b18mA<\/td>\n<td width=\"106\">DC-20(-3dB)<\/td>\n<td width=\"121\">1<\/td>\n<td width=\"105\">-40&#8230;+85<\/td>\n<td width=\"109\">Perforace<\/td>\n<td width=\"151\">\u03a640.5<\/td>\n<\/tr>\n<tr>\n<td width=\"179\">HOC1000EKB128<\/td>\n<td width=\"113\">Otev\u0159en\u00e1 smy\u010dka<\/td>\n<td width=\"128\">\u00b11000A<\/td>\n<td width=\"160\">+24V<\/td>\n<td width=\"164\">DC 12\u00b18mA<\/td>\n<td width=\"106\">DC-20(-3dB)<\/td>\n<td width=\"121\">1<\/td>\n<td width=\"105\">-40&#8230;+85<\/td>\n<td width=\"109\">Perforace<\/td>\n<td width=\"151\">\u03a640.5<\/td>\n<\/tr>\n<tr>\n<td width=\"179\">HOC2000EKB128<\/td>\n<td width=\"113\">Otev\u0159en\u00e1 smy\u010dka<\/td>\n<td width=\"128\">\u00b12000A<\/td>\n<td width=\"160\">+24V<\/td>\n<td width=\"164\">DC 12\u00b18mA<\/td>\n<td width=\"106\">DC-20(-3dB)<\/td>\n<td width=\"121\">1<\/td>\n<td width=\"105\">-40&#8230;+85<\/td>\n<td width=\"109\">Perforace<\/td>\n<td width=\"151\">\u03a640.5<\/td>\n<\/tr>\n<\/tbody>\n<\/table>","protected":false},"featured_media":2081,"comment_status":"open","ping_status":"closed","template":"","meta":[],"product_brand":[],"product_cat":[44],"product_tag":[],"class_list":{"0":"post-2104","1":"product","2":"type-product","3":"status-publish","4":"has-post-thumbnail","6":"product_cat-current-sensor-2","8":"first","9":"instock","10":"shipping-taxable","11":"product-type-simple"},"_links":{"self":[{"href":"https:\/\/rf-capacitor.com\/cs\/wp-json\/wp\/v2\/product\/2104","targetHints":{"allow":["GET"]}}],"collection":[{"href":"https:\/\/rf-capacitor.com\/cs\/wp-json\/wp\/v2\/product"}],"about":[{"href":"https:\/\/rf-capacitor.com\/cs\/wp-json\/wp\/v2\/types\/product"}],"replies":[{"embeddable":true,"href":"https:\/\/rf-capacitor.com\/cs\/wp-json\/wp\/v2\/comments?post=2104"}],"wp:featuredmedia":[{"embeddable":true,"href":"https:\/\/rf-capacitor.com\/cs\/wp-json\/wp\/v2\/media\/2081"}],"wp:attachment":[{"href":"https:\/\/rf-capacitor.com\/cs\/wp-json\/wp\/v2\/media?parent=2104"}],"wp:term":[{"taxonomy":"product_brand","embeddable":true,"href":"https:\/\/rf-capacitor.com\/cs\/wp-json\/wp\/v2\/product_brand?post=2104"},{"taxonomy":"product_cat","embeddable":true,"href":"https:\/\/rf-capacitor.com\/cs\/wp-json\/wp\/v2\/product_cat?post=2104"},{"taxonomy":"product_tag","embeddable":true,"href":"https:\/\/rf-capacitor.com\/cs\/wp-json\/wp\/v2\/product_tag?post=2104"}],"curies":[{"name":"wp","href":"https:\/\/api.w.org\/{rel}","templated":true}]}}