{"id":2087,"date":"2025-01-14T03:17:14","date_gmt":"2025-01-14T03:17:14","guid":{"rendered":"https:\/\/rf-capacitor.com\/?post_type=product&#038;p=2087"},"modified":"2025-01-14T07:43:50","modified_gmt":"2025-01-14T07:43:50","slug":"closed-loop-hall-current-sensor","status":"publish","type":"product","link":"https:\/\/rf-capacitor.com\/cs\/closed-loop-hall-current-sensor\/","title":{"rendered":"Uzav\u0159en\u00e1 smy\u010dka Hallova proudov\u00e9ho senzoru"},"content":{"rendered":"<p data-sourcepos=\"1:1-1:157\">Sn\u00edma\u010d proudu s uzav\u0159enou smy\u010dkou s Hallov\u00fdm jevem je sofistikovan\u011bj\u0161\u00ed typ sn\u00edma\u010de proudu, kter\u00fd p\u0159ekon\u00e1v\u00e1 mnoh\u00e1 omezen\u00ed sv\u00e9ho prot\u011bj\u0161ku s otev\u0159enou smy\u010dkou.<\/p>\n<h2 data-sourcepos=\"3:1-3:17\">Jak funguje Hall\u016fv proudov\u00fd senzor s uzav\u0159enou smy\u010dkou:<\/h2>\n<ol data-sourcepos=\"5:1-9:0\">\n<li data-sourcepos=\"5:1-5:171\"><strong>Detekce magnetick\u00e9ho pole:<\/strong> Stejn\u011b jako sn\u00edma\u010d s otev\u0159enou smy\u010dkou vyu\u017e\u00edv\u00e1 k detekci magnetick\u00e9ho pole generovan\u00e9ho proudem prot\u00e9kaj\u00edc\u00edm vodi\u010dem Hall\u016fv sn\u00edma\u010d.<\/li>\n<li data-sourcepos=\"6:1-6:179\"><strong>Mechanismus zp\u011btn\u00e9 vazby:<\/strong> Kl\u00ed\u010dov\u00fd rozd\u00edl spo\u010d\u00edv\u00e1 v zapojen\u00ed zp\u011btn\u00e9 vazby. V\u00fdstupn\u00ed sign\u00e1l z Hallova sn\u00edma\u010de je zes\u00edlen a pou\u017eit k pohonu kompenza\u010dn\u00ed c\u00edvky.<\/li>\n<li data-sourcepos=\"7:1-7:151\"><strong>Zru\u0161en\u00ed magnetick\u00e9ho pole:<\/strong> Tato kompenza\u010dn\u00ed c\u00edvka vytv\u00e1\u0159\u00ed magnetick\u00e9 pole, kter\u00e9 je protikladem magnetick\u00e9ho pole vytv\u00e1\u0159en\u00e9ho prim\u00e1rn\u00edm proudem.<\/li>\n<li data-sourcepos=\"8:1-9:0\"><strong>Podm\u00ednka nulov\u00e9ho toku:<\/strong> Syst\u00e9m aktivn\u011b upravuje proud prot\u00e9kaj\u00edc\u00ed kompenza\u010dn\u00ed c\u00edvkou, dokud se \u010dist\u00e9 magnetick\u00e9 pole v j\u00e1d\u0159e nezmen\u0161\u00ed na minimum (v ide\u00e1ln\u00edm p\u0159\u00edpad\u011b na nulu).<\/li>\n<\/ol>\n<h2 data-sourcepos=\"10:1-10:19\">Hlavn\u00ed v\u00fdhody:<\/h2>\n<ul data-sourcepos=\"12:1-16:0\">\n<li data-sourcepos=\"12:1-12:104\"><strong>Vylep\u0161en\u00e1 p\u0159esnost:<\/strong> Minimalizuje vliv vn\u011bj\u0161\u00edch magnetick\u00fdch pol\u00ed a teplotn\u00edch zm\u011bn.<\/li>\n<li data-sourcepos=\"13:1-13:91\"><strong>Zv\u00fd\u0161en\u00e1 linearita:<\/strong> Poskytuje vysoce line\u00e1rn\u00ed v\u00fdstupn\u00ed sign\u00e1l v \u0161irok\u00e9m proudov\u00e9m rozsahu.<\/li>\n<li data-sourcepos=\"14:1-14:99\"><strong>Sn\u00ed\u017een\u00ed teplotn\u00edho driftu:<\/strong> Minimalizuje vliv teplotn\u00edch zm\u011bn na v\u00fdkon senzoru.<\/li>\n<li data-sourcepos=\"15:1-16:0\"><strong>Vysok\u00e1 p\u0159esnost:<\/strong> Dosahuje vy\u0161\u0161\u00ed p\u0159esnosti a preciznosti ve srovn\u00e1n\u00ed se senzory s otev\u0159enou smy\u010dkou.<\/li>\n<\/ul>\n<h2 data-sourcepos=\"17:1-17:17\">Aplikace:<\/h2>\n<ul data-sourcepos=\"19:1-22:0\">\n<li data-sourcepos=\"19:1-19:198\"><strong>Vysoce p\u0159esn\u00e9 aplikace:<\/strong> Pou\u017e\u00edv\u00e1 se v aplikac\u00edch, kde je d\u016fle\u017eit\u00e1 vysok\u00e1 p\u0159esnost a preciznost, nap\u0159\u00edklad p\u0159i \u0159\u00edzen\u00ed p\u0159esn\u00fdch motor\u016f, monitorov\u00e1n\u00ed kvality energie a ve v\u011bdeck\u00fdch p\u0159\u00edstroj\u00edch.<\/li>\n<li data-sourcepos=\"20:1-20:120\"><strong>Pr\u016fmyslov\u00e1 automatizace:<\/strong> Pou\u017e\u00edv\u00e1 se v n\u00e1ro\u010dn\u00fdch pr\u016fmyslov\u00fdch prost\u0159ed\u00edch, kde je nejd\u016fle\u017eit\u011bj\u0161\u00ed p\u0159esnost a spolehlivost.<\/li>\n<li data-sourcepos=\"21:1-22:0\"><strong>Syst\u00e9my obnoviteln\u00e9 energie:<\/strong> Pou\u017e\u00edv\u00e1 se v sol\u00e1rn\u00edch st\u0159\u00edda\u010d\u00edch, v\u011btrn\u00fdch turb\u00edn\u00e1ch a dal\u0161\u00edch syst\u00e9mech obnoviteln\u00fdch zdroj\u016f energie pro p\u0159esn\u00e9 monitorov\u00e1n\u00ed a \u0159\u00edzen\u00ed v\u00fdkonu.<\/li>\n<\/ul>\n<h2 data-sourcepos=\"23:1-23:15\">Shrnut\u00ed:<\/h2>\n<p data-sourcepos=\"25:1-25:329\">Sn\u00edma\u010de proudu s uzav\u0159enou smy\u010dkou s Hallov\u00fdm jevem maj\u00ed oproti sv\u00fdm prot\u011bj\u0161k\u016fm s otev\u0159enou smy\u010dkou zna\u010dn\u00e9 v\u00fdhody, proto\u017ee obsahuj\u00ed mechanismus zp\u011btn\u00e9 vazby, kter\u00fd aktivn\u011b kompenzuje vn\u011bj\u0161\u00ed vlivy a zlep\u0161uje celkov\u00fd v\u00fdkon. D\u00edky tomu jsou vhodn\u00e9 pro \u0161irokou \u0161k\u00e1lu aplikac\u00ed, kde je nezbytn\u00e1 vysok\u00e1 p\u0159esnost a spolehlivost.<\/p>","protected":false},"excerpt":{"rendered":"<p>\u25cf Uzav\u0159en\u00fd typ Hallova proudov\u00e9ho senzoru<\/p>\n<p>\u25cf Jmenovit\u00fd vstupn\u00ed proud:  4V \/ 5V<\/p>\n<p>\u25cf Clona: Nap\u00e1jen\u00ed: \u00b112V \/ \u00b115V<\/p>\n<p>\u25cf st\u0159\u00eddav\u00fd, stejnosm\u011brn\u00fd, pulzn\u00ed a jin\u00fd komplexn\u00ed proud<\/p>\n<p>\u25cf Rychl\u00e1 odezva, \u0161irok\u00fd rozsah m\u011b\u0159en\u00ed, vysok\u00e1 p\u0159esnost, siln\u00e1 p\u0159et\u00ed\u017eitelnost, dobr\u00e1 linearita a vynikaj\u00edc\u00ed a antiinterferen\u010dn\u00ed vlastnosti<\/p>","protected":false},"featured_media":2089,"comment_status":"open","ping_status":"closed","template":"","meta":[],"product_brand":[],"product_cat":[44],"product_tag":[],"class_list":{"0":"post-2087","1":"product","2":"type-product","3":"status-publish","4":"has-post-thumbnail","6":"product_cat-current-sensor-2","8":"first","9":"instock","10":"shipping-taxable","11":"product-type-simple"},"_links":{"self":[{"href":"https:\/\/rf-capacitor.com\/cs\/wp-json\/wp\/v2\/product\/2087","targetHints":{"allow":["GET"]}}],"collection":[{"href":"https:\/\/rf-capacitor.com\/cs\/wp-json\/wp\/v2\/product"}],"about":[{"href":"https:\/\/rf-capacitor.com\/cs\/wp-json\/wp\/v2\/types\/product"}],"replies":[{"embeddable":true,"href":"https:\/\/rf-capacitor.com\/cs\/wp-json\/wp\/v2\/comments?post=2087"}],"wp:featuredmedia":[{"embeddable":true,"href":"https:\/\/rf-capacitor.com\/cs\/wp-json\/wp\/v2\/media\/2089"}],"wp:attachment":[{"href":"https:\/\/rf-capacitor.com\/cs\/wp-json\/wp\/v2\/media?parent=2087"}],"wp:term":[{"taxonomy":"product_brand","embeddable":true,"href":"https:\/\/rf-capacitor.com\/cs\/wp-json\/wp\/v2\/product_brand?post=2087"},{"taxonomy":"product_cat","embeddable":true,"href":"https:\/\/rf-capacitor.com\/cs\/wp-json\/wp\/v2\/product_cat?post=2087"},{"taxonomy":"product_tag","embeddable":true,"href":"https:\/\/rf-capacitor.com\/cs\/wp-json\/wp\/v2\/product_tag?post=2087"}],"curies":[{"name":"wp","href":"https:\/\/api.w.org\/{rel}","templated":true}]}}