{"id":1898,"date":"2025-01-02T07:08:04","date_gmt":"2025-01-02T07:08:04","guid":{"rendered":"https:\/\/rf-capacitor.com\/?post_type=product&#038;p=1898"},"modified":"2025-01-02T07:08:04","modified_gmt":"2025-01-02T07:08:04","slug":"decoupling-resonant-capacitor","status":"publish","type":"product","link":"https:\/\/rf-capacitor.com\/cs\/decoupling-resonant-capacitor\/","title":{"rendered":"Odd\u011blovac\u00ed rezonan\u010dn\u00ed kondenz\u00e1tor"},"content":{"rendered":"<div class=\"user-query-container ng-star-inserted\">\n<div id=\"user-query-content-7\" class=\"query-content\">\n<div class=\"query-text gds-body-l ng-star-inserted\" dir=\"ltr\" role=\"heading\" aria-level=\"2\">\n<h3 class=\"query-text-line ng-star-inserted\">Odd\u011blovac\u00ed rezonan\u010dn\u00ed kondenz\u00e1tor<\/h3>\n<\/div>\n<\/div>\n<div class=\"button-gutter\"><span class=\"citation-0 recitation\" style=\"font-size: 14.4px; color: #555555;\">V elektronice je <\/span><strong style=\"font-size: 14.4px; color: #555555;\"><span class=\"citation-0 recitation\">odd\u011blovac\u00ed kondenz\u00e1tor<\/span><\/strong><span class=\"citation-0 recitation citation-end-0\" style=\"font-size: 14.4px; color: #555555;\"> je kl\u00ed\u010dovou sou\u010d\u00e1st\u00ed, kter\u00e1 se pou\u017e\u00edv\u00e1 ke stabilizaci nap\u00e1jec\u00edho nap\u011bt\u00ed a minimalizaci elektrick\u00e9ho \u0161umu.<\/span><span class=\"button-container hide-from-message-actions ng-star-inserted\" style=\"font-size: 14.4px; color: #555555;\">\u00a0 \u00a0<\/span><\/div>\n<\/div>\n<div>\n<div class=\"response-container ng-tns-c3227055261-111 response-optimization tts-removed ng-star-inserted response-container-has-multiple-responses\">\n<div class=\"presented-response-container ng-tns-c3227055261-111\">\n<div class=\"response-container-content ng-tns-c3227055261-111 tunable-selection-with-avatar\">\n<div class=\"response-content ng-tns-c3227055261-111\">\n<div id=\"model-response-message-contentr_e018e616d4e5ed8e\" class=\"markdown markdown-main-panel tutor-markdown-rendering response-optimization\" dir=\"ltr\">\n<h3 data-sourcepos=\"3:1-3:17\"><strong>Jak funguje odd\u011blovac\u00ed rezonan\u010dn\u00ed kondenz\u00e1tor:<\/strong><\/h3>\n<ul data-sourcepos=\"5:1-8:0\">\n<li data-sourcepos=\"5:1-5:224\"><strong><span class=\"citation-1 recitation\">M\u00edstn\u00ed skladov\u00e1n\u00ed energie:<\/span><\/strong><span class=\"citation-1 recitation citation-end-1\"> Odd\u011blovac\u00ed kondenz\u00e1tory funguj\u00ed jako mal\u00e9 m\u00edstn\u00ed z\u00e1sobn\u00edky energie.<\/span> <span class=\"citation-2 recitation citation-end-2\">Jsou um\u00edst\u011bny velmi bl\u00edzko integrovan\u00fdch obvod\u016f (IC) nebo jin\u00fdch sou\u010d\u00e1stek, kter\u00e9 maj\u00ed odd\u011blit.<\/span><span class=\"button-container hide-from-message-actions ng-star-inserted\"> \u00a0<\/span>\n<div class=\"container ng-tns-c362440147-116 hide\">\n<div class=\"carousel-container ng-tns-c362440147-116\"><\/div>\n<\/div>\n<\/li>\n<li data-sourcepos=\"6:1-6:261\"><strong><span class=\"citation-3 recitation\">Potla\u010den\u00ed kol\u00eds\u00e1n\u00ed nap\u011bt\u00ed:<\/span><\/strong><span class=\"citation-3 recitation citation-end-3\"> Pokud integrovan\u00fd obvod n\u00e1hle odeb\u00edr\u00e1 velk\u00fd proud (nap\u0159. p\u0159i sp\u00ednac\u00edch operac\u00edch), m\u016f\u017ee odd\u011blovac\u00ed kondenz\u00e1tor tento proud rychle dodat a zabr\u00e1nit tak v\u00fdrazn\u00fdm pokles\u016fm nap\u011bt\u00ed na nap\u00e1jec\u00edch vodi\u010d\u00edch.<\/span><span class=\"button-container hide-from-message-actions ng-star-inserted\">\u00a0 \u00a0<\/span>\n<div class=\"container ng-tns-c362440147-117 hide\">\n<div class=\"carousel-container ng-tns-c362440147-117\"><\/div>\n<\/div>\n<\/li>\n<li data-sourcepos=\"7:1-8:0\"><strong>Filtrov\u00e1n\u00ed \u0161umu:<\/strong> <span class=\"citation-4 recitation citation-end-4\">Odd\u011blovac\u00ed kondenz\u00e1tory funguj\u00ed tak\u00e9 jako filtry, kter\u00e9 odv\u00e1d\u011bj\u00ed vysokofrekven\u010dn\u00ed \u0161umov\u00e9 proudy na zem, \u010d\u00edm\u017e minimalizuj\u00ed dopad \u0161umu na provoz integrovan\u00e9ho obvodu.<\/span><span class=\"button-container hide-from-message-actions ng-star-inserted\">\u00a0<\/span>\n<div class=\"container ng-tns-c362440147-118 hide\">\n<div class=\"carousel-container ng-tns-c362440147-118\"><\/div>\n<\/div>\n<\/li>\n<\/ul>\n<h3 data-sourcepos=\"9:1-9:24\"><strong>Kl\u00ed\u010dov\u00e9 charakteristiky odd\u011blovac\u00edho rezonan\u010dn\u00edho kondenz\u00e1toru:<\/strong><\/h3>\n<ul data-sourcepos=\"11:1-14:0\">\n<li data-sourcepos=\"11:1-11:117\"><strong><span class=\"citation-5 recitation\">N\u00edzk\u00fd ESR (ekvivalentn\u00ed s\u00e9riov\u00fd odpor):<\/span><\/strong><span class=\"citation-5 recitation citation-end-5\"> Minimalizuje energetick\u00e9 ztr\u00e1ty a zaji\u0161\u0165uje rychlou dod\u00e1vku proudu.<\/span><span class=\"button-container hide-from-message-actions ng-star-inserted\">\u00a0<\/span>\n<div class=\"container ng-tns-c362440147-119 hide\">\n<div class=\"carousel-container ng-tns-c362440147-119\"><\/div>\n<\/div>\n<\/li>\n<li data-sourcepos=\"12:1-12:95\"><strong>Vysok\u00e1 kapacita:<\/strong> Poskytuje dostate\u010dnou z\u00e1sobu energie pro zvl\u00e1dnut\u00ed p\u0159echodn\u00fdch proudov\u00fdch po\u017eadavk\u016f.<\/li>\n<li data-sourcepos=\"13:1-14:0\"><strong>Mal\u00e9 rozm\u011bry a n\u00edzk\u00e1 induk\u010dnost:<\/strong> Umo\u017e\u0148uje um\u00edst\u011bn\u00ed v t\u011bsn\u00e9 bl\u00edzkosti integrovan\u00e9ho obvodu, aby se minimalizoval vliv parazitn\u00ed induk\u010dnosti.<\/li>\n<\/ul>\n<h3 data-sourcepos=\"15:1-15:17\"><strong>B\u011b\u017en\u00e9 typy Odd\u011blovac\u00ed rezonan\u010dn\u00ed kondenz\u00e1tor:<\/strong><\/h3>\n<ul data-sourcepos=\"17:1-20:0\">\n<li data-sourcepos=\"17:1-17:93\"><strong>Keramick\u00e9 kondenz\u00e1tory:<\/strong> \u0160iroce se pou\u017e\u00edvaj\u00ed d\u00edky sv\u00fdm mal\u00fdm rozm\u011br\u016fm, vysok\u00e9 kapacit\u011b a n\u00edzk\u00e9mu ESR.<\/li>\n<li data-sourcepos=\"18:1-18:85\"><strong><span class=\"citation-6 recitation\">Tantalov\u00e9 kondenz\u00e1tory:<\/span><\/strong><span class=\"citation-6 recitation citation-end-6\"> Nab\u00edz\u00ed dobr\u00fd v\u00fdkon p\u0159i vy\u0161\u0161\u00edch frekvenc\u00edch.<\/span><span class=\"button-container hide-from-message-actions ng-star-inserted\"> \u00a0<\/span>\n<div class=\"container ng-tns-c362440147-120 hide\">\n<div class=\"carousel-container ng-tns-c362440147-120\"><\/div>\n<\/div>\n<\/li>\n<li data-sourcepos=\"19:1-20:0\"><strong><span class=\"citation-7 recitation\">Elektrolytick\u00e9 kondenz\u00e1tory:<\/span><\/strong><span class=\"citation-7 recitation citation-end-7\"> Obvykle se pou\u017e\u00edv\u00e1 pro v\u011bt\u0161\u00ed hodnoty kapacity v aplikac\u00edch, kde velikost nen\u00ed tak d\u016fle\u017eit\u00e1.<\/span><span class=\"button-container hide-from-message-actions ng-star-inserted\">\u00a0 .<\/span>\n<div class=\"container ng-tns-c362440147-121 hide\">\n<div class=\"carousel-container ng-tns-c362440147-121\"><\/div>\n<\/div>\n<\/li>\n<\/ul>\n<h3 data-sourcepos=\"21:1-21:28\"><strong>Um\u00edst\u011bn\u00ed a v\u00fdb\u011br:<\/strong><\/h3>\n<ul data-sourcepos=\"23:1-25:0\">\n<li data-sourcepos=\"23:1-23:247\"><strong>Um\u00edst\u011bn\u00ed:<\/strong> <span class=\"citation-8 recitation citation-end-8\">Odd\u011blovac\u00ed kondenz\u00e1tory by m\u011bly b\u00fdt um\u00edst\u011bny co nejbl\u00ed\u017ee (ide\u00e1ln\u011b p\u0159\u00edmo na v\u00fdvodech integrovan\u00e9ho obvodu) k nap\u00e1jec\u00edm a zemn\u00edc\u00edm v\u00fdvod\u016fm integrovan\u00e9ho obvodu.<\/span> <span class=\"citation-9 recitation citation-end-9\">Kr\u00e1tk\u00e1 p\u0159\u00edm\u00e1 spojen\u00ed minimalizuj\u00ed vliv parazitn\u00ed induk\u010dnosti.<\/span><span class=\"button-container hide-from-message-actions ng-star-inserted\"> \u00a0<\/span>\n<div class=\"container ng-tns-c362440147-122 hide\">\n<div class=\"carousel-container ng-tns-c362440147-122\"><\/div>\n<\/div>\n<\/li>\n<li data-sourcepos=\"24:1-25:0\"><strong>V\u00fdb\u011br:<\/strong> Volba typu a hodnoty kondenz\u00e1toru z\u00e1vis\u00ed na konkr\u00e9tn\u00ed aplikaci a vlastnostech integrovan\u00e9ho obvodu. Je t\u0159eba vz\u00edt v \u00favahu faktory, jako je sp\u00ednac\u00ed rychlost IC, odb\u011br proudu a provozn\u00ed frekvence.<\/li>\n<\/ul>\n<h3 data-sourcepos=\"26:1-26:15\"><strong>Shrnut\u00ed:<\/strong><\/h3>\n<p data-sourcepos=\"28:1-28:301\"><span class=\"citation-10 recitation citation-end-10\">Odd\u011blovac\u00ed kondenz\u00e1tory jsou z\u00e1kladn\u00edmi sou\u010d\u00e1stmi elektronick\u00fdch obvod\u016f, zejm\u00e9na ve vysokorychlostn\u00edch digit\u00e1ln\u00edch syst\u00e9mech.<\/span> <span class=\"citation-11 recitation citation-end-11\">\u00da\u010dinn\u00fdm odd\u011blen\u00edm integrovan\u00fdch obvod\u016f od nap\u00e1jec\u00edch veden\u00ed pom\u00e1haj\u00ed zajistit stabiln\u00ed provoz, minimalizovat \u0161um a zlep\u0161it celkov\u00fd v\u00fdkon syst\u00e9mu.<\/span><span class=\"button-container hide-from-message-actions ng-star-inserted\"> \u00a0<\/span><\/p>\n<p data-sourcepos=\"30:1-30:208\"><strong>Pozn\u00e1mka:<\/strong> Tento v\u00fdklad poskytuje obecn\u00fd p\u0159ehled. Konkr\u00e9tn\u00ed po\u017eadavky na odd\u011blovac\u00ed kondenz\u00e1tory se li\u0161\u00ed v z\u00e1vislosti na konkr\u00e9tn\u00ed aplikaci a vlastnostech elektronick\u00e9ho obvodu.<\/p>\n<\/div>\n<\/div>\n<\/div>\n<\/div>\n<\/div>\n<\/div>","protected":false},"excerpt":{"rendered":"<table style=\"height: 479px;\" width=\"711\">\n<tbody>\n<tr>\n<td width=\"146\"><strong><b>Produkt<\/b><\/strong>\u00a0<strong><b>Jm\u00e9no:<\/b><\/strong><\/td>\n<td width=\"601\"><strong>Odd\u011blovac\u00ed rezonan\u010dn\u00ed kondenz\u00e1tor<\/strong><\/td>\n<\/tr>\n<tr>\n<td width=\"146\">\n<h4><strong>Kr\u00e1tk\u00fd popis:<\/strong><\/h4>\n<\/td>\n<td width=\"601\">Spole\u010dnost CRE je schopna dod\u00e1vat rezonan\u010dn\u00ed kondenz\u00e1tory s vysok\u00fdm v\u00fdkonem, kter\u00e9 zvl\u00e1dnou velk\u00e1 nap\u011bt\u00ed a proudy v mal\u00e9m kompaktn\u00edm balen\u00ed.<\/p>\n<p>&nbsp;<\/td>\n<\/tr>\n<tr>\n<td width=\"146\"><strong>Rozsah kapacity:<\/strong><\/td>\n<td width=\"601\">1\u03bcF\uff5e8\u03bcF<\/td>\n<\/tr>\n<tr>\n<td width=\"146\"><strong>Jmenovit\u00e9 nap\u011bt\u00ed\uff1a<\/strong><\/td>\n<td width=\"601\">1200V.DC\uff5e4000V.DC<\/td>\n<\/tr>\n<tr>\n<td width=\"146\"><strong>Cap.tol\uff1a<\/strong><\/td>\n<td width=\"601\">\u00b15%(J) ;\u00b110%(K)<\/td>\n<\/tr>\n<tr>\n<td width=\"146\"><strong>V\u00fddr\u017en\u00e9 nap\u011bt\u00ed:<\/strong><\/td>\n<td width=\"601\">1,5Un \/10S<\/td>\n<\/tr>\n<\/tbody>\n<\/table>","protected":false},"featured_media":1899,"comment_status":"open","ping_status":"closed","template":"","meta":[],"product_brand":[],"product_cat":[42],"product_tag":[],"class_list":{"0":"post-1898","1":"product","2":"type-product","3":"status-publish","4":"has-post-thumbnail","6":"product_cat-resonance-capacitor","8":"first","9":"instock","10":"shipping-taxable","11":"product-type-simple"},"_links":{"self":[{"href":"https:\/\/rf-capacitor.com\/cs\/wp-json\/wp\/v2\/product\/1898","targetHints":{"allow":["GET"]}}],"collection":[{"href":"https:\/\/rf-capacitor.com\/cs\/wp-json\/wp\/v2\/product"}],"about":[{"href":"https:\/\/rf-capacitor.com\/cs\/wp-json\/wp\/v2\/types\/product"}],"replies":[{"embeddable":true,"href":"https:\/\/rf-capacitor.com\/cs\/wp-json\/wp\/v2\/comments?post=1898"}],"wp:featuredmedia":[{"embeddable":true,"href":"https:\/\/rf-capacitor.com\/cs\/wp-json\/wp\/v2\/media\/1899"}],"wp:attachment":[{"href":"https:\/\/rf-capacitor.com\/cs\/wp-json\/wp\/v2\/media?parent=1898"}],"wp:term":[{"taxonomy":"product_brand","embeddable":true,"href":"https:\/\/rf-capacitor.com\/cs\/wp-json\/wp\/v2\/product_brand?post=1898"},{"taxonomy":"product_cat","embeddable":true,"href":"https:\/\/rf-capacitor.com\/cs\/wp-json\/wp\/v2\/product_cat?post=1898"},{"taxonomy":"product_tag","embeddable":true,"href":"https:\/\/rf-capacitor.com\/cs\/wp-json\/wp\/v2\/product_tag?post=1898"}],"curies":[{"name":"wp","href":"https:\/\/api.w.org\/{rel}","templated":true}]}}