{"id":1890,"date":"2025-01-02T06:49:41","date_gmt":"2025-01-02T06:49:41","guid":{"rendered":"https:\/\/rf-capacitor.com\/?post_type=product&#038;p=1890"},"modified":"2025-01-02T06:49:41","modified_gmt":"2025-01-02T06:49:41","slug":"compact-resonant-capacitors","status":"publish","type":"product","link":"https:\/\/rf-capacitor.com\/cs\/compact-resonant-capacitors\/","title":{"rendered":"Kompaktn\u00ed rezonan\u010dn\u00ed kondenz\u00e1tory"},"content":{"rendered":"<div class=\"user-query-container ng-star-inserted\">\n<div id=\"user-query-content-6\" class=\"query-content\">\n<div class=\"query-text gds-body-l ng-star-inserted\" dir=\"ltr\" role=\"heading\" aria-level=\"2\">\n<h3 class=\"query-text-line ng-star-inserted\">Kompaktn\u00ed rezonan\u010dn\u00ed kondenz\u00e1tory<\/h3>\n<\/div>\n<\/div>\n<div class=\"button-gutter\"><span class=\"citation-0 recitation citation-end-0\" style=\"font-size: 14.4px; color: #555555;\">Kompaktn\u00ed rezonan\u010dn\u00ed kondenz\u00e1tory jsou navr\u017eeny tak, aby minimalizovaly velikost a hmotnost p\u0159i zachov\u00e1n\u00ed vysok\u00e9ho v\u00fdkonu v rezonan\u010dn\u00edch obvodech.<\/span><span class=\"button-container hide-from-message-actions ng-star-inserted\" style=\"font-size: 14.4px; color: #555555;\">\u00a0 \u00a0<\/span><\/div>\n<\/div>\n<div>\n<div class=\"response-container ng-tns-c3227055261-101 response-optimization tts-removed ng-star-inserted response-container-has-multiple-responses\">\n<div class=\"presented-response-container ng-tns-c3227055261-101\">\n<div class=\"response-container-content ng-tns-c3227055261-101 tunable-selection-with-avatar\">\n<div class=\"response-content ng-tns-c3227055261-101\">\n<div id=\"model-response-message-contentr_7732902abd9846b2\" class=\"markdown markdown-main-panel tutor-markdown-rendering response-optimization\" dir=\"ltr\">\n<h3 data-sourcepos=\"1:1-1:139\"><strong style=\"font-size: 14.4px;\">Kl\u00ed\u010dov\u00e9 vlastnosti:<\/strong><\/h3>\n<ul data-sourcepos=\"5:1-9:0\">\n<li data-sourcepos=\"5:1-5:95\"><strong>Vysok\u00e1 kapacitn\u00ed hustota:<\/strong> Dosahuje vysok\u00fdch hodnot kapacity p\u0159i mal\u00fdch fyzick\u00fdch rozm\u011brech.<\/li>\n<li data-sourcepos=\"6:1-6:107\"><strong><span class=\"citation-1 recitation\">N\u00edzk\u00fd ESR (ekvivalentn\u00ed s\u00e9riov\u00fd odpor):<\/span><\/strong><span class=\"citation-1 recitation citation-end-1\"> Minimalizuje energetick\u00e9 ztr\u00e1ty a zvy\u0161uje \u00fa\u010dinnost.<\/span>\n<div class=\"container ng-tns-c362440147-106 hide\">\n<div class=\"carousel-container ng-tns-c362440147-106\"><\/div>\n<\/div>\n<\/li>\n<li data-sourcepos=\"7:1-7:90\"><strong>Vysok\u00fd Q-faktor:<\/strong> Zaji\u0161\u0165uje vysok\u00fd \u010dinitel kvality pro efektivn\u00ed provoz rezonan\u010dn\u00edho obvodu.<\/li>\n<li data-sourcepos=\"8:1-9:0\"><strong>Teplotn\u00ed stabilita:<\/strong> Udr\u017euje stabiln\u00ed hodnoty kapacity v \u0161irok\u00e9m rozsahu teplot.<\/li>\n<\/ul>\n<h3 data-sourcepos=\"10:1-10:38\"><strong>Technologie umo\u017e\u0148uj\u00edc\u00ed kompaktnost:<\/strong><\/h3>\n<ul data-sourcepos=\"12:1-15:0\">\n<li data-sourcepos=\"12:1-12:133\"><strong>Pokro\u010dil\u00e9 dielektrick\u00e9 materi\u00e1ly:<\/strong> <span class=\"citation-2 recitation citation-end-2\">Pou\u017eit\u00ed dielektrick\u00fdch materi\u00e1l\u016f s vysokou propustnost\u00ed umo\u017e\u0148uje dos\u00e1hnout men\u0161\u00edch fyzick\u00fdch rozm\u011br\u016f.<\/span>\n<div class=\"container ng-tns-c362440147-107 hide\">\n<div class=\"carousel-container ng-tns-c362440147-107\"><\/div>\n<\/div>\n<\/li>\n<li data-sourcepos=\"13:1-13:116\"><strong>V\u00edcevrstv\u00e1 konstrukce:<\/strong> Pou\u017eit\u00ed v\u00edcevrstv\u00fdch struktur zvy\u0161uje kapacitn\u00ed hustotu v omezen\u00e9m prostoru.<\/li>\n<li data-sourcepos=\"14:1-15:0\"><strong>Miniaturiza\u010dn\u00ed techniky:<\/strong> Pokro\u010dil\u00e9 v\u00fdrobn\u00ed procesy umo\u017e\u0148uj\u00ed vytv\u00e1\u0159et extr\u00e9mn\u011b mal\u00e9 a p\u0159esn\u00e9 sou\u010d\u00e1sti.<\/li>\n<\/ul>\n<h3 data-sourcepos=\"16:1-16:17\"><strong>Aplikace:<\/strong><\/h3>\n<ul data-sourcepos=\"18:1-22:0\">\n<li data-sourcepos=\"18:1-18:115\"><strong>Bezdr\u00e1tov\u00e1 komunikace:<\/strong> Pou\u017e\u00edv\u00e1 se ve vysokofrekven\u010dn\u00edch obvodech pro mobiln\u00ed telefony, Wi-Fi a dal\u0161\u00ed bezdr\u00e1tov\u00e1 za\u0159\u00edzen\u00ed.<\/li>\n<li data-sourcepos=\"19:1-19:98\"><strong>RF syst\u00e9my:<\/strong> Pou\u017e\u00edv\u00e1 se v radiofrekven\u010dn\u00edch syst\u00e9mech, jako je radar a satelitn\u00ed komunikace.<\/li>\n<li data-sourcepos=\"20:1-20:89\"><strong>V\u00fdkonov\u00e1 elektronika:<\/strong> <span class=\"citation-3 recitation citation-end-3\">Vyu\u017e\u00edv\u00e1 se v kompaktn\u00edch a \u00fa\u010dinn\u00fdch m\u011bni\u010d\u00edch energie.<\/span>\n<div class=\"container ng-tns-c362440147-108 hide\">\n<div class=\"carousel-container ng-tns-c362440147-108\"><\/div>\n<\/div>\n<\/li>\n<li data-sourcepos=\"21:1-22:0\"><strong>Automobilov\u00e1 elektronika:<\/strong> Nach\u00e1z\u00ed se v r\u016fzn\u00fdch automobilov\u00fdch aplikac\u00edch, v\u010detn\u011b \u0159\u00eddic\u00edch jednotek motor\u016f a pokro\u010dil\u00fdch asisten\u010dn\u00edch syst\u00e9m\u016f \u0159idi\u010de (ADAS).<\/li>\n<\/ul>\n<h3 data-sourcepos=\"23:1-23:13\"><strong>V\u00fdhody:<\/strong><\/h3>\n<ul data-sourcepos=\"25:1-28:0\">\n<li data-sourcepos=\"25:1-25:78\"><strong>Sn\u00ed\u017een\u00e1 velikost a hmotnost:<\/strong> Umo\u017e\u0148uje pou\u017e\u00edvat men\u0161\u00ed a leh\u010d\u00ed elektronick\u00e1 za\u0159\u00edzen\u00ed.<\/li>\n<li data-sourcepos=\"26:1-26:106\"><strong>Vylep\u0161en\u00fd v\u00fdkon:<\/strong> Vy\u0161\u0161\u00ed hustota kapacity a ni\u017e\u0161\u00ed ESR vedou ke zlep\u0161en\u00ed v\u00fdkonu obvodu.<\/li>\n<li data-sourcepos=\"27:1-28:0\"><strong>Sn\u00ed\u017een\u00ed n\u00e1klad\u016f:<\/strong> Mo\u017enost sn\u00ed\u017een\u00ed v\u00fdrobn\u00edch n\u00e1klad\u016f d\u00edky men\u0161\u00edm rozm\u011br\u016fm sou\u010d\u00e1st\u00ed.<\/li>\n<\/ul>\n<\/div>\n<\/div>\n<\/div>\n<\/div>\n<\/div>\n<\/div>","protected":false},"excerpt":{"rendered":"<table style=\"height: 581px;\" width=\"732\">\n<tbody>\n<tr>\n<td width=\"146\"><strong><b>Produkt<\/b><\/strong>\u00a0<strong><b>Jm\u00e9no:<\/b><\/strong><\/td>\n<td width=\"601\"><strong>Kompaktn\u00ed rezonan\u010dn\u00ed kondenz\u00e1tory<\/strong><\/td>\n<\/tr>\n<tr>\n<td width=\"146\">\n<h4><strong>Kr\u00e1tk\u00fd popis:<\/strong><\/h4>\n<\/td>\n<td width=\"601\">1. Elektrody s m\u011bd\u011bn\u00fdmi maticemi, mal\u00e9 fyzick\u00e9 rozm\u011bry, snadn\u00e1 instalace<\/p>\n<p>2. Plastov\u00fd obal, zataven\u00fd suchou prysky\u0159ic\u00ed<\/p>\n<p>3. Schopnost pracovat p\u0159i vysokofrekven\u010dn\u00edm proudu nebo vysok\u00e9m pulzn\u00edm proudu<\/p>\n<p>4. N\u00edzk\u00e9 ESL a ESR<\/td>\n<\/tr>\n<tr>\n<td width=\"146\"><strong>Rozsah kapacity:<\/strong><\/td>\n<td width=\"601\">1\uff5e8\u03bcF<\/td>\n<\/tr>\n<tr>\n<td width=\"146\"><strong>Jmenovit\u00e9 nap\u011bt\u00ed\uff1a<\/strong><\/td>\n<td width=\"601\">1200V.DC\uff5e2000V.DC<\/td>\n<\/tr>\n<tr>\n<td width=\"146\"><strong>Cap.tol\uff1a<\/strong><\/td>\n<td width=\"601\">\u00b15%(J)<\/td>\n<\/tr>\n<tr>\n<td width=\"146\"><strong>V\u00fddr\u017en\u00e9 nap\u011bt\u00ed:<\/strong><\/td>\n<td width=\"601\">1.5Un DC\/60S<\/td>\n<\/tr>\n<\/tbody>\n<\/table>","protected":false},"featured_media":1891,"comment_status":"open","ping_status":"closed","template":"","meta":[],"product_brand":[],"product_cat":[42],"product_tag":[],"class_list":{"0":"post-1890","1":"product","2":"type-product","3":"status-publish","4":"has-post-thumbnail","6":"product_cat-resonance-capacitor","8":"first","9":"instock","10":"shipping-taxable","11":"product-type-simple"},"_links":{"self":[{"href":"https:\/\/rf-capacitor.com\/cs\/wp-json\/wp\/v2\/product\/1890","targetHints":{"allow":["GET"]}}],"collection":[{"href":"https:\/\/rf-capacitor.com\/cs\/wp-json\/wp\/v2\/product"}],"about":[{"href":"https:\/\/rf-capacitor.com\/cs\/wp-json\/wp\/v2\/types\/product"}],"replies":[{"embeddable":true,"href":"https:\/\/rf-capacitor.com\/cs\/wp-json\/wp\/v2\/comments?post=1890"}],"wp:featuredmedia":[{"embeddable":true,"href":"https:\/\/rf-capacitor.com\/cs\/wp-json\/wp\/v2\/media\/1891"}],"wp:attachment":[{"href":"https:\/\/rf-capacitor.com\/cs\/wp-json\/wp\/v2\/media?parent=1890"}],"wp:term":[{"taxonomy":"product_brand","embeddable":true,"href":"https:\/\/rf-capacitor.com\/cs\/wp-json\/wp\/v2\/product_brand?post=1890"},{"taxonomy":"product_cat","embeddable":true,"href":"https:\/\/rf-capacitor.com\/cs\/wp-json\/wp\/v2\/product_cat?post=1890"},{"taxonomy":"product_tag","embeddable":true,"href":"https:\/\/rf-capacitor.com\/cs\/wp-json\/wp\/v2\/product_tag?post=1890"}],"curies":[{"name":"wp","href":"https:\/\/api.w.org\/{rel}","templated":true}]}}