{"id":1886,"date":"2025-01-02T06:26:09","date_gmt":"2025-01-02T06:26:09","guid":{"rendered":"https:\/\/rf-capacitor.com\/?post_type=product&#038;p=1886"},"modified":"2025-01-02T06:26:09","modified_gmt":"2025-01-02T06:26:09","slug":"high-voltage-resonance-capacitor","status":"publish","type":"product","link":"https:\/\/rf-capacitor.com\/cs\/high-voltage-resonance-capacitor\/","title":{"rendered":"Vysokonap\u011b\u0165ov\u00fd rezonan\u010dn\u00ed kondenz\u00e1tor"},"content":{"rendered":"<div class=\"user-query-container ng-star-inserted\">\n<div id=\"user-query-content-5\" class=\"query-content\">\n<div class=\"query-text gds-body-l ng-star-inserted\" dir=\"ltr\" role=\"heading\" aria-level=\"2\">\n<h3 class=\"query-text-line ng-star-inserted\">Vysokonap\u011b\u0165ov\u00fd rezonan\u010dn\u00ed kondenz\u00e1tor<\/h3>\n<\/div>\n<\/div>\n<\/div>\n<div>\n<div class=\"response-container ng-tns-c3227055261-91 response-optimization tts-removed ng-star-inserted response-container-has-multiple-responses\">\n<div class=\"presented-response-container ng-tns-c3227055261-91\">\n<div class=\"response-container-content ng-tns-c3227055261-91 tunable-selection-with-avatar\">\n<div class=\"response-content ng-tns-c3227055261-91\">\n<div id=\"model-response-message-contentr_53dd446f46a75fa7\" class=\"markdown markdown-main-panel tutor-markdown-rendering response-optimization\" dir=\"ltr\">\n<p data-sourcepos=\"1:1-1:126\"><span class=\"citation-0 recitation citation-end-0\">Vysokonap\u011b\u0165ov\u00e9 rezonan\u010dn\u00ed kondenz\u00e1tory jsou specializovan\u00e9 sou\u010d\u00e1stky ur\u010den\u00e9 pro pou\u017eit\u00ed ve vysokonap\u011b\u0165ov\u00fdch rezonan\u010dn\u00edch obvodech.<\/span><span class=\"button-container hide-from-message-actions ng-star-inserted\"> \u00a0<\/span><\/p>\n<h3 data-sourcepos=\"3:1-3:24\"><strong>Kl\u00ed\u010dov\u00e9 vlastnosti:<\/strong><\/h3>\n<ul data-sourcepos=\"5:1-10:0\">\n<li data-sourcepos=\"5:1-5:127\"><strong>Extr\u00e9mn\u011b vysok\u00e9 nap\u011bt\u00ed:<\/strong> <span class=\"citation-1 recitation citation-end-1\">Jsou schopny odol\u00e1vat velmi vysok\u00fdm nap\u011bt\u00edm (obvykle v rozsahu kilovolt\u016f).<\/span><span class=\"button-container hide-from-message-actions ng-star-inserted\">\u00a0 \u00a0<\/span>\n<div class=\"container ng-tns-c362440147-96 hide\">\n<div class=\"carousel-container ng-tns-c362440147-96\"><\/div>\n<\/div>\n<\/li>\n<li data-sourcepos=\"6:1-6:95\"><strong>N\u00edzk\u00e9 ztr\u00e1ty:<\/strong> Minim\u00e1ln\u00ed vnit\u0159n\u00ed ztr\u00e1ty pro minimalizaci rozptylu energie a maximalizaci \u00fa\u010dinnosti.<\/li>\n<li data-sourcepos=\"7:1-7:110\"><strong>Vysok\u00fd Q-faktor:<\/strong> <span class=\"citation-2 recitation citation-end-2\">Pro efektivn\u00ed provoz rezonan\u010dn\u00edho obvodu je z\u00e1sadn\u00ed vysok\u00fd \u010dinitel jakosti (Q).<\/span><span class=\"button-container hide-from-message-actions ng-star-inserted\">\u00a0 \u00a0<\/span>\n<div class=\"container ng-tns-c362440147-97 hide\">\n<div class=\"carousel-container ng-tns-c362440147-97\"><\/div>\n<\/div>\n<\/li>\n<li data-sourcepos=\"8:1-8:96\"><strong>P\u0159esn\u00e1 kapacita:<\/strong> Rozhoduj\u00edc\u00ed pro dosa\u017een\u00ed po\u017eadovan\u00e9 rezonan\u010dn\u00ed frekvence v obvodu.<\/li>\n<li data-sourcepos=\"9:1-10:0\"><strong>Robustn\u00ed konstrukce:<\/strong> Jsou navr\u017eeny tak, aby odol\u00e1valy nam\u00e1h\u00e1n\u00ed p\u0159i provozu s vysok\u00fdm nap\u011bt\u00edm a n\u00e1ro\u010dn\u00e9mu prost\u0159ed\u00ed, ve kter\u00e9m se pou\u017e\u00edvaj\u00ed.<\/li>\n<\/ul>\n<h3 data-sourcepos=\"11:1-11:17\"><strong>Aplikace:<\/strong><\/h3>\n<ul data-sourcepos=\"13:1-18:0\">\n<li data-sourcepos=\"13:1-13:154\"><strong><span class=\"citation-3 recitation\">Teslovy c\u00edvky:<\/span><\/strong><span class=\"citation-3 recitation citation-end-3\"> Klasick\u00fd p\u0159\u00edklad, kdy se vysokonap\u011b\u0165ov\u00e9 rezonan\u010dn\u00ed kondenz\u00e1tory pou\u017e\u00edvaj\u00ed ke generov\u00e1n\u00ed vysokonap\u011b\u0165ov\u00fdch vysokofrekven\u010dn\u00edch oscilac\u00ed.<\/span><span class=\"button-container hide-from-message-actions ng-star-inserted\">\u00a0<\/span>\n<div class=\"container ng-tns-c362440147-98 hide\">\n<div class=\"carousel-container ng-tns-c362440147-98\"><\/div>\n<\/div>\n<\/li>\n<li data-sourcepos=\"14:1-14:135\"><strong>Urychlova\u010de \u010d\u00e1stic:<\/strong> Pou\u017e\u00edv\u00e1 se v r\u016fzn\u00fdch sou\u010d\u00e1stech urychlova\u010d\u016f \u010d\u00e1stic ke generov\u00e1n\u00ed a manipulaci s vysokoenergetick\u00fdmi svazky \u010d\u00e1stic.<\/li>\n<li data-sourcepos=\"15:1-15:85\"><strong>Vys\u00edla\u010de s vysok\u00fdm v\u00fdkonem:<\/strong> Nach\u00e1z\u00ed se ve v\u00fdkonn\u00fdch rozhlasov\u00fdch a televizn\u00edch vys\u00edla\u010d\u00edch.<\/li>\n<li data-sourcepos=\"16:1-16:98\"><strong>V\u00fdzkum fyziky plazmatu:<\/strong> Pou\u017e\u00edv\u00e1 se p\u0159i experimentech s fyzikou plazmatu k vytv\u00e1\u0159en\u00ed a omezov\u00e1n\u00ed plazmatu.<\/li>\n<li data-sourcepos=\"17:1-18:0\"><strong>Pr\u016fmyslov\u00e9 aplikace:<\/strong> N\u011bkter\u00e9 specializovan\u00e9 pr\u016fmyslov\u00e9 aplikace mohou vy\u017eadovat vysokonap\u011b\u0165ov\u00e9 rezonan\u010dn\u00ed kondenz\u00e1tory.<\/li>\n<\/ul>\n<p data-sourcepos=\"19:1-19:15\"><strong>Shrnut\u00ed:<\/strong><\/p>\n<p data-sourcepos=\"21:1-21:254\">Vysokonap\u011b\u0165ov\u00e9 rezonan\u010dn\u00ed kondenz\u00e1tory jsou kritick\u00fdmi sou\u010d\u00e1stkami v mnoha vysokonap\u011b\u0165ov\u00fdch aplikac\u00edch. Jejich schopnost odol\u00e1vat extr\u00e9mn\u00edm nap\u011bt\u00edm, minimalizovat ztr\u00e1ty a efektivn\u011b pracovat v rezonan\u010dn\u00edch obvodech je pro tyto n\u00e1ro\u010dn\u00e9 aplikace nezbytn\u00e1.<\/p>\n<\/div>\n<\/div>\n<\/div>\n<\/div>\n<\/div>\n<\/div>","protected":false},"excerpt":{"rendered":"<table style=\"height: 581px;\" width=\"824\">\n<tbody>\n<tr>\n<td width=\"146\"><strong><b>Produkt<\/b><\/strong>\u00a0<strong><b>Jm\u00e9no:<\/b><\/strong><\/td>\n<td width=\"601\"><strong>Vysokonap\u011b\u0165ov\u00fd rezonan\u010dn\u00ed kondenz\u00e1tor<\/strong><\/td>\n<\/tr>\n<tr>\n<td width=\"146\">\n<h4><strong>Kr\u00e1tk\u00fd popis:<\/strong><\/h4>\n<\/td>\n<td width=\"601\">1. Mal\u00e1 kompaktn\u00ed velikost balen\u00ed<\/p>\n<p>2. Schopnost zvl\u00e1dnout velk\u00e1 nap\u011bt\u00ed a proudy<\/p>\n<p>3. Pou\u017eit\u00ed n\u00edzkoztr\u00e1tov\u00e9ho dielektrika z polypropylenov\u00e9 f\u00f3lie<\/td>\n<\/tr>\n<tr>\n<td width=\"146\"><strong>Odolnost proti vybit\u00ed:<\/strong><\/td>\n<td width=\"601\">30000M\u03a9<\/td>\n<\/tr>\n<tr>\n<td width=\"146\"><strong>Jmenovit\u00e9 nap\u011bt\u00ed\uff1a<\/strong><\/td>\n<td width=\"601\">5000v\/\u00b5s<\/td>\n<\/tr>\n<tr>\n<td width=\"146\"><strong>Cap.tol\uff1a<\/strong><\/td>\n<td width=\"601\">\n<table style=\"height: 6px;\" border=\"0\" width=\"5\" cellspacing=\"0\">\n<tbody>\n<tr>\n<td valign=\"center\" nowrap=\"nowrap\" width=\"330\"><\/td>\n<\/tr>\n<\/tbody>\n<\/table>\n<p>-40\u2103~ +85\u2103<\/td>\n<\/tr>\n<tr>\n<td width=\"146\"><strong>\u017divotnost:\u00a0<\/strong><\/td>\n<td width=\"601\">100000H<\/td>\n<\/tr>\n<\/tbody>\n<\/table>","protected":false},"featured_media":1887,"comment_status":"open","ping_status":"closed","template":"","meta":[],"product_brand":[],"product_cat":[42],"product_tag":[],"class_list":{"0":"post-1886","1":"product","2":"type-product","3":"status-publish","4":"has-post-thumbnail","6":"product_cat-resonance-capacitor","8":"first","9":"instock","10":"shipping-taxable","11":"product-type-simple"},"_links":{"self":[{"href":"https:\/\/rf-capacitor.com\/cs\/wp-json\/wp\/v2\/product\/1886","targetHints":{"allow":["GET"]}}],"collection":[{"href":"https:\/\/rf-capacitor.com\/cs\/wp-json\/wp\/v2\/product"}],"about":[{"href":"https:\/\/rf-capacitor.com\/cs\/wp-json\/wp\/v2\/types\/product"}],"replies":[{"embeddable":true,"href":"https:\/\/rf-capacitor.com\/cs\/wp-json\/wp\/v2\/comments?post=1886"}],"wp:featuredmedia":[{"embeddable":true,"href":"https:\/\/rf-capacitor.com\/cs\/wp-json\/wp\/v2\/media\/1887"}],"wp:attachment":[{"href":"https:\/\/rf-capacitor.com\/cs\/wp-json\/wp\/v2\/media?parent=1886"}],"wp:term":[{"taxonomy":"product_brand","embeddable":true,"href":"https:\/\/rf-capacitor.com\/cs\/wp-json\/wp\/v2\/product_brand?post=1886"},{"taxonomy":"product_cat","embeddable":true,"href":"https:\/\/rf-capacitor.com\/cs\/wp-json\/wp\/v2\/product_cat?post=1886"},{"taxonomy":"product_tag","embeddable":true,"href":"https:\/\/rf-capacitor.com\/cs\/wp-json\/wp\/v2\/product_tag?post=1886"}],"curies":[{"name":"wp","href":"https:\/\/api.w.org\/{rel}","templated":true}]}}