{"id":1866,"date":"2025-01-02T02:57:34","date_gmt":"2025-01-02T02:57:34","guid":{"rendered":"https:\/\/rf-capacitor.com\/?post_type=product&#038;p=1866"},"modified":"2025-01-02T02:57:34","modified_gmt":"2025-01-02T02:57:34","slug":"water-cooled-capacitor","status":"publish","type":"product","link":"https:\/\/rf-capacitor.com\/cs\/water-cooled-capacitor\/","title":{"rendered":"Vodou chlazen\u00fd kondenz\u00e1tor"},"content":{"rendered":"<div class=\"user-query-container ng-star-inserted\">\n<div id=\"user-query-content-4\" class=\"query-content\">\n<div class=\"query-text gds-body-l ng-star-inserted\" dir=\"ltr\" role=\"heading\" aria-level=\"2\">\n<h2 class=\"query-text-line ng-star-inserted\"><strong>Vodou chlazen\u00fd kondenz\u00e1tor<\/strong><\/h2>\n<\/div>\n<\/div>\n<\/div>\n<div>\n<div class=\"response-container ng-tns-c3227055261-63 response-optimization tts-removed ng-star-inserted response-container-has-multiple-responses\">\n<div class=\"presented-response-container ng-tns-c3227055261-63\">\n<div class=\"response-container-content ng-tns-c3227055261-63 tunable-selection-with-avatar\">\n<div class=\"response-content ng-tns-c3227055261-63\">\n<div id=\"model-response-message-contentr_bb0f189e172b8913\" class=\"markdown markdown-main-panel tutor-markdown-rendering response-optimization\" dir=\"ltr\">\n<p data-sourcepos=\"1:1-1:143\"><span class=\"citation-0 recitation citation-end-0\">Vodou chlazen\u00e9 kondenz\u00e1tory jsou ur\u010deny pro vysoce v\u00fdkonn\u00e9 aplikace, kde je d\u016fle\u017eit\u00fd \u00fa\u010dinn\u00fd odvod tepla.<\/span> Zde je rozpis:<span class=\"button-container hide-from-message-actions ng-star-inserted\"> \u00a0<\/span><\/p>\n<h3 data-sourcepos=\"3:1-3:18\"><strong>Jak funguje vodou chlazen\u00fd kondenz\u00e1tor:<\/strong><\/h3>\n<ul data-sourcepos=\"5:1-7:0\">\n<li data-sourcepos=\"5:1-5:162\"><strong><span class=\"citation-1 recitation\">V\u00fdroba tepla:<\/span><\/strong><span class=\"citation-1 recitation citation-end-1\"> V aplikac\u00edch s vysok\u00fdm v\u00fdkonem mohou kondenz\u00e1tory generovat zna\u010dn\u00e9 mno\u017estv\u00ed tepla v d\u016fsledku vnit\u0159n\u00edch ztr\u00e1t (nap\u0159. dielektrick\u00fdch ztr\u00e1t a ESR).<\/span><span class=\"button-container hide-from-message-actions ng-star-inserted\">\u00a0<\/span>\n<div class=\"container ng-tns-c362440147-68 hide\">\n<div class=\"carousel-container ng-tns-c362440147-68\"><\/div>\n<\/div>\n<\/li>\n<li data-sourcepos=\"6:1-7:0\"><strong><span class=\"citation-2 recitation\">Mechanismus chlazen\u00ed:<\/span><\/strong><span class=\"citation-2 recitation citation-end-2\"> Voda cirkuluje vnit\u0159n\u00edmi kan\u00e1ly nebo kolem vn\u011bj\u0161\u00edho povrchu kondenz\u00e1toru.<\/span> <span class=\"citation-3 recitation citation-end-3\">To umo\u017e\u0148uje \u00fa\u010dinn\u00fd odvod tepla z kondenz\u00e1toru a zabra\u0148uje nadm\u011brn\u00e9mu n\u00e1r\u016fstu teploty.<\/span><span class=\"button-container hide-from-message-actions ng-star-inserted\">\u00a0<button class=\"mat-mdc-tooltip-trigger button image-fade-on hide-from-message-actions\" aria-controls=\"sources\" aria-expanded=\"false\" aria-describedby=\"cdk-describedby-message-ng-1-29\"><\/button><\/span>\n<div class=\"container ng-tns-c362440147-69 hide\">\n<div class=\"carousel-container ng-tns-c362440147-69\"><\/div>\n<\/div>\n<\/li>\n<\/ul>\n<h3 data-sourcepos=\"8:1-8:24\"><strong>Kl\u00ed\u010dov\u00e9 vlastnosti:<\/strong><\/h3>\n<ul data-sourcepos=\"10:1-14:0\">\n<li data-sourcepos=\"10:1-10:89\"><strong>Vysok\u00fd v\u00fdkon:<\/strong> <span class=\"citation-4 recitation citation-end-4\">Navr\u017eeno pro vysok\u00e9 v\u00fdkony a vysok\u00e9 proudy.<\/span>\n<div class=\"container ng-tns-c362440147-70 hide\">\n<div class=\"carousel-container ng-tns-c362440147-70\"><\/div>\n<\/div>\n<\/li>\n<li data-sourcepos=\"11:1-11:65\"><strong>Vysok\u00e9 nap\u011bt\u00ed:<\/strong> Schopnost odol\u00e1vat vysok\u00fdm nap\u011bt\u00edm.<\/li>\n<li data-sourcepos=\"12:1-12:63\"><strong><span class=\"citation-5 recitation\">N\u00edzk\u00e9 ESR:<\/span><\/strong><span class=\"citation-5 recitation citation-end-5\"> Minimalizuje tvorbu vnit\u0159n\u00edho tepla.<\/span><span class=\"button-container hide-from-message-actions ng-star-inserted\"> \u00a0<\/span>\n<div class=\"container ng-tns-c362440147-71 hide\">\n<div class=\"carousel-container ng-tns-c362440147-71\"><\/div>\n<\/div>\n<\/li>\n<li data-sourcepos=\"13:1-14:0\"><strong>Robustn\u00ed konstrukce:<\/strong> Je zkonstruov\u00e1n tak, aby odolal z\u00e1t\u011b\u017ei p\u0159i provozu s vysok\u00fdm v\u00fdkonem a \u00fa\u010dink\u016fm vodn\u00edho chlazen\u00ed.<\/li>\n<\/ul>\n<h3 data-sourcepos=\"15:1-15:17\"><strong>Aplikace:<\/strong><\/h3>\n<ul data-sourcepos=\"17:1-23:0\">\n<li data-sourcepos=\"17:1-21:89\"><strong>Pr\u016fmyslov\u00e9 aplikace:<\/strong>\n<ul data-sourcepos=\"18:5-21:89\">\n<li data-sourcepos=\"18:5-18:104\"><strong>Induk\u010dn\u00ed oh\u0159ev:<\/strong> <span class=\"citation-6 recitation citation-end-6\">Pou\u017e\u00edv\u00e1 se ve v\u00fdkonn\u00fdch induk\u010dn\u00edch oh\u0159\u00edvac\u00edch syst\u00e9mech pro obr\u00e1b\u011bn\u00ed kov\u016f.<\/span><span class=\"button-container hide-from-message-actions ng-star-inserted\">\u00a0<\/span>\n<div class=\"container ng-tns-c362440147-72 hide\">\n<div class=\"carousel-container ng-tns-c362440147-72\"><\/div>\n<\/div>\n<\/li>\n<li data-sourcepos=\"19:5-19:117\"><strong><span class=\"citation-7 recitation\">Korekce \u00fa\u010din\u00edku:<\/span><\/strong><span class=\"citation-7 recitation citation-end-7\"> Pou\u017e\u00edv\u00e1 se v syst\u00e9mech korekce \u00fa\u010din\u00edku v pr\u016fmyslov\u00fdch za\u0159\u00edzen\u00edch.<\/span><span class=\"button-container hide-from-message-actions ng-star-inserted\"> \u00a0<\/span>\n<div class=\"container ng-tns-c362440147-73 hide\">\n<div class=\"carousel-container ng-tns-c362440147-73\"><\/div>\n<\/div>\n<\/li>\n<li data-sourcepos=\"20:5-20:89\"><strong>P\u0159enos vysok\u00e9ho nap\u011bt\u00ed:<\/strong> Pou\u017e\u00edv\u00e1 se ve vysokonap\u011b\u0165ov\u00fdch p\u0159enosov\u00fdch syst\u00e9mech.<\/li>\n<li data-sourcepos=\"21:5-21:89\"><strong><span class=\"citation-8 recitation\">RF vys\u00edla\u010de:<\/span><\/strong><span class=\"citation-8 recitation citation-end-8\"> Nach\u00e1z\u00ed se ve vysokofrekven\u010dn\u00edch vys\u00edla\u010d\u00edch.<\/span>\n<div class=\"container ng-tns-c362440147-74 hide\">\n<div class=\"carousel-container ng-tns-c362440147-74\"><\/div>\n<\/div>\n<\/li>\n<\/ul>\n<\/li>\n<li data-sourcepos=\"22:1-23:0\"><strong>V\u00fdzkum a v\u011bdeck\u00e9 aplikace:<\/strong> Pou\u017e\u00edv\u00e1 se p\u0159i experimentech ve fyzice vysok\u00fdch energi\u00ed a v dal\u0161\u00edm v\u011bdeck\u00e9m v\u00fdzkumu.<\/li>\n<\/ul>\n<h3 data-sourcepos=\"24:1-24:13\"><strong>V\u00fdhody Kondenz\u00e1tor chlazen\u00fd vodou:<\/strong><\/h3>\n<ul data-sourcepos=\"26:1-29:0\">\n<li data-sourcepos=\"26:1-26:117\"><strong>Zv\u00fd\u0161en\u00e1 spolehlivost:<\/strong> <span class=\"citation-9 recitation citation-end-9\">\u00da\u010dinn\u00e9 chlazen\u00ed zabra\u0148uje p\u0159eh\u0159\u00e1t\u00ed, kter\u00e9 m\u016f\u017ee v\u00e9st k selh\u00e1n\u00ed komponent.<\/span><span class=\"button-container hide-from-message-actions ng-star-inserted\"> \u00a0<\/span>\n<div class=\"container ng-tns-c362440147-75 hide\">\n<div class=\"carousel-container ng-tns-c362440147-75\"><\/div>\n<\/div>\n<\/li>\n<li data-sourcepos=\"27:1-27:99\"><strong>Zv\u00fd\u0161en\u00e1 hustota v\u00fdkonu:<\/strong> <span class=\"citation-10 recitation citation-end-10\">Umo\u017e\u0148uje vy\u0161\u0161\u00ed v\u00fdkon na men\u0161\u00edm prostoru.<\/span><span class=\"button-container hide-from-message-actions ng-star-inserted\"> \u00a0<\/span>\n<div class=\"container ng-tns-c362440147-76 hide\">\n<div class=\"carousel-container ng-tns-c362440147-76\"><\/div>\n<\/div>\n<\/li>\n<li data-sourcepos=\"28:1-29:0\"><strong><span class=\"citation-11 recitation\">Prodlou\u017een\u00e1 \u017eivotnost:<\/span><\/strong><span class=\"citation-11 recitation citation-end-11\"> Sn\u00ed\u017een\u00ed provozn\u00ed teploty m\u016f\u017ee v\u00fdrazn\u011b prodlou\u017eit \u017eivotnost kondenz\u00e1toru.<\/span><span class=\"button-container hide-from-message-actions ng-star-inserted\"> \u00a0 <\/span><\/li>\n<\/ul>\n<\/div>\n<\/div>\n<\/div>\n<\/div>\n<\/div>\n<\/div>","protected":false},"excerpt":{"rendered":"<table style=\"height: 462px;\" width=\"711\">\n<tbody>\n<tr>\n<td width=\"146\"><strong><b>Produkt<\/b><\/strong>\u00a0<strong><b>Jm\u00e9no:<\/b><\/strong><\/td>\n<td width=\"601\"><strong>Vodou chlazen\u00fd kondenz\u00e1tor<\/strong><\/td>\n<\/tr>\n<tr>\n<td width=\"146\">\n<h4><strong>Kr\u00e1tk\u00fd popis:<\/strong><\/h4>\n<\/td>\n<td width=\"601\">Vodou chlazen\u00e9 kondenz\u00e1tory se pou\u017e\u00edvaj\u00ed hlavn\u011b v syst\u00e9mech \u0159\u00edzen\u00e9ho nebo nastaviteln\u00e9ho st\u0159\u00eddav\u00e9ho nap\u011bt\u00ed se jmenovit\u00fdm nap\u011bt\u00edm do 4,8 kV a frekvenc\u00ed do 100 KHZ ke zlep\u0161en\u00ed \u00fa\u010din\u00edku v induk\u010dn\u00edm oh\u0159evu, tavic\u00edch, m\u00edchac\u00edch nebo lic\u00edch za\u0159\u00edzen\u00edch a podobn\u00fdch aplikac\u00edch.<\/td>\n<\/tr>\n<tr>\n<td width=\"146\"><strong>Rozsah kapacity:<\/strong><\/td>\n<td width=\"601\">a\u017e 6000 uF<\/td>\n<\/tr>\n<tr>\n<td width=\"146\"><strong>Jmenovit\u00e9 nap\u011bt\u00ed\uff1a<\/strong><\/td>\n<td width=\"601\">0,75kv a\u017e 3kv<\/td>\n<\/tr>\n<tr>\n<td width=\"146\"><strong>Cap.tol\uff1a<\/strong><\/td>\n<td width=\"601\">\u00a0-25 ~ +50\u2103<\/td>\n<\/tr>\n<tr>\n<td width=\"146\"><strong>Model kondenz\u00e1toru:\u00a0<\/strong><\/td>\n<td width=\"601\">:GB\/T3984.1-2004<\/td>\n<\/tr>\n<\/tbody>\n<\/table>","protected":false},"featured_media":1867,"comment_status":"open","ping_status":"closed","template":"","meta":[],"product_brand":[],"product_cat":[41],"product_tag":[],"class_list":{"0":"post-1866","1":"product","2":"type-product","3":"status-publish","4":"has-post-thumbnail","6":"product_cat-induction-heating-capacitor","8":"first","9":"instock","10":"shipping-taxable","11":"product-type-simple"},"_links":{"self":[{"href":"https:\/\/rf-capacitor.com\/cs\/wp-json\/wp\/v2\/product\/1866","targetHints":{"allow":["GET"]}}],"collection":[{"href":"https:\/\/rf-capacitor.com\/cs\/wp-json\/wp\/v2\/product"}],"about":[{"href":"https:\/\/rf-capacitor.com\/cs\/wp-json\/wp\/v2\/types\/product"}],"replies":[{"embeddable":true,"href":"https:\/\/rf-capacitor.com\/cs\/wp-json\/wp\/v2\/comments?post=1866"}],"wp:featuredmedia":[{"embeddable":true,"href":"https:\/\/rf-capacitor.com\/cs\/wp-json\/wp\/v2\/media\/1867"}],"wp:attachment":[{"href":"https:\/\/rf-capacitor.com\/cs\/wp-json\/wp\/v2\/media?parent=1866"}],"wp:term":[{"taxonomy":"product_brand","embeddable":true,"href":"https:\/\/rf-capacitor.com\/cs\/wp-json\/wp\/v2\/product_brand?post=1866"},{"taxonomy":"product_cat","embeddable":true,"href":"https:\/\/rf-capacitor.com\/cs\/wp-json\/wp\/v2\/product_cat?post=1866"},{"taxonomy":"product_tag","embeddable":true,"href":"https:\/\/rf-capacitor.com\/cs\/wp-json\/wp\/v2\/product_tag?post=1866"}],"curies":[{"name":"wp","href":"https:\/\/api.w.org\/{rel}","templated":true}]}}