{"id":1863,"date":"2025-01-02T02:25:29","date_gmt":"2025-01-02T02:25:29","guid":{"rendered":"https:\/\/rf-capacitor.com\/?post_type=product&#038;p=1863"},"modified":"2025-01-02T02:25:29","modified_gmt":"2025-01-02T02:25:29","slug":"rmf-induction-heating-capacitor","status":"publish","type":"product","link":"https:\/\/rf-capacitor.com\/cs\/rmf-induction-heating-capacitor\/","title":{"rendered":"RMF Induk\u010dn\u00ed topn\u00fd kondenz\u00e1tor"},"content":{"rendered":"<div class=\"user-query-container ng-star-inserted\">\n<div id=\"user-query-content-3\" class=\"query-content\">\n<div class=\"query-text gds-body-l ng-star-inserted\" dir=\"ltr\" role=\"heading\" aria-level=\"2\">\n<h3 class=\"query-text-line ng-star-inserted\">RMF Induk\u010dn\u00ed topn\u00fd kondenz\u00e1tor<\/h3>\n<\/div>\n<\/div>\n<\/div>\n<div>\n<div class=\"response-container ng-tns-c3227055261-50 response-optimization tts-removed ng-star-inserted response-container-has-multiple-responses\">\n<div class=\"presented-response-container ng-tns-c3227055261-50\">\n<div class=\"response-container-content ng-tns-c3227055261-50 tunable-selection-with-avatar\">\n<div class=\"response-content ng-tns-c3227055261-50\">\n<div id=\"model-response-message-contentr_6c2a80d1ec190fc8\" class=\"markdown markdown-main-panel tutor-markdown-rendering response-optimization\" dir=\"ltr\">\n<p data-sourcepos=\"1:1-1:113\"><span class=\"citation-0 recitation\">Kondenz\u00e1tory RFM jsou speci\u00e1ln\u011b navr\u017eeny pro pou\u017eit\u00ed v <\/span><strong><span class=\"citation-0 recitation\">st\u0159edofrekven\u010dn\u00ed induk\u010dn\u00ed topn\u00e9 syst\u00e9my<\/span><\/strong><span class=\"citation-0 recitation citation-end-0\">.<\/span><span class=\"button-container hide-from-message-actions ng-star-inserted\">\u00a0<\/span><\/p>\n<h3 data-sourcepos=\"3:1-3:24\"><strong>Kl\u00ed\u010dov\u00e9 vlastnosti:<\/strong><\/h3>\n<ul data-sourcepos=\"5:1-10:0\">\n<li data-sourcepos=\"5:1-5:95\"><strong>Vysok\u00e9 nap\u011bt\u00ed:<\/strong> Mus\u00ed odol\u00e1vat vysok\u00fdm nap\u011bt\u00edm vznikaj\u00edc\u00edm v t\u011bchto syst\u00e9mech.<\/li>\n<li data-sourcepos=\"6:1-6:119\"><strong>Vysok\u00e1 proudov\u00e1 zat\u00ed\u017eitelnost:<\/strong> <span class=\"citation-1 recitation citation-end-1\">Dok\u00e1\u017ee zvl\u00e1dnout velk\u00e9 proudy spojen\u00e9 s induk\u010dn\u00edm oh\u0159evem.<\/span><span class=\"button-container hide-from-message-actions ng-star-inserted\"> \u00a0<\/span>\n<div class=\"container ng-tns-c362440147-55 hide\">\n<div class=\"carousel-container ng-tns-c362440147-55\"><\/div>\n<\/div>\n<\/li>\n<li data-sourcepos=\"7:1-7:104\"><strong><span class=\"citation-2 recitation\">N\u00edzk\u00fd ESR (ekvivalentn\u00ed s\u00e9riov\u00fd odpor):<\/span><\/strong><span class=\"citation-2 recitation citation-end-2\"> Minimalizuje ztr\u00e1ty energie v kondenz\u00e1toru.<\/span><span class=\"button-container hide-from-message-actions ng-star-inserted\">\u00a0 \u00a0<\/span>\n<div class=\"container ng-tns-c362440147-56 hide\">\n<div class=\"carousel-container ng-tns-c362440147-56\"><\/div>\n<\/div>\n<\/li>\n<li data-sourcepos=\"8:1-8:123\"><strong>Dobr\u00e1 tepeln\u00e1 stabilita:<\/strong> D\u00edky teplu vznikaj\u00edc\u00edmu p\u0159i induk\u010dn\u00edm oh\u0159evu je mo\u017en\u00e9 pracovat p\u0159i vysok\u00fdch teplot\u00e1ch.<\/li>\n<li data-sourcepos=\"9:1-10:0\"><strong>Robustn\u00ed konstrukce:<\/strong> Navr\u017eeno tak, aby odolalo n\u00e1ro\u010dn\u00fdm provozn\u00edm podm\u00ednk\u00e1m v pr\u016fmyslov\u00e9m prost\u0159ed\u00ed.<\/li>\n<\/ul>\n<h3 data-sourcepos=\"11:1-11:39\"><strong>Jak funguj\u00ed v RMF Induk\u010dn\u00ed topn\u00fd kondenz\u00e1tor:<\/strong><\/h3>\n<ol data-sourcepos=\"13:1-15:0\">\n<li data-sourcepos=\"13:1-13:220\"><strong><span class=\"citation-3 recitation\">Rezonance:<\/span><\/strong><span class=\"citation-3 recitation citation-end-3\"> Kondenz\u00e1tory RFM se pou\u017e\u00edvaj\u00ed k vytvo\u0159en\u00ed rezonan\u010dn\u00edho obvodu s induk\u010dn\u00ed c\u00edvkou.<\/span> Tato rezonance maximalizuje pr\u016ftok proudu c\u00edvkou, co\u017e je nezbytn\u00e9 pro efektivn\u00ed induk\u010dn\u00ed oh\u0159ev.<span class=\"button-container hide-from-message-actions ng-star-inserted\">\u00a0 \u00a0<\/span>\n<div class=\"container ng-tns-c362440147-57 hide\">\n<div class=\"carousel-container ng-tns-c362440147-57\"><\/div>\n<\/div>\n<\/li>\n<li data-sourcepos=\"14:1-15:0\"><strong><span class=\"citation-4 recitation\">Korekce \u00fa\u010din\u00edku:<\/span><\/strong><span class=\"citation-4 recitation citation-end-4\"> Pom\u00e1haj\u00ed zlep\u0161it \u00fa\u010din\u00edk induk\u010dn\u00edho topn\u00e9ho syst\u00e9mu, sni\u017euj\u00ed jalov\u00fd v\u00fdkon a zlep\u0161uj\u00ed celkovou \u00fa\u010dinnost syst\u00e9mu.<\/span><span class=\"button-container hide-from-message-actions ng-star-inserted\"> \u00a0<\/span>\n<div class=\"container ng-tns-c362440147-58 hide\">\n<div class=\"carousel-container ng-tns-c362440147-58\"><\/div>\n<\/div>\n<\/li>\n<\/ol>\n<h3 data-sourcepos=\"16:1-16:25\"><strong>Typick\u00e9 aplikace:<\/strong><\/h3>\n<ul data-sourcepos=\"18:1-20:0\">\n<li data-sourcepos=\"18:1-18:93\"><strong>Oh\u0159ev kov\u016f:<\/strong> Pou\u017e\u00edv\u00e1 se v r\u016fzn\u00fdch aplikac\u00edch, jako je kov\u00e1n\u00ed, kalen\u00ed a taven\u00ed kov\u016f.<\/li>\n<li data-sourcepos=\"19:1-20:0\"><strong>Tepeln\u00e9 zpracov\u00e1n\u00ed:<\/strong> <span class=\"citation-5 recitation citation-end-5\">Pou\u017e\u00edv\u00e1 se p\u0159i tepeln\u00e9m zpracov\u00e1n\u00ed kov\u016f za \u00fa\u010delem zlep\u0161en\u00ed jejich mechanick\u00fdch vlastnost\u00ed.<\/span><span class=\"button-container hide-from-message-actions ng-star-inserted\"> \u00a0 <\/span><\/li>\n<\/ul>\n<\/div>\n<\/div>\n<\/div>\n<\/div>\n<\/div>\n<\/div>","protected":false},"excerpt":{"rendered":"<table style=\"height: 472px;\" width=\"718\">\n<tbody>\n<tr>\n<td width=\"146\"><strong><b>Produkt<\/b><\/strong>\u00a0<strong><b>Jm\u00e9no:<\/b><\/strong><\/td>\n<td width=\"601\"><strong>RMF Induk\u010dn\u00ed topn\u00fd kondenz\u00e1tor<\/strong><\/td>\n<\/tr>\n<tr>\n<td width=\"146\">\n<h4><strong>Kr\u00e1tk\u00fd popis:<\/strong><\/h4>\n<\/td>\n<td width=\"601\">St\u0159\u00edda\u010d Pv, m\u011bni\u010d v\u011btrn\u00e9 energie; AII druhy frekven\u010dn\u00edch m\u011bni\u010d\u016f a st\u0159\u00edda\u010d\u016f<br \/>\nnap\u00e1jen\u00ed; \u010dist\u011b elektrick\u00e9 a hybridn\u00ed automobily; nab\u00edjec\u00ed hromady, UPS atd.<\/td>\n<\/tr>\n<tr>\n<td width=\"146\"><b>Rozsah v\u00fdkonu<\/b>:<\/td>\n<td width=\"601\">a\u017e 6000 uF<\/td>\n<\/tr>\n<tr>\n<td width=\"146\"><strong>Jmenovit\u00e9 nap\u011bt\u00ed\uff1a<\/strong><\/td>\n<td width=\"601\">0,75kv a\u017e 3kv<\/td>\n<\/tr>\n<tr>\n<td width=\"146\"><strong><b>Referen\u010dn\u00ed standard<\/b>:\uff1a<\/strong><\/td>\n<td width=\"601\">GB\/T3984.1-2004<\/td>\n<\/tr>\n<tr>\n<td width=\"146\"><strong>IEC60110-1:<\/strong><\/td>\n<td width=\"601\">1998<\/td>\n<\/tr>\n<\/tbody>\n<\/table>","protected":false},"featured_media":1864,"comment_status":"open","ping_status":"closed","template":"","meta":[],"product_brand":[],"product_cat":[41],"product_tag":[],"class_list":{"0":"post-1863","1":"product","2":"type-product","3":"status-publish","4":"has-post-thumbnail","6":"product_cat-induction-heating-capacitor","8":"first","9":"instock","10":"shipping-taxable","11":"product-type-simple"},"_links":{"self":[{"href":"https:\/\/rf-capacitor.com\/cs\/wp-json\/wp\/v2\/product\/1863","targetHints":{"allow":["GET"]}}],"collection":[{"href":"https:\/\/rf-capacitor.com\/cs\/wp-json\/wp\/v2\/product"}],"about":[{"href":"https:\/\/rf-capacitor.com\/cs\/wp-json\/wp\/v2\/types\/product"}],"replies":[{"embeddable":true,"href":"https:\/\/rf-capacitor.com\/cs\/wp-json\/wp\/v2\/comments?post=1863"}],"wp:featuredmedia":[{"embeddable":true,"href":"https:\/\/rf-capacitor.com\/cs\/wp-json\/wp\/v2\/media\/1864"}],"wp:attachment":[{"href":"https:\/\/rf-capacitor.com\/cs\/wp-json\/wp\/v2\/media?parent=1863"}],"wp:term":[{"taxonomy":"product_brand","embeddable":true,"href":"https:\/\/rf-capacitor.com\/cs\/wp-json\/wp\/v2\/product_brand?post=1863"},{"taxonomy":"product_cat","embeddable":true,"href":"https:\/\/rf-capacitor.com\/cs\/wp-json\/wp\/v2\/product_cat?post=1863"},{"taxonomy":"product_tag","embeddable":true,"href":"https:\/\/rf-capacitor.com\/cs\/wp-json\/wp\/v2\/product_tag?post=1863"}],"curies":[{"name":"wp","href":"https:\/\/api.w.org\/{rel}","templated":true}]}}