{"id":1856,"date":"2025-01-02T02:04:58","date_gmt":"2025-01-02T02:04:58","guid":{"rendered":"https:\/\/rf-capacitor.com\/?post_type=product&#038;p=1856"},"modified":"2025-01-02T02:04:58","modified_gmt":"2025-01-02T02:04:58","slug":"resonant-circuit-snubber-capacitor","status":"publish","type":"product","link":"https:\/\/rf-capacitor.com\/cs\/resonant-circuit-snubber-capacitor\/","title":{"rendered":"Rezonan\u010dn\u00ed obvod Snubber\u016fv kondenz\u00e1tor"},"content":{"rendered":"<div class=\"user-query-container ng-star-inserted\">\n<div id=\"user-query-content-1\" class=\"query-content\">\n<div class=\"query-text gds-body-l ng-star-inserted\" dir=\"ltr\" role=\"heading\" aria-level=\"2\">\n<h3 class=\"query-text-line ng-star-inserted\">Rezonan\u010dn\u00ed obvod Snubber\u016fv kondenz\u00e1tor<\/h3>\n<\/div>\n<\/div>\n<\/div>\n<div>\n<div class=\"response-container ng-tns-c3227055261-32 response-optimization tts-removed ng-star-inserted response-container-has-multiple-responses\">\n<div class=\"presented-response-container ng-tns-c3227055261-32\">\n<div class=\"response-container-content ng-tns-c3227055261-32 tunable-selection-with-avatar\">\n<div class=\"response-content ng-tns-c3227055261-32\">\n<div id=\"model-response-message-contentr_be92511bd195e395\" class=\"markdown markdown-main-panel tutor-markdown-rendering response-optimization\" dir=\"ltr\">\n<p data-sourcepos=\"1:1-1:154\">V rezonan\u010dn\u00edch obvodech snubberu hraje kondenz\u00e1tor kl\u00ed\u010dovou roli p\u0159i vytv\u00e1\u0159en\u00ed rezonan\u010dn\u00edho obvodu n\u00e1dr\u017ee s parazitn\u00ed induk\u010dnost\u00ed p\u0159\u00edtomnou v syst\u00e9mu.<\/p>\n<h3 data-sourcepos=\"3:1-3:17\"><strong>Jak funguje rezonan\u010dn\u00ed obvod Snubber Capacitor:<\/strong><\/h3>\n<ul data-sourcepos=\"5:1-7:0\">\n<li data-sourcepos=\"5:1-5:283\"><strong>Rezonance:<\/strong> Kondenz\u00e1tor a parazitn\u00ed induk\u010dnost tvo\u0159\u00ed obvod LC n\u00e1dr\u017ee. Kdy\u017e se IGBT vypne, energie ulo\u017een\u00e1 v parazitn\u00ed induk\u010dnosti se p\u0159enese do kondenz\u00e1toru. K tomuto p\u0159enosu energie doch\u00e1z\u00ed p\u0159i rezonan\u010dn\u00ed frekvenci LC n\u00e1dr\u017ee, co\u017e vede k oscilac\u00edm.<\/li>\n<li data-sourcepos=\"6:1-7:0\"><strong>Rozptyl energie:<\/strong> V rezonan\u010dn\u00edm obvodu snubberu je obvykle za\u0159azen rezistor, kter\u00fd tlum\u00ed tyto oscilace a odv\u00e1d\u00ed energii.<\/li>\n<\/ul>\n<h3 data-sourcepos=\"8:1-8:56\"><strong>Kl\u00ed\u010dov\u00e9 charakteristiky rezonan\u010dn\u00edch odru\u0161ovac\u00edch kondenz\u00e1tor\u016f:<\/strong><\/h3>\n<ul data-sourcepos=\"10:1-13:0\">\n<li data-sourcepos=\"10:1-10:82\"><strong>P\u0159esn\u00e1 kapacita:<\/strong> Rozhoduj\u00edc\u00ed pro dosa\u017een\u00ed po\u017eadovan\u00e9 rezonan\u010dn\u00ed frekvence.<\/li>\n<li data-sourcepos=\"11:1-11:78\"><strong><span class=\"citation-0 recitation\">N\u00edzk\u00e9 ESR:<\/span><\/strong><span class=\"citation-0 recitation citation-end-0\"> Minimalizuje ztr\u00e1ty p\u0159i rezonan\u010dn\u00edch oscilac\u00edch. <\/span>\n<div class=\"container ng-tns-c362440147-35\">\n<div class=\"carousel-container ng-tns-c362440147-35\">\n<div class=\"carousel-content ng-tns-c362440147-35\">\n<div class=\"sources-carousel-source ng-tns-c362440147-35 ng-star-inserted\" data-test-id=\"sources-carousel-source\">\n<div class=\"source-card-container\">\n<div class=\"source-card-content\"><\/div>\n<\/div>\n<\/div>\n<\/div>\n<\/div>\n<\/div>\n<\/li>\n<li data-sourcepos=\"12:1-13:0\"><strong>Vysok\u00e9 nap\u011bt\u00ed:<\/strong> Mus\u00ed odolat \u0161pi\u010dkov\u00fdm nap\u011bt\u00edm, kter\u00e1 vznikaj\u00ed p\u0159i rezonanci.<\/li>\n<\/ul>\n<h3 data-sourcepos=\"14:1-14:42\"><strong>V\u00fdhody rezonan\u010dn\u00edho obvodu Snubber Capacitor:<\/strong><\/h3>\n<ul data-sourcepos=\"16:1-19:0\">\n<li data-sourcepos=\"16:1-16:158\"><strong>Sn\u00ed\u017een\u00ed sp\u00ednac\u00edch ztr\u00e1t:<\/strong> Vyu\u017eit\u00edm rezonan\u010dn\u00edho p\u0159enosu energie lze ve srovn\u00e1n\u00ed s tradi\u010dn\u00edmi R-C snubbery v\u00fdrazn\u011b sn\u00ed\u017eit sp\u00ednac\u00ed ztr\u00e1ty.<\/li>\n<li data-sourcepos=\"17:1-17:96\"><strong>Zv\u00fd\u0161en\u00e1 efektivita:<\/strong> Ni\u017e\u0161\u00ed sp\u00ednac\u00ed ztr\u00e1ty vedou k vy\u0161\u0161\u00ed celkov\u00e9 \u00fa\u010dinnosti syst\u00e9mu.<\/li>\n<li data-sourcepos=\"18:1-19:0\"><strong>Sn\u00ed\u017een\u00ed EMI:<\/strong> Rezonan\u010dn\u00ed charakter obvodu m\u016f\u017ee pomoci sn\u00ed\u017eit emise EMI.<\/li>\n<\/ul>\n<h3 data-sourcepos=\"20:1-20:26\"><strong>\u00davahy o n\u00e1vrhu:<\/strong><\/h3>\n<ul data-sourcepos=\"22:1-25:0\">\n<li data-sourcepos=\"22:1-22:89\"><strong>Rezonan\u010dn\u00ed frekvence:<\/strong> Pe\u010dliv\u011b vypo\u010dten\u00e9 tak, aby odpov\u00eddaly po\u017eadovan\u00fdm provozn\u00edm podm\u00ednk\u00e1m.<\/li>\n<li data-sourcepos=\"23:1-23:117\"><strong>Tlumic\u00ed faktor:<\/strong> Hodnota rezistoru se vol\u00ed tak, aby poskytovala vhodn\u00e9 tlumen\u00ed a zabra\u0148ovala nadm\u011brn\u00fdm oscilac\u00edm.<\/li>\n<li data-sourcepos=\"24:1-25:0\"><strong>V\u00fdb\u011br komponent obvodu:<\/strong> Pe\u010dliv\u00fd v\u00fdb\u011br komponent (kondenz\u00e1tor, rezistor, c\u00edvka) je rozhoduj\u00edc\u00ed pro optim\u00e1ln\u00ed v\u00fdkon.<\/li>\n<\/ul>\n<p data-sourcepos=\"30:1-30:230\">\n<\/div>\n<\/div>\n<\/div>\n<\/div>\n<\/div>\n<\/div>","protected":false},"excerpt":{"rendered":"<table style=\"height: 534px;\" width=\"695\">\n<tbody>\n<tr>\n<td width=\"146\"><strong><b>Produkt<\/b><\/strong>\u00a0<strong><b>Jm\u00e9no:<\/b><\/strong><\/td>\n<td width=\"601\"><strong>Rezonan\u010dn\u00ed obvod Snubber\u016fv kondenz\u00e1tor<\/strong><\/td>\n<\/tr>\n<tr>\n<td width=\"146\">\n<h4><strong>Kr\u00e1tk\u00fd popis:<\/strong><\/h4>\n<\/td>\n<td width=\"601\">\u0160iroce pou\u017e\u00edvan\u00e9 v za\u0159\u00edzen\u00edch v\u00fdkonov\u00e9 elektroniky p\u0159i ochran\u011b proti \u0161pi\u010dkov\u00e9mu nap\u011bt\u00ed, \u0161pi\u010dkov\u00e9mu proudu absorpce<\/td>\n<\/tr>\n<tr>\n<td width=\"146\"><strong>Rozsah kapacity:<\/strong><\/td>\n<td width=\"601\">0,1 \u03bcF ~ 5,6 \u03bcF<\/td>\n<\/tr>\n<tr>\n<td width=\"146\"><strong>Jmenovit\u00e9 nap\u011bt\u00ed\uff1a<\/strong><\/td>\n<td width=\"601\">630V.DC ~ 2000V.DC<\/td>\n<\/tr>\n<tr>\n<td width=\"146\"><strong>Cap.tol\uff1a<\/strong><\/td>\n<td width=\"601\">\u00a0\u00a0\u00b15%(J)\uff1b\u00b110%(K)<\/td>\n<\/tr>\n<tr>\n<td width=\"146\"><strong>Model kondenz\u00e1toru:\u00a0<\/strong><\/td>\n<td width=\"601\">IGBT snubber<\/td>\n<\/tr>\n<\/tbody>\n<\/table>","protected":false},"featured_media":1857,"comment_status":"open","ping_status":"closed","template":"","meta":[],"product_brand":[],"product_cat":[40],"product_tag":[],"class_list":{"0":"post-1856","1":"product","2":"type-product","3":"status-publish","4":"has-post-thumbnail","6":"product_cat-snubber-capacitor","8":"first","9":"instock","10":"shipping-taxable","11":"product-type-simple"},"_links":{"self":[{"href":"https:\/\/rf-capacitor.com\/cs\/wp-json\/wp\/v2\/product\/1856","targetHints":{"allow":["GET"]}}],"collection":[{"href":"https:\/\/rf-capacitor.com\/cs\/wp-json\/wp\/v2\/product"}],"about":[{"href":"https:\/\/rf-capacitor.com\/cs\/wp-json\/wp\/v2\/types\/product"}],"replies":[{"embeddable":true,"href":"https:\/\/rf-capacitor.com\/cs\/wp-json\/wp\/v2\/comments?post=1856"}],"wp:featuredmedia":[{"embeddable":true,"href":"https:\/\/rf-capacitor.com\/cs\/wp-json\/wp\/v2\/media\/1857"}],"wp:attachment":[{"href":"https:\/\/rf-capacitor.com\/cs\/wp-json\/wp\/v2\/media?parent=1856"}],"wp:term":[{"taxonomy":"product_brand","embeddable":true,"href":"https:\/\/rf-capacitor.com\/cs\/wp-json\/wp\/v2\/product_brand?post=1856"},{"taxonomy":"product_cat","embeddable":true,"href":"https:\/\/rf-capacitor.com\/cs\/wp-json\/wp\/v2\/product_cat?post=1856"},{"taxonomy":"product_tag","embeddable":true,"href":"https:\/\/rf-capacitor.com\/cs\/wp-json\/wp\/v2\/product_tag?post=1856"}],"curies":[{"name":"wp","href":"https:\/\/api.w.org\/{rel}","templated":true}]}}