{"id":1767,"date":"2024-12-31T02:35:15","date_gmt":"2024-12-31T02:35:15","guid":{"rendered":"https:\/\/rf-capacitor.com\/?post_type=product&#038;p=1767"},"modified":"2024-12-31T02:35:15","modified_gmt":"2024-12-31T02:35:15","slug":"metallized-polypropylene-film-capacitor","status":"publish","type":"product","link":"https:\/\/rf-capacitor.com\/cs\/metallized-polypropylene-film-capacitor\/","title":{"rendered":"Metalizovan\u00fd polypropylenov\u00fd filmov\u00fd kondenz\u00e1tor"},"content":{"rendered":"<h3 data-sourcepos=\"1:1-1:50\"><strong>Metalizovan\u00e9 polypropylenov\u00e9 filmov\u00e9 kondenz\u00e1tory (MKP)<\/strong><\/h3>\n<ul data-sourcepos=\"3:1-27:0\">\n<li data-sourcepos=\"3:1-7:0\">\n<p data-sourcepos=\"3:3-3:19\"><strong>Konstrukce:<\/strong><\/p>\n<ul data-sourcepos=\"4:5-7:0\">\n<li data-sourcepos=\"4:5-4:104\"><strong>Dielektrikum:<\/strong> <span class=\"citation-0 recitation citation-end-0\">Jako izola\u010dn\u00ed materi\u00e1l pou\u017eijte tenk\u00e9 vrstvy polypropylenov\u00e9 f\u00f3lie.<\/span><span class=\"button-container hide-from-message-actions ng-star-inserted\">\u00a0 \u00a0<\/span>\n<div class=\"container ng-tns-c362440147-96 hide\">\n<div class=\"carousel-container ng-tns-c362440147-96\"><\/div>\n<\/div>\n<\/li>\n<li data-sourcepos=\"5:5-5:136\"><strong>Metalizace:<\/strong> Na f\u00f3lii je vakuov\u011b nanesena tenk\u00e1 vrstva kovu (obvykle hlin\u00edku), kter\u00e1 tvo\u0159\u00ed vodiv\u00e9 elektrody.<\/li>\n<li data-sourcepos=\"6:5-7:0\"><strong>Samol\u00e9\u010den\u00ed:<\/strong> <span class=\"citation-1 recitation citation-end-1\">Pokud dojde k lokalizovan\u00e9mu zkratu v d\u016fsledku v\u00fdrobn\u00ed vady nebo p\u0159ep\u011bt\u00ed, metalizace v okol\u00ed poruchy se odpa\u0159\u00ed, \u010d\u00edm\u017e se oblast izoluje a zabr\u00e1n\u00ed dal\u0161\u00edmu po\u0161kozen\u00ed.<\/span> <span class=\"citation-2 recitation citation-end-2\">Tento samoopravn\u00fd mechanismus zvy\u0161uje spolehlivost.<\/span><span class=\"button-container hide-from-message-actions ng-star-inserted\"> \u00a0<\/span>\n<div class=\"container ng-tns-c362440147-97 hide\">\n<div class=\"carousel-container ng-tns-c362440147-97\"><\/div>\n<\/div>\n<\/li>\n<\/ul>\n<\/li>\n<li data-sourcepos=\"8:1-14:0\">\n<h3 data-sourcepos=\"8:3-8:26\"><strong>Kl\u00ed\u010dov\u00e9 vlastnosti Metalizovan\u00fd polypropylenov\u00fd filmov\u00fd kondenz\u00e1tor:<\/strong><\/h3>\n<ul data-sourcepos=\"9:5-14:0\">\n<li data-sourcepos=\"9:5-9:122\"><strong><span class=\"citation-3 recitation\">N\u00edzk\u00e9 ztr\u00e1ty:<\/span><\/strong><span class=\"citation-3 recitation citation-end-3\"> Vykazuj\u00ed velmi n\u00edzk\u00e9 dielektrick\u00e9 ztr\u00e1ty, tak\u017ee jsou vhodn\u00e9 pro vysokofrekven\u010dn\u00ed aplikace.<\/span><span class=\"button-container hide-from-message-actions ng-star-inserted\"> \u00a0<\/span>\n<div class=\"container ng-tns-c362440147-98 hide\">\n<div class=\"carousel-container ng-tns-c362440147-98\"><\/div>\n<\/div>\n<\/li>\n<li data-sourcepos=\"10:5-10:72\"><strong>Vysok\u00e1 stabilita:<\/strong> Vynikaj\u00edc\u00ed teplotn\u00ed a \u010dasov\u00e1 stabilita.<\/li>\n<li data-sourcepos=\"11:5-11:83\"><strong>Samol\u00e9\u010den\u00ed:<\/strong> <span class=\"citation-4 recitation citation-end-4\">Zvy\u0161uje spolehlivost a prodlu\u017euje \u017eivotnost.<\/span><span class=\"button-container hide-from-message-actions ng-star-inserted\"> \u00a0<\/span>\n<div class=\"container ng-tns-c362440147-99 hide\">\n<div class=\"carousel-container ng-tns-c362440147-99\"><\/div>\n<\/div>\n<\/li>\n<li data-sourcepos=\"12:5-12:72\"><strong>Vysok\u00e9 nap\u011bt\u00ed:<\/strong> <span class=\"citation-5 recitation citation-end-5\">Odol\u00e1v\u00e1 vysok\u00fdm nap\u011bt\u00edm.<\/span><span class=\"button-container hide-from-message-actions ng-star-inserted\"> \u00a0<\/span>\n<div class=\"container ng-tns-c362440147-100 hide\">\n<div class=\"carousel-container ng-tns-c362440147-100\"><\/div>\n<\/div>\n<\/li>\n<li data-sourcepos=\"13:5-14:0\"><strong>Kompaktn\u00ed velikost:<\/strong> Dosahuj\u00ed vysok\u00fdch hodnot kapacity v relativn\u011b mal\u00fdch balen\u00edch.<\/li>\n<\/ul>\n<\/li>\n<li data-sourcepos=\"15:1-21:0\">\n<h3 data-sourcepos=\"15:3-15:19\"><strong>Aplikace:<\/strong><\/h3>\n<ul data-sourcepos=\"16:5-21:0\">\n<li data-sourcepos=\"16:5-16:110\"><strong>Filtry st\u0159\u00eddav\u00e9ho proudu:<\/strong> <span class=\"citation-6 recitation citation-end-6\">Pou\u017e\u00edv\u00e1 se ve st\u0159\u00eddav\u00fdch nap\u00e1jec\u00edch syst\u00e9mech k odfiltrov\u00e1n\u00ed harmonick\u00fdch a zlep\u0161en\u00ed kvality nap\u00e1jen\u00ed.<\/span><span class=\"button-container hide-from-message-actions ng-star-inserted\"> \u00a0<\/span>\n<div class=\"container ng-tns-c362440147-101 hide\">\n<div class=\"carousel-container ng-tns-c362440147-101\"><\/div>\n<\/div>\n<\/li>\n<li data-sourcepos=\"17:5-17:98\"><strong>Motorov\u00e9 pohony:<\/strong> Pou\u017e\u00edv\u00e1 se v pohonech s prom\u011bnn\u00fdmi ot\u00e1\u010dkami ke zlep\u0161en\u00ed v\u00fdkonu a sn\u00ed\u017een\u00ed hlu\u010dnosti.<\/li>\n<li data-sourcepos=\"18:5-18:142\"><strong>Sp\u00ednan\u00e9 nap\u00e1jec\u00ed zdroje:<\/strong> \u0160iroce se pou\u017e\u00edv\u00e1 v r\u016fzn\u00fdch elektronick\u00fdch obvodech, v\u010detn\u011b sp\u00ednan\u00fdch zdroj\u016f, m\u011bni\u010d\u016f a konvertor\u016f.<\/li>\n<li data-sourcepos=\"19:5-19:149\"><strong>Vysokofrekven\u010dn\u00ed aplikace:<\/strong> Vhodn\u00e9 pro aplikace pracuj\u00edc\u00ed na vysok\u00fdch frekvenc\u00edch, jako jsou RF obvody a telekomunika\u010dn\u00ed za\u0159\u00edzen\u00ed.<\/li>\n<li data-sourcepos=\"20:5-21:0\"><strong>Zvukov\u00e9 vybaven\u00ed:<\/strong> <span class=\"citation-7 recitation citation-end-7\">Pou\u017e\u00edv\u00e1 se v audio aplikac\u00edch ke zlep\u0161en\u00ed kvality sign\u00e1lu a sn\u00ed\u017een\u00ed zkreslen\u00ed.<\/span><span class=\"button-container hide-from-message-actions ng-star-inserted\">\u00a0<\/span>\n<div class=\"container ng-tns-c362440147-102 hide\">\n<div class=\"carousel-container ng-tns-c362440147-102\"><\/div>\n<\/div>\n<\/li>\n<\/ul>\n<\/li>\n<li data-sourcepos=\"22:1-27:0\">\n<h3 data-sourcepos=\"22:3-22:15\"><strong>V\u00fdhody:<\/strong><\/h3>\n<ul data-sourcepos=\"23:5-27:0\">\n<li data-sourcepos=\"23:5-23:108\"><strong><span class=\"citation-8 recitation\">Vylep\u0161en\u00fd v\u00fdkon:<\/span><\/strong><span class=\"citation-8 recitation citation-end-8\"> Zlep\u0161en\u00ed v\u00fdkonu a \u00fa\u010dinnosti elektronick\u00fdch za\u0159\u00edzen\u00ed.<\/span>\n<div class=\"container ng-tns-c362440147-103 hide\">\n<div class=\"carousel-container ng-tns-c362440147-103\"><\/div>\n<\/div>\n<\/li>\n<li data-sourcepos=\"24:5-24:80\"><strong>Sn\u00ed\u017een\u00ed energetick\u00fdch ztr\u00e1t:<\/strong> Minimalizace energetick\u00fdch ztr\u00e1t v r\u016fzn\u00fdch aplikac\u00edch.<\/li>\n<li data-sourcepos=\"25:5-25:87\"><strong>Zv\u00fd\u0161en\u00e1 spolehlivost:<\/strong> Samoregenera\u010dn\u00ed mechanismus zvy\u0161uje dlouhodobou spolehlivost.<\/li>\n<li data-sourcepos=\"26:5-27:0\"><strong>Kompaktn\u00ed a lehk\u00fd:<\/strong> Vhodn\u00e9 pro aplikace s omezen\u00fdm prostorem.<\/li>\n<\/ul>\n<\/li>\n<\/ul>\n<p data-sourcepos=\"28:1-28:293\"><strong>Shrnut\u00ed:<\/strong> Metalizovan\u00e9 polypropylenov\u00e9 filmov\u00e9 kondenz\u00e1tory jsou univerz\u00e1ln\u00ed a spolehliv\u00e9 sou\u010d\u00e1stky s \u0161irokou \u0161k\u00e1lou pou\u017eit\u00ed v r\u016fzn\u00fdch elektronick\u00fdch a energetick\u00fdch syst\u00e9mech. Jejich n\u00edzk\u00e9 ztr\u00e1ty, vysok\u00e1 stabilita a samoregenera\u010dn\u00ed schopnosti z nich \u010din\u00ed preferovanou volbu pro mnoho kritick\u00fdch aplikac\u00ed.<\/p>\n<p data-sourcepos=\"30:1-30:82\">","protected":false},"excerpt":{"rendered":"<table style=\"height: 493px;\" width=\"698\">\n<tbody>\n<tr>\n<td width=\"146\"><strong><b>Produkt<\/b><\/strong>\u00a0<strong><b>Jm\u00e9no:<\/b><\/strong><\/td>\n<td width=\"601\"><strong>Metalizovan\u00fd polypropylenov\u00fd filmov\u00fd kondenz\u00e1tor<\/strong><\/td>\n<\/tr>\n<tr>\n<td width=\"146\">\n<h4><strong>Dielektrick\u00fd materi\u00e1l:<\/strong><\/h4>\n<\/td>\n<td width=\"601\">Metalizovan\u00e1 polypropylenov\u00e1 f\u00f3lie<\/td>\n<\/tr>\n<tr>\n<td width=\"146\"><strong>Rozsah kapacity:<\/strong><\/td>\n<td width=\"601\">50 Hz a\/nebo 60 Hz<\/td>\n<\/tr>\n<tr>\n<td width=\"146\"><strong>Jmenovit\u00e9 nap\u011bt\u00ed\uff1a<\/strong><\/td>\n<td width=\"601\">\u00a0660 VAC<\/td>\n<\/tr>\n<tr>\n<td width=\"146\"><strong>Cap.tol\uff1a<\/strong><\/td>\n<td width=\"601\">5%~+5%<\/td>\n<\/tr>\n<tr>\n<td width=\"146\"><strong>Maxim\u00e1ln\u00ed teplota okol\u00ed:<\/strong><\/td>\n<td width=\"601\">\u00a0-40 \u2103 a\u017e +70 \u2103<\/td>\n<\/tr>\n<\/tbody>\n<\/table>","protected":false},"featured_media":1770,"comment_status":"open","ping_status":"closed","template":"","meta":[],"product_brand":[],"product_cat":[39],"product_tag":[],"class_list":{"0":"post-1767","1":"product","2":"type-product","3":"status-publish","4":"has-post-thumbnail","6":"product_cat-ac-filter-capacitor-1","8":"first","9":"instock","10":"shipping-taxable","11":"product-type-simple"},"_links":{"self":[{"href":"https:\/\/rf-capacitor.com\/cs\/wp-json\/wp\/v2\/product\/1767","targetHints":{"allow":["GET"]}}],"collection":[{"href":"https:\/\/rf-capacitor.com\/cs\/wp-json\/wp\/v2\/product"}],"about":[{"href":"https:\/\/rf-capacitor.com\/cs\/wp-json\/wp\/v2\/types\/product"}],"replies":[{"embeddable":true,"href":"https:\/\/rf-capacitor.com\/cs\/wp-json\/wp\/v2\/comments?post=1767"}],"wp:featuredmedia":[{"embeddable":true,"href":"https:\/\/rf-capacitor.com\/cs\/wp-json\/wp\/v2\/media\/1770"}],"wp:attachment":[{"href":"https:\/\/rf-capacitor.com\/cs\/wp-json\/wp\/v2\/media?parent=1767"}],"wp:term":[{"taxonomy":"product_brand","embeddable":true,"href":"https:\/\/rf-capacitor.com\/cs\/wp-json\/wp\/v2\/product_brand?post=1767"},{"taxonomy":"product_cat","embeddable":true,"href":"https:\/\/rf-capacitor.com\/cs\/wp-json\/wp\/v2\/product_cat?post=1767"},{"taxonomy":"product_tag","embeddable":true,"href":"https:\/\/rf-capacitor.com\/cs\/wp-json\/wp\/v2\/product_tag?post=1767"}],"curies":[{"name":"wp","href":"https:\/\/api.w.org\/{rel}","templated":true}]}}