{"id":1713,"date":"2024-12-30T03:26:32","date_gmt":"2024-12-30T03:26:32","guid":{"rendered":"https:\/\/rf-capacitor.com\/?post_type=product&#038;p=1713"},"modified":"2024-12-30T03:26:32","modified_gmt":"2024-12-30T03:26:32","slug":"high-power-filter-capacitor","status":"publish","type":"product","link":"https:\/\/rf-capacitor.com\/cs\/high-power-filter-capacitor\/","title":{"rendered":"Vysoce v\u00fdkonn\u00fd filtra\u010dn\u00ed kondenz\u00e1tor"},"content":{"rendered":"<h3 data-sourcepos=\"1:1-1:32\"><strong>V\u00fdkonn\u00e9 filtra\u010dn\u00ed kondenz\u00e1tory<\/strong><\/h3>\n<ul data-sourcepos=\"3:1-27:0\">\n<li data-sourcepos=\"3:1-3:141\">\n<p data-sourcepos=\"3:3-3:141\"><strong>\u00da\u010del:<\/strong> Navr\u017eeno pro aplikace, kter\u00e9 vy\u017eaduj\u00ed vysok\u00fd v\u00fdkon, obvykle v prost\u0159ed\u00ed s vysok\u00fdm nap\u011bt\u00edm a proudem.<\/p>\n<\/li>\n<li data-sourcepos=\"4:1-10:0\">\n<h3 data-sourcepos=\"4:3-4:26\"><strong>Kl\u00ed\u010dov\u00e9 vlastnosti Vysoce v\u00fdkonn\u00fd filtra\u010dn\u00ed kondenz\u00e1tor:<\/strong><\/h3>\n<ul data-sourcepos=\"5:5-10:0\">\n<li data-sourcepos=\"5:5-5:77\"><strong>Vysok\u00e9 nap\u011bt\u00ed:<\/strong> Odol\u00e1v\u00e1 vysok\u00fdm nap\u011bt\u00edm bez poruchy.<\/li>\n<li data-sourcepos=\"6:5-6:103\"><strong>Pr\u00e1ce s vysok\u00fdm proudem:<\/strong> Je schopen zvl\u00e1dat velk\u00e9 proudov\u00e9 r\u00e1zy a trval\u00e9 vysok\u00e9 proudy.<\/li>\n<li data-sourcepos=\"7:5-7:65\"><strong>N\u00edzk\u00e1 impedance:<\/strong> Minimalizujte energetick\u00e9 ztr\u00e1ty b\u011bhem provozu.<\/li>\n<li data-sourcepos=\"8:5-8:121\"><strong>Robustn\u00ed konstrukce:<\/strong> Jsou konstruov\u00e1ny tak, aby odol\u00e1valy n\u00e1ro\u010dn\u00fdm provozn\u00edm podm\u00ednk\u00e1m, v\u010detn\u011b vysok\u00fdch teplot a vibrac\u00ed.<\/li>\n<li data-sourcepos=\"9:5-10:0\"><strong>Samol\u00e9\u010den\u00ed:<\/strong> \u010casto obsahuj\u00ed samoregenera\u010dn\u00ed mechanismy, kter\u00e9 prodlu\u017euj\u00ed \u017eivotnost.<\/li>\n<\/ul>\n<\/li>\n<li data-sourcepos=\"11:1-15:0\">\n<h3 data-sourcepos=\"11:3-11:19\"><strong>Konstrukce Vysoce v\u00fdkonn\u00fd filtra\u010dn\u00ed kondenz\u00e1tor:<\/strong><\/h3>\n<ul data-sourcepos=\"12:5-15:0\">\n<li data-sourcepos=\"12:5-12:112\"><strong>Dielektrikum:<\/strong> Obvykle se pou\u017e\u00edvaj\u00ed odoln\u00e9 dielektrick\u00e9 materi\u00e1ly, jako je polypropylenov\u00e1 f\u00f3lie nebo metalizovan\u00fd pap\u00edr.<\/li>\n<li data-sourcepos=\"13:5-13:132\"><strong>Chlazen\u00ed:<\/strong> \u010casto obsahuj\u00ed chladic\u00ed mechanismy, jako jsou sk\u0159\u00edn\u011b napln\u011bn\u00e9 olejem nebo nucen\u00e9 chlazen\u00ed vzduchem, kter\u00e9 \u0159\u00edd\u00ed odvod tepla.<\/li>\n<li data-sourcepos=\"14:5-15:0\"><strong>Robustn\u00ed sk\u0159\u00edn\u011b:<\/strong> Jsou ulo\u017eeny v robustn\u00edch krytech, kter\u00e9 chr\u00e1n\u00ed vnit\u0159n\u00ed komponenty p\u0159ed vlivy prost\u0159ed\u00ed.<\/li>\n<\/ul>\n<\/li>\n<li data-sourcepos=\"16:1-21:0\">\n<h3 data-sourcepos=\"16:3-16:19\"><strong>Aplikace:<\/strong><\/h3>\n<ul data-sourcepos=\"17:5-21:0\">\n<li data-sourcepos=\"17:5-17:118\"><strong>P\u0159enos a distribuce energie:<\/strong> Filtrace harmonick\u00fdch ve vysokonap\u011b\u0165ov\u00fdch p\u0159enosov\u00fdch veden\u00edch a rozvodn\u00e1ch.<\/li>\n<li data-sourcepos=\"18:5-18:130\"><strong>Pr\u016fmyslov\u00e9 aplikace:<\/strong> Pou\u017e\u00edv\u00e1 se ve v\u00fdkonn\u00fdch pr\u016fmyslov\u00fdch za\u0159\u00edzen\u00edch, jako jsou motorov\u00e9 pohony, m\u011bni\u010de a sv\u00e1\u0159e\u010dky.<\/li>\n<li data-sourcepos=\"19:5-19:128\"><strong>Obnoviteln\u00e9 zdroje energie:<\/strong> Filtrov\u00e1n\u00ed harmonick\u00fdch generovan\u00fdch v\u011btrn\u00fdmi turb\u00ednami, sol\u00e1rn\u00edmi st\u0159\u00edda\u010di a dal\u0161\u00edmi obnoviteln\u00fdmi zdroji energie.<\/li>\n<li data-sourcepos=\"19:5-19:128\"><strong>Vysokonap\u011b\u0165ov\u00fd p\u0159enos stejnosm\u011brn\u00e9ho proudu (HVDC):<\/strong> Pou\u017e\u00edv\u00e1 se v m\u011bni\u010dov\u00fdch stanic\u00edch HVDC k filtraci harmonick\u00fdch a zlep\u0161en\u00ed kvality elektrick\u00e9 energie.<\/li>\n<\/ul>\n<\/li>\n<li data-sourcepos=\"22:1-27:0\">\n<h3 data-sourcepos=\"22:3-22:15\"><strong>V\u00fdhody:<\/strong><\/h3>\n<ul data-sourcepos=\"23:5-27:0\">\n<li data-sourcepos=\"23:5-23:125\"><strong>Zlep\u0161en\u00ed kvality nap\u00e1jen\u00ed:<\/strong> \u00da\u010dinn\u011b sni\u017euj\u00ed harmonick\u00e9 zkreslen\u00ed, co\u017e vede ke stabiln\u011bj\u0161\u00edm a \u00fa\u010dinn\u011bj\u0161\u00edm energetick\u00fdm syst\u00e9m\u016fm.<\/li>\n<li data-sourcepos=\"24:5-24:110\"><strong>Zv\u00fd\u0161en\u00e1 \u00fa\u010dinnost syst\u00e9mu:<\/strong> Minimalizujte ztr\u00e1ty energie, sni\u017ete spot\u0159ebu energie a provozn\u00ed n\u00e1klady.<\/li>\n<li data-sourcepos=\"25:5-25:105\"><strong>Zv\u00fd\u0161en\u00e1 \u017eivotnost za\u0159\u00edzen\u00ed:<\/strong> Chra\u0148te citliv\u00e1 za\u0159\u00edzen\u00ed p\u0159ed \u0161kodliv\u00fdmi \u00fa\u010dinky harmonick\u00fdch.<\/li>\n<li data-sourcepos=\"26:5-27:0\"><strong>Zv\u00fd\u0161en\u00e1 spolehlivost syst\u00e9mu:<\/strong> Robustn\u00ed konstrukce a samoregenera\u010dn\u00ed schopnosti zvy\u0161uj\u00ed dlouhodobou spolehlivost syst\u00e9mu.<\/li>\n<\/ul>\n<\/li>\n<\/ul>","protected":false},"excerpt":{"rendered":"<table style=\"height: 447px;\" width=\"813\">\n<tbody>\n<tr>\n<td width=\"146\"><strong><b>Produkt<\/b><\/strong>\u00a0<strong><b>Jm\u00e9no:<\/b><\/strong><\/td>\n<td width=\"601\"><strong>Vysoce v\u00fdkonn\u00fd filtra\u010dn\u00ed kondenz\u00e1tor<\/strong><\/td>\n<\/tr>\n<tr>\n<td width=\"146\">\n<h4>Pou\u017eit\u00ed:<\/h4>\n<\/td>\n<td width=\"601\">Obecn\u00e9 pou\u017eit\u00ed, Nap\u00e1jen\u00ed, Vysok\u00e9 nap\u011bt\u00ed, UPS<\/td>\n<\/tr>\n<tr>\n<td width=\"146\"><strong>Rozsah kapacity:<\/strong><\/td>\n<td width=\"601\">\u00a00,33UF~60UF<\/td>\n<\/tr>\n<tr>\n<td width=\"146\"><strong>Jmenovit\u00e9 nap\u011bt\u00ed\uff1a<\/strong><\/td>\n<td width=\"601\">450V.DC - 1800V.DC<\/td>\n<\/tr>\n<tr>\n<td width=\"146\"><strong>Referen\u010dn\u00ed norma:<\/strong><\/td>\n<td width=\"601\">\u00a0IEC61071;GB\/T 17702<\/td>\n<\/tr>\n<tr>\n<td width=\"146\"><strong>Pou\u017eit\u00ed:\u00a0<\/strong><\/td>\n<td width=\"601\">\u00a0AC-Filtr<\/td>\n<\/tr>\n<\/tbody>\n<\/table>","protected":false},"featured_media":1714,"comment_status":"open","ping_status":"closed","template":"","meta":[],"product_brand":[],"product_cat":[39],"product_tag":[],"class_list":{"0":"post-1713","1":"product","2":"type-product","3":"status-publish","4":"has-post-thumbnail","6":"product_cat-ac-filter-capacitor-1","8":"first","9":"instock","10":"shipping-taxable","11":"product-type-simple"},"_links":{"self":[{"href":"https:\/\/rf-capacitor.com\/cs\/wp-json\/wp\/v2\/product\/1713","targetHints":{"allow":["GET"]}}],"collection":[{"href":"https:\/\/rf-capacitor.com\/cs\/wp-json\/wp\/v2\/product"}],"about":[{"href":"https:\/\/rf-capacitor.com\/cs\/wp-json\/wp\/v2\/types\/product"}],"replies":[{"embeddable":true,"href":"https:\/\/rf-capacitor.com\/cs\/wp-json\/wp\/v2\/comments?post=1713"}],"wp:featuredmedia":[{"embeddable":true,"href":"https:\/\/rf-capacitor.com\/cs\/wp-json\/wp\/v2\/media\/1714"}],"wp:attachment":[{"href":"https:\/\/rf-capacitor.com\/cs\/wp-json\/wp\/v2\/media?parent=1713"}],"wp:term":[{"taxonomy":"product_brand","embeddable":true,"href":"https:\/\/rf-capacitor.com\/cs\/wp-json\/wp\/v2\/product_brand?post=1713"},{"taxonomy":"product_cat","embeddable":true,"href":"https:\/\/rf-capacitor.com\/cs\/wp-json\/wp\/v2\/product_cat?post=1713"},{"taxonomy":"product_tag","embeddable":true,"href":"https:\/\/rf-capacitor.com\/cs\/wp-json\/wp\/v2\/product_tag?post=1713"}],"curies":[{"name":"wp","href":"https:\/\/api.w.org\/{rel}","templated":true}]}}