{"id":1709,"date":"2024-12-30T03:11:32","date_gmt":"2024-12-30T03:11:32","guid":{"rendered":"https:\/\/rf-capacitor.com\/?post_type=product&#038;p=1709"},"modified":"2024-12-30T03:11:32","modified_gmt":"2024-12-30T03:11:32","slug":"power-factor-correction-film-capacitors","status":"publish","type":"product","link":"https:\/\/rf-capacitor.com\/cs\/power-factor-correction-film-capacitors\/","title":{"rendered":"F\u00f3liov\u00e9 kondenz\u00e1tory s korekc\u00ed \u00fa\u010din\u00edku"},"content":{"rendered":"<h3 data-sourcepos=\"1:1-1:49\"><strong>F\u00f3liov\u00e9 kondenz\u00e1tory s korekc\u00ed \u00fa\u010din\u00edku<\/strong><\/h3>\n<ul data-sourcepos=\"3:1-13:0\">\n<li data-sourcepos=\"3:1-3:94\">\n<p data-sourcepos=\"3:3-3:94\"><strong><span class=\"citation-0 recitation\">\u00da\u010del:<\/span><\/strong><span class=\"citation-0 recitation citation-end-0\"> Pou\u017e\u00edv\u00e1 se p\u0159edev\u0161\u00edm ke zlep\u0161en\u00ed \u00fa\u010din\u00edku v elektrick\u00fdch syst\u00e9mech.<\/span><span class=\"button-container hide-from-message-actions ng-star-inserted\">\u00a0<\/span><\/p>\n<div class=\"container ng-tns-c362440147-42 hide\">\n<div class=\"carousel-container ng-tns-c362440147-42\"><\/div>\n<\/div>\n<\/li>\n<li data-sourcepos=\"4:1-11:0\">\n<p data-sourcepos=\"4:3-4:21\"><strong>Jak funguj\u00ed:<\/strong><\/p>\n<ul data-sourcepos=\"5:5-11:0\">\n<li data-sourcepos=\"5:5-5:174\"><strong>Jalov\u00fd v\u00fdkon:<\/strong> <span class=\"citation-1 recitation citation-end-1\">Induktivn\u00ed z\u00e1t\u011b\u017ee (nap\u0159. motory a transform\u00e1tory) odeb\u00edraj\u00ed jalov\u00fd v\u00fdkon, kter\u00fd nep\u0159isp\u00edv\u00e1 k u\u017eite\u010dn\u00e9 pr\u00e1ci, ale zvy\u0161uje pr\u016ftok proudu.<\/span><span class=\"button-container hide-from-message-actions ng-star-inserted\"> \u00a0<\/span>\n<div class=\"container ng-tns-c362440147-43 hide\">\n<div class=\"carousel-container ng-tns-c362440147-43\"><\/div>\n<\/div>\n<\/li>\n<li data-sourcepos=\"6:5-6:124\"><strong><span class=\"citation-2 recitation\">Kondenz\u00e1tory:<\/span><\/strong><span class=\"citation-2 recitation citation-end-2\"> Poskytuje p\u0159ed\u0159azen\u00fd jalov\u00fd v\u00fdkon, kter\u00fd vyrovn\u00e1v\u00e1 zpo\u017ed\u011bn\u00fd jalov\u00fd v\u00fdkon z\u00e1t\u011b\u017ee.<\/span><span class=\"button-container hide-from-message-actions ng-star-inserted\"> \u00a0<\/span>\n<div class=\"container ng-tns-c362440147-44 hide\">\n<div class=\"carousel-container ng-tns-c362440147-44\"><\/div>\n<\/div>\n<\/li>\n<li data-sourcepos=\"7:5-11:0\"><strong>Zlep\u0161en\u00fd \u00fa\u010din\u00edk:<\/strong> P\u0159id\u00e1n\u00edm kondenz\u00e1tor\u016f PFC se zv\u00fd\u0161\u00ed celkov\u00fd \u00fa\u010din\u00edk syst\u00e9mu, co\u017e vede k:\n<ul data-sourcepos=\"8:9-11:0\">\n<li data-sourcepos=\"8:9-8:65\">Sn\u00ed\u017een\u00ed pr\u016ftoku proudu p\u0159i stejn\u00e9m mno\u017estv\u00ed skute\u010dn\u00e9ho v\u00fdkonu.<\/li>\n<li data-sourcepos=\"9:9-9:57\"><span class=\"citation-3 recitation citation-end-3\">Ni\u017e\u0161\u00ed energetick\u00e9 ztr\u00e1ty v syst\u00e9mu.<\/span><span class=\"button-container hide-from-message-actions ng-star-inserted\"> \u00a0<\/span>\n<div class=\"container ng-tns-c362440147-45 hide\">\n<div class=\"carousel-container ng-tns-c362440147-45\"><\/div>\n<\/div>\n<\/li>\n<li data-sourcepos=\"10:9-11:0\"><span class=\"citation-4 recitation citation-end-4\">Zlep\u0161en\u00e1 stabilita nap\u011bt\u00ed.<\/span><span class=\"button-container hide-from-message-actions ng-star-inserted\">\u00a0 \u00a0<\/span><\/li>\n<li data-sourcepos=\"10:9-11:0\"><strong>Konstrukce:<\/strong> Podobn\u011b jako obecn\u00e9 kondenz\u00e1tory pro st\u0159\u00eddav\u00fd proud, obvykle pou\u017e\u00edvaj\u00ed jako dielektrikum metalizovanou polypropylenovou f\u00f3lii.<\/li>\n<\/ul>\n<\/li>\n<\/ul>\n<\/li>\n<\/ul>\n<h3 data-sourcepos=\"14:1-14:17\"><strong>Kl\u00ed\u010dov\u00e9 vlastnosti Filmov\u00e9 kondenz\u00e1tory s korekc\u00ed \u00fa\u010din\u00edku :<\/strong><\/h3>\n<ul data-sourcepos=\"16:1-20:0\">\n<li data-sourcepos=\"16:1-16:86\"><strong>Vysok\u00e1 kapacitn\u00ed hustota:<\/strong> Lze dos\u00e1hnout vysok\u00fdch hodnot kapacity p\u0159i kompaktn\u00edch rozm\u011brech.<\/li>\n<li data-sourcepos=\"17:1-17:60\"><strong>N\u00edzk\u00e9 ztr\u00e1ty:<\/strong> Minim\u00e1ln\u00ed rozptyl energie b\u011bhem provozu.<\/li>\n<li data-sourcepos=\"18:1-18:80\"><strong>Samol\u00e9\u010den\u00ed:<\/strong> <span class=\"citation-5 recitation citation-end-5\">Zvy\u0161uje spolehlivost a prodlu\u017euje \u017eivotnost.<\/span><span class=\"button-container hide-from-message-actions ng-star-inserted\"> \u00a0<\/span>\n<div class=\"container ng-tns-c362440147-47 hide\">\n<div class=\"carousel-container ng-tns-c362440147-47\"><\/div>\n<\/div>\n<\/li>\n<li data-sourcepos=\"19:1-20:0\"><strong>Dlouh\u00e1 \u017eivotnost:<\/strong> Navr\u017eeno pro nep\u0159etr\u017eit\u00fd provoz v energetick\u00fdch syst\u00e9mech.<\/li>\n<\/ul>\n<h3 data-sourcepos=\"21:1-21:17\"><strong>Aplikace F\u00f3liov\u00e9 kondenz\u00e1tory s korekc\u00ed \u00fa\u010din\u00edku :<\/strong><\/h3>\n<ul data-sourcepos=\"23:1-26:0\">\n<li data-sourcepos=\"23:1-23:147\"><strong><span class=\"citation-6 recitation\">Pr\u016fmyslov\u00e9:<\/span><\/strong><span class=\"citation-6 recitation citation-end-6\"> \u0160iroce se pou\u017e\u00edv\u00e1 v pr\u016fmyslov\u00fdch za\u0159\u00edzen\u00edch ke zlep\u0161en\u00ed \u00fa\u010din\u00edku motor\u016f, transform\u00e1tor\u016f a dal\u0161\u00edch induktivn\u00edch z\u00e1t\u011b\u017e\u00ed.<\/span><span class=\"button-container hide-from-message-actions ng-star-inserted\">\u00a0<\/span>\n<div class=\"container ng-tns-c362440147-48 hide\">\n<div class=\"carousel-container ng-tns-c362440147-48\"><\/div>\n<\/div>\n<\/li>\n<li data-sourcepos=\"24:1-24:113\"><strong>Komer\u010dn\u00ed:<\/strong> <span class=\"citation-7 recitation citation-end-7\">Pou\u017e\u00edv\u00e1 se v komer\u010dn\u00edch budov\u00e1ch ke sn\u00ed\u017een\u00ed n\u00e1klad\u016f na energii a zlep\u0161en\u00ed \u00fa\u010dinnosti syst\u00e9mu.<\/span><span class=\"button-container hide-from-message-actions ng-star-inserted\">\u00a0 \u00a0<\/span>\n<div class=\"container ng-tns-c362440147-49 hide\">\n<div class=\"carousel-container ng-tns-c362440147-49\"><\/div>\n<\/div>\n<\/li>\n<li data-sourcepos=\"25:1-26:0\"><strong><span class=\"citation-8 recitation\">Komun\u00e1ln\u00ed slu\u017eby:<\/span><\/strong><span class=\"citation-8 recitation citation-end-8\"> Pou\u017e\u00edvaj\u00ed je energetick\u00e9 spole\u010dnosti ke zlep\u0161en\u00ed celkov\u00e9 kvality elektrick\u00e9 energie v s\u00edti.<\/span><span class=\"button-container hide-from-message-actions ng-star-inserted\">\u00a0<\/span>\n<div class=\"container ng-tns-c362440147-50 hide\">\n<div class=\"carousel-container ng-tns-c362440147-50\"><\/div>\n<\/div>\n<\/li>\n<\/ul>\n<h3 data-sourcepos=\"27:1-27:13\"><strong>V\u00fdhody:<\/strong><\/h3>\n<ul data-sourcepos=\"29:1-34:0\">\n<li data-sourcepos=\"29:1-29:117\"><strong>Sn\u00ed\u017een\u00ed n\u00e1klad\u016f na energii:<\/strong> Ni\u017e\u0161\u00ed odb\u011br proudu vede ke sn\u00ed\u017een\u00ed energetick\u00fdch ztr\u00e1t v p\u0159enosov\u00fdch a distribu\u010dn\u00edch veden\u00edch.<\/li>\n<li data-sourcepos=\"30:1-30:126\"><strong>Zv\u00fd\u0161en\u00e1 \u00fa\u010dinnost syst\u00e9mu:<\/strong> <span class=\"citation-9 recitation citation-end-9\">Zv\u00fd\u0161en\u00fd \u00fa\u010din\u00edk zlep\u0161uje celkovou \u00fa\u010dinnost elektrick\u00fdch za\u0159\u00edzen\u00ed.<\/span><span class=\"button-container hide-from-message-actions ng-star-inserted\">\u00a0 \u00a0<\/span>\n<div class=\"container ng-tns-c362440147-51 hide\">\n<div class=\"carousel-container ng-tns-c362440147-51\"><\/div>\n<\/div>\n<\/li>\n<li data-sourcepos=\"31:1-31:131\"><strong>Zv\u00fd\u0161en\u00e1 kapacita syst\u00e9mu:<\/strong> <span class=\"citation-10 recitation citation-end-10\">Ni\u017e\u0161\u00ed proud umo\u017e\u0148uje zv\u00fd\u0161it dod\u00e1vku energie bez nutnosti modernizace infrastruktury.<\/span><span class=\"button-container hide-from-message-actions ng-star-inserted\"> \u00a0<\/span>\n<div class=\"container ng-tns-c362440147-52 hide\">\n<div class=\"carousel-container ng-tns-c362440147-52\"><\/div>\n<\/div>\n<\/li>\n<li data-sourcepos=\"32:1-32:93\"><strong>Zlep\u0161en\u00e1 stabilita nap\u011bt\u00ed:<\/strong> Sn\u00ed\u017een\u00ed kol\u00eds\u00e1n\u00ed nap\u011bt\u00ed a zlep\u0161en\u00ed stability syst\u00e9mu.<\/li>\n<li data-sourcepos=\"33:1-34:0\"><strong>Sn\u00ed\u017een\u00ed opot\u0159eben\u00ed za\u0159\u00edzen\u00ed:<\/strong> Ni\u017e\u0161\u00ed proud sni\u017euje zat\u00ed\u017een\u00ed elektrick\u00fdch za\u0159\u00edzen\u00ed a prodlu\u017euje jejich \u017eivotnost.<\/li>\n<\/ul>","protected":false},"excerpt":{"rendered":"<table style=\"height: 506px;\" width=\"694\">\n<tbody>\n<tr>\n<td width=\"146\"><strong><b>Produkt<\/b><\/strong>\u00a0<strong><b>Jm\u00e9no:<\/b><\/strong><\/td>\n<td width=\"601\"><strong>F\u00f3liov\u00e9 kondenz\u00e1tory s korekc\u00ed \u00fa\u010din\u00edku<\/strong><\/td>\n<\/tr>\n<tr>\n<td width=\"146\">\n<h4><strong>Kr\u00e1tk\u00fd popis:<\/strong><\/h4>\n<\/td>\n<td width=\"601\">&nbsp;<\/p>\n<p>Spole\u010dnost CRE vyvinula tento such\u00fd filmov\u00fd filtr st\u0159\u00eddav\u00e9ho proudu, kter\u00fd vy\u0159e\u0161il probl\u00e9m s poruchami b\u011b\u017en\u00fdch filtr\u016f st\u0159\u00eddav\u00e9ho proudu.<\/td>\n<\/tr>\n<tr>\n<td width=\"146\"><strong>Rozsah kapacity:<\/strong><\/td>\n<td width=\"601\">\u00a03*200\u03bcF\u00b15%<\/td>\n<\/tr>\n<tr>\n<td width=\"146\"><strong>Jmenovit\u00e9 nap\u011bt\u00ed\uff1a<\/strong><\/td>\n<td width=\"601\">450V.AC SH<\/td>\n<\/tr>\n<tr>\n<td width=\"146\"><strong>Cap.tol\uff1a<\/strong><\/td>\n<td width=\"601\">\u00a0\u00b15%\uff08J\uff09\uff1b\u00b110%\uff08K\uff09<\/td>\n<\/tr>\n<tr>\n<td width=\"146\"><strong>Model kondenz\u00e1toru:\u00a0<\/strong><\/td>\n<td width=\"601\">\u0158ada DMJ-PS<\/td>\n<\/tr>\n<\/tbody>\n<\/table>","protected":false},"featured_media":1710,"comment_status":"open","ping_status":"closed","template":"","meta":[],"product_brand":[],"product_cat":[39],"product_tag":[],"class_list":{"0":"post-1709","1":"product","2":"type-product","3":"status-publish","4":"has-post-thumbnail","6":"product_cat-ac-filter-capacitor-1","8":"first","9":"instock","10":"shipping-taxable","11":"product-type-simple"},"_links":{"self":[{"href":"https:\/\/rf-capacitor.com\/cs\/wp-json\/wp\/v2\/product\/1709","targetHints":{"allow":["GET"]}}],"collection":[{"href":"https:\/\/rf-capacitor.com\/cs\/wp-json\/wp\/v2\/product"}],"about":[{"href":"https:\/\/rf-capacitor.com\/cs\/wp-json\/wp\/v2\/types\/product"}],"replies":[{"embeddable":true,"href":"https:\/\/rf-capacitor.com\/cs\/wp-json\/wp\/v2\/comments?post=1709"}],"wp:featuredmedia":[{"embeddable":true,"href":"https:\/\/rf-capacitor.com\/cs\/wp-json\/wp\/v2\/media\/1710"}],"wp:attachment":[{"href":"https:\/\/rf-capacitor.com\/cs\/wp-json\/wp\/v2\/media?parent=1709"}],"wp:term":[{"taxonomy":"product_brand","embeddable":true,"href":"https:\/\/rf-capacitor.com\/cs\/wp-json\/wp\/v2\/product_brand?post=1709"},{"taxonomy":"product_cat","embeddable":true,"href":"https:\/\/rf-capacitor.com\/cs\/wp-json\/wp\/v2\/product_cat?post=1709"},{"taxonomy":"product_tag","embeddable":true,"href":"https:\/\/rf-capacitor.com\/cs\/wp-json\/wp\/v2\/product_tag?post=1709"}],"curies":[{"name":"wp","href":"https:\/\/api.w.org\/{rel}","templated":true}]}}