{"id":1702,"date":"2024-12-30T01:56:26","date_gmt":"2024-12-30T01:56:26","guid":{"rendered":"https:\/\/rf-capacitor.com\/?post_type=product&#038;p=1702"},"modified":"2024-12-30T01:56:26","modified_gmt":"2024-12-30T01:56:26","slug":"ac-power-capacitor","status":"publish","type":"product","link":"https:\/\/rf-capacitor.com\/cs\/ac-power-capacitor\/","title":{"rendered":"Kondenz\u00e1tor st\u0159\u00eddav\u00e9ho proudu"},"content":{"rendered":"<h3 data-sourcepos=\"1:1-1:33\"><strong>Kondenz\u00e1tory pro st\u0159\u00eddav\u00fd proud: Z\u00e1kladn\u00ed informace o kondenz\u00e1torech<\/strong><\/h3>\n<p data-sourcepos=\"3:1-3:275\">Kondenz\u00e1tor st\u0159\u00eddav\u00e9ho proudu je specializovan\u00fd typ kondenz\u00e1toru ur\u010den\u00fd pro pou\u017eit\u00ed v syst\u00e9mech st\u0159\u00eddav\u00e9ho proudu (AC). Pou\u017e\u00edvaj\u00ed se p\u0159edev\u0161\u00edm pro <strong>korekce \u00fa\u010din\u00edku<\/strong>, technika zam\u011b\u0159en\u00e1 na zlep\u0161en\u00ed \u00fa\u010dinnosti a stability elektrick\u00e9 s\u00edt\u011b.<\/p>\n<h3 data-sourcepos=\"3:1-3:275\"><strong>Jak funguj\u00ed<\/strong><\/h3>\n<ul data-sourcepos=\"7:1-10:0\">\n<li data-sourcepos=\"7:1-7:211\"><strong>Kapacitn\u00ed reaktance:<\/strong> Kondenz\u00e1tory vykazuj\u00ed vlastnost zn\u00e1mou jako kapacitn\u00ed reaktance, kter\u00e1 br\u00e1n\u00ed pr\u016ftoku st\u0159\u00eddav\u00e9ho proudu. Tato reaktance je nep\u0159\u00edmo \u00fam\u011brn\u00e1 frekvenci st\u0159\u00eddav\u00e9ho sign\u00e1lu.<\/li>\n<li data-sourcepos=\"7:1-7:211\"><strong>Vedouc\u00ed proud:<\/strong> Po p\u0159ipojen\u00ed ke st\u0159\u00eddav\u00e9mu obvodu odeb\u00edr\u00e1 kondenz\u00e1tor n\u00e1b\u011b\u017en\u00fd proud, co\u017e znamen\u00e1, \u017ee pr\u016fb\u011bh proudu p\u0159edb\u00edh\u00e1 pr\u016fb\u011bh nap\u011bt\u00ed o 90 stup\u0148\u016f.<\/li>\n<li data-sourcepos=\"9:1-10:0\"><strong>Korekce \u00fa\u010din\u00edku:<\/strong> V mnoha pr\u016fmyslov\u00fdch a komer\u010dn\u00edch aplikac\u00edch jsou elektrick\u00e9 z\u00e1t\u011b\u017ee p\u0159ev\u00e1\u017en\u011b induktivn\u00ed (nap\u0159. motory, transform\u00e1tory). Induktivn\u00ed z\u00e1t\u011b\u017ee zp\u016fsobuj\u00ed, \u017ee proud zaost\u00e1v\u00e1 za nap\u011bt\u00edm, co\u017e m\u00e1 za n\u00e1sledek \u0161patn\u00fd \u00fa\u010din\u00edk. Zaveden\u00edm kapacitn\u00ed reaktance do syst\u00e9mu mohou kondenz\u00e1tory st\u0159\u00eddav\u00e9ho proudu vyrovnat zpo\u017ed\u011bn\u00ed proudu, \u010d\u00edm\u017e se \u00fa\u010din\u00edk p\u0159ibl\u00ed\u017e\u00ed k jednotce (1).<\/li>\n<\/ul>\n<h3 data-sourcepos=\"11:1-11:41\"><strong>V\u00fdhody pou\u017e\u00edv\u00e1n\u00ed kondenz\u00e1tor\u016f st\u0159\u00eddav\u00e9ho proudu<\/strong><\/h3>\n<ul data-sourcepos=\"13:1-17:0\">\n<li data-sourcepos=\"13:1-13:195\"><strong>Sn\u00ed\u017een\u00ed ztr\u00e1t energie:<\/strong> Ni\u017e\u0161\u00ed \u00fa\u010din\u00edk vede ke zv\u00fd\u0161en\u00fdm ztr\u00e1t\u00e1m v\u00fdkonu v elektrick\u00e9 soustav\u011b. Korekce \u00fa\u010din\u00edku tyto ztr\u00e1ty minimalizuje, co\u017e vede k v\u00fdznamn\u00fdm \u00faspor\u00e1m energie.<\/li>\n<li data-sourcepos=\"14:1-14:140\"><strong>Vylep\u0161en\u00e1 regulace nap\u011bt\u00ed:<\/strong> Sn\u00ed\u017een\u00edm kol\u00eds\u00e1n\u00ed proudu pom\u00e1haj\u00ed kondenz\u00e1tory udr\u017eovat stabiln\u011bj\u0161\u00ed \u00farove\u0148 nap\u011bt\u00ed v cel\u00e9m syst\u00e9mu.<\/li>\n<li data-sourcepos=\"15:1-15:140\"><strong>Zv\u00fd\u0161en\u00e1 kapacita syst\u00e9mu:<\/strong> Vy\u0161\u0161\u00ed \u00fa\u010din\u00edk umo\u017e\u0148uje p\u0159en\u00e1\u0161et v\u00edce energie prost\u0159ednictv\u00edm st\u00e1vaj\u00edc\u00ed elektrick\u00e9 infrastruktury.<\/li>\n<li data-sourcepos=\"15:1-15:140\"><strong>Sn\u00ed\u017een\u00ed z\u00e1t\u011b\u017ee za\u0159\u00edzen\u00ed:<\/strong> Zlep\u0161en\u00e1 kvalita nap\u00e1jen\u00ed sni\u017euje zat\u00ed\u017een\u00ed elektrick\u00fdch za\u0159\u00edzen\u00ed a prodlu\u017euje jejich \u017eivotnost.<\/li>\n<\/ul>\n<h3 data-sourcepos=\"18:1-18:16\"><strong>Aplikace<\/strong><\/h3>\n<p data-sourcepos=\"20:1-20:71\">Kondenz\u00e1tory st\u0159\u00eddav\u00e9ho proudu nach\u00e1zej\u00ed \u0161irok\u00e9 uplatn\u011bn\u00ed v r\u016fzn\u00fdch prost\u0159ed\u00edch, v\u010detn\u011b:<\/p>\n<ul data-sourcepos=\"22:1-25:0\">\n<li data-sourcepos=\"22:1-22:121\"><strong>Pr\u016fmyslov\u00e1 za\u0159\u00edzen\u00ed:<\/strong> V tov\u00e1rn\u00e1ch, v\u00fdrobn\u00edch z\u00e1vodech a dal\u0161\u00edch pr\u016fmyslov\u00fdch provozech se \u010dasto vyskytuje vysok\u00e1 induk\u010dn\u00ed z\u00e1t\u011b\u017e.<\/li>\n<li data-sourcepos=\"23:1-23:132\"><strong>Komer\u010dn\u00ed budovy:<\/strong> Velk\u00e9 komer\u010dn\u00ed budovy se zna\u010dn\u00fdmi n\u00e1roky na elektrickou energii mohou vyu\u017e\u00edvat korekci \u00fa\u010din\u00edku.<\/li>\n<li data-sourcepos=\"24:1-25:0\"><strong>Rozvodny ve\u0159ejn\u00fdch slu\u017eeb:<\/strong> Energetick\u00e9 spole\u010dnosti pou\u017e\u00edvaj\u00ed kondenz\u00e1tory v rozvodn\u00e1ch, aby zlep\u0161ily celkovou kvalitu elektrick\u00e9 energie v s\u00edti.<\/li>\n<\/ul>\n<h3 data-sourcepos=\"26:1-26:22\"><strong>Kl\u00ed\u010dov\u00e9 \u00favahy<\/strong><\/h3>\n<ul data-sourcepos=\"28:1-31:0\">\n<li data-sourcepos=\"28:1-28:191\"><strong>Jmenovit\u00fd v\u00fdkon kondenz\u00e1toru:<\/strong> Pro \u00fa\u010dinnou korekci \u00fa\u010din\u00edku je z\u00e1sadn\u00ed volba vhodn\u00e9ho jmenovit\u00e9ho v\u00fdkonu kondenz\u00e1toru. Je t\u0159eba vz\u00edt v \u00favahu faktory, jako je nap\u011bt\u00ed, proud a frekvence syst\u00e9mu.<\/li>\n<li data-sourcepos=\"29:1-29:135\"><strong>Bezpe\u010dnost:<\/strong> Spr\u00e1vn\u00e1 instalace a \u00fadr\u017eba kondenz\u00e1tor\u016f st\u0159\u00eddav\u00e9ho proudu jsou nezbytn\u00e9 pro zaji\u0161t\u011bn\u00ed bezpe\u010dnosti a p\u0159edch\u00e1zen\u00ed elektrick\u00fdm rizik\u016fm.<\/li>\n<li data-sourcepos=\"30:1-31:0\"><strong>Harmonick\u00e9:<\/strong> V n\u011bkter\u00fdch p\u0159\u00edpadech mohou kondenz\u00e1tory vn\u00e1\u0161et do elektrick\u00e9ho syst\u00e9mu harmonick\u00e9 zkreslen\u00ed. Pe\u010dliv\u00fd n\u00e1vrh a filtrace mohou tento probl\u00e9m zm\u00edrnit.<\/li>\n<\/ul>","protected":false},"excerpt":{"rendered":"<table style=\"height: 493px;\" width=\"923\">\n<tbody>\n<tr>\n<td width=\"146\"><strong><b>Produkt<\/b><\/strong>\u00a0<strong><b>Jm\u00e9no:<\/b><\/strong><\/td>\n<td width=\"601\">Kondenz\u00e1tor st\u0159\u00eddav\u00e9ho proudu<\/td>\n<\/tr>\n<tr>\n<td width=\"146\">\n<h4><strong>Pou\u017eit\u00ed:\u00a0<\/strong><\/h4>\n<\/td>\n<td width=\"601\">Obecn\u00e9 pou\u017eit\u00ed, Nap\u00e1jen\u00ed, Vysok\u00e9 nap\u011bt\u00ed, UPS<\/td>\n<\/tr>\n<tr>\n<td width=\"146\"><strong>Rozsah kapacity:<\/strong><\/td>\n<td width=\"601\">\u00a00,33UF~60UF<\/td>\n<\/tr>\n<tr>\n<td width=\"146\"><strong>Referen\u010dn\u00ed norma:<\/strong><\/td>\n<td width=\"601\">IEC61071;GB\/T 17702<\/td>\n<\/tr>\n<tr>\n<td width=\"146\"><strong>Pou\u017eit\u00ed:\u00a0<\/strong><\/td>\n<td width=\"601\">AC-Filtr<\/td>\n<\/tr>\n<tr>\n<td width=\"146\">V\u00fdrobn\u00ed materi\u00e1l:<\/td>\n<td width=\"601\">Polypropylen<\/td>\n<\/tr>\n<\/tbody>\n<\/table>","protected":false},"featured_media":1703,"comment_status":"open","ping_status":"closed","template":"","meta":[],"product_brand":[],"product_cat":[39],"product_tag":[],"class_list":{"0":"post-1702","1":"product","2":"type-product","3":"status-publish","4":"has-post-thumbnail","6":"product_cat-ac-filter-capacitor-1","8":"first","9":"instock","10":"shipping-taxable","11":"product-type-simple"},"_links":{"self":[{"href":"https:\/\/rf-capacitor.com\/cs\/wp-json\/wp\/v2\/product\/1702","targetHints":{"allow":["GET"]}}],"collection":[{"href":"https:\/\/rf-capacitor.com\/cs\/wp-json\/wp\/v2\/product"}],"about":[{"href":"https:\/\/rf-capacitor.com\/cs\/wp-json\/wp\/v2\/types\/product"}],"replies":[{"embeddable":true,"href":"https:\/\/rf-capacitor.com\/cs\/wp-json\/wp\/v2\/comments?post=1702"}],"wp:featuredmedia":[{"embeddable":true,"href":"https:\/\/rf-capacitor.com\/cs\/wp-json\/wp\/v2\/media\/1703"}],"wp:attachment":[{"href":"https:\/\/rf-capacitor.com\/cs\/wp-json\/wp\/v2\/media?parent=1702"}],"wp:term":[{"taxonomy":"product_brand","embeddable":true,"href":"https:\/\/rf-capacitor.com\/cs\/wp-json\/wp\/v2\/product_brand?post=1702"},{"taxonomy":"product_cat","embeddable":true,"href":"https:\/\/rf-capacitor.com\/cs\/wp-json\/wp\/v2\/product_cat?post=1702"},{"taxonomy":"product_tag","embeddable":true,"href":"https:\/\/rf-capacitor.com\/cs\/wp-json\/wp\/v2\/product_tag?post=1702"}],"curies":[{"name":"wp","href":"https:\/\/api.w.org\/{rel}","templated":true}]}}