{"id":1674,"date":"2024-12-27T03:45:28","date_gmt":"2024-12-27T03:45:28","guid":{"rendered":"https:\/\/rf-capacitor.com\/?post_type=product&#038;p=1674"},"modified":"2024-12-27T03:45:28","modified_gmt":"2024-12-27T03:45:28","slug":"power-film-capacitor","status":"publish","type":"product","link":"https:\/\/rf-capacitor.com\/cs\/power-film-capacitor\/","title":{"rendered":"V\u00fdkonov\u00fd filmov\u00fd kondenz\u00e1tor"},"content":{"rendered":"<h3 data-sourcepos=\"1:1-1:25\"><strong>V\u00fdkonov\u00e9 filmov\u00e9 kondenz\u00e1tory<\/strong><\/h3>\n<p data-sourcepos=\"3:1-3:291\"><span class=\"citation-0 recitation citation-end-0\">V\u00fdkonov\u00e9 filmov\u00e9 kondenz\u00e1tory jsou specializovan\u00fdm typem filmov\u00fdch kondenz\u00e1tor\u016f ur\u010den\u00fdch pro aplikace s vysok\u00fdm v\u00fdkonem.<\/span> <span class=\"citation-1 recitation citation-end-1\">Jsou vyrobeny z tenk\u00fdch vrstev dielektrick\u00fdch materi\u00e1l\u016f, jako je polypropylen, polyester nebo metalizovan\u00e1 f\u00f3lie, vlo\u017een\u00fdch mezi vodiv\u00e9 elektrody.<\/span><span class=\"button-container hide-from-message-actions ng-star-inserted\">\u00a0<\/span><\/p>\n<h3 data-sourcepos=\"5:1-5:24\"><strong>Kl\u00ed\u010dov\u00e9 vlastnosti:<\/strong><\/h3>\n<ul data-sourcepos=\"7:1-12:0\">\n<li data-sourcepos=\"7:1-7:123\"><strong>Vysok\u00fd v\u00fdkon:<\/strong> <span class=\"citation-2 recitation citation-end-2\">Dok\u00e1\u017ee zpracov\u00e1vat vysok\u00e9 proudy a vysok\u00e9 v\u00fdkony bez v\u00fdrazn\u00fdch ztr\u00e1t.<\/span><span class=\"button-container hide-from-message-actions ng-star-inserted\">\u00a0 \u00a0<\/span>\n<div class=\"container ng-tns-c362440147-107 hide\">\n<div class=\"carousel-container ng-tns-c362440147-107\"><\/div>\n<\/div>\n<\/li>\n<li data-sourcepos=\"8:1-8:135\"><strong><span class=\"citation-3 recitation\">N\u00edzk\u00fd ESR (ekvivalentn\u00ed s\u00e9riov\u00fd odpor):<\/span><\/strong> N\u00edzk\u00fd vnit\u0159n\u00ed odpor minimalizuje rozptyl energie a zvy\u0161uje \u00fa\u010dinnost.<span class=\"button-container hide-from-message-actions ng-star-inserted\">\u00a0 \u00a0<\/span>\n<div class=\"container ng-tns-c362440147-108 hide\">\n<div class=\"carousel-container ng-tns-c362440147-108\"><\/div>\n<\/div>\n<\/li>\n<li data-sourcepos=\"9:1-9:133\"><strong><span class=\"citation-4 recitation\">Schopnost vysok\u00e9ho zvln\u011bn\u00ed proudu:<\/span><\/strong><span class=\"citation-4 recitation citation-end-4\"> Odol\u00e1v\u00e1 vysok\u00fdm zvln\u011bn\u00fdm proud\u016fm, kter\u00e9 jsou b\u011b\u017en\u00e9 v obvodech v\u00fdkonov\u00e9 elektroniky.<\/span>\n<div class=\"container ng-tns-c362440147-109 hide\">\n<div class=\"carousel-container ng-tns-c362440147-109\"><\/div>\n<\/div>\n<\/li>\n<li data-sourcepos=\"10:1-10:123\"><strong>Kompaktn\u00ed velikost:<\/strong> <span class=\"citation-5 recitation citation-end-5\">\u010casto jsou k dispozici v kompaktn\u00edch rozm\u011brech, tak\u017ee jsou vhodn\u00e9 pro aplikace s omezen\u00fdm prostorem.<\/span><span class=\"button-container hide-from-message-actions ng-star-inserted\">\u00a0\u00a0<\/span>\n<div class=\"container ng-tns-c362440147-110 hide\">\n<div class=\"carousel-container ng-tns-c362440147-110\"><\/div>\n<\/div>\n<\/li>\n<li data-sourcepos=\"11:1-12:0\"><strong><span class=\"citation-6 recitation\">Dlouh\u00e1 \u017eivotnost:<\/span><\/strong><span class=\"citation-6 recitation citation-end-6\"> Navr\u017eeno pro dlouhodob\u00fd provoz v n\u00e1ro\u010dn\u00fdch energetick\u00fdch aplikac\u00edch.<\/span><span class=\"button-container hide-from-message-actions ng-star-inserted\"> \u00a0<\/span>\n<div class=\"container ng-tns-c362440147-111 hide\">\n<div class=\"carousel-container ng-tns-c362440147-111\"><\/div>\n<\/div>\n<\/li>\n<\/ul>\n<h3 data-sourcepos=\"13:1-13:24\"><strong>B\u011b\u017en\u00e9 aplikace:<\/strong><\/h3>\n<ul data-sourcepos=\"15:1-20:0\">\n<li data-sourcepos=\"15:1-15:170\"><strong>Nap\u00e1jec\u00ed zdroje:<\/strong> <span class=\"citation-7 recitation citation-end-7\">Pou\u017e\u00edv\u00e1 se v nap\u00e1jec\u00edch zdroj\u00edch pro r\u016fzn\u00e1 elektronick\u00e1 za\u0159\u00edzen\u00ed, v\u010detn\u011b pr\u016fmyslov\u00fdch za\u0159\u00edzen\u00ed, syst\u00e9m\u016f obnoviteln\u00fdch zdroj\u016f energie a elektrick\u00fdch vozidel.<\/span><span class=\"button-container hide-from-message-actions ng-star-inserted\"> \u00a0<\/span>\n<div class=\"container ng-tns-c362440147-112 hide\">\n<div class=\"carousel-container ng-tns-c362440147-112\"><\/div>\n<\/div>\n<\/li>\n<li data-sourcepos=\"16:1-16:110\"><strong><span class=\"citation-8 recitation\">Motorov\u00e9 pohony:<\/span><\/strong><span class=\"citation-8 recitation citation-end-8\"> Pou\u017e\u00edvaj\u00ed se v syst\u00e9mech motorov\u00fdch pohon\u016f pro filtrov\u00e1n\u00ed, vyhlazov\u00e1n\u00ed a ukl\u00e1d\u00e1n\u00ed energie.<\/span><span class=\"button-container hide-from-message-actions ng-star-inserted\">\u00a0 \u00a0<\/span>\n<div class=\"container ng-tns-c362440147-113 hide\">\n<div class=\"carousel-container ng-tns-c362440147-113\"><\/div>\n<\/div>\n<\/li>\n<li data-sourcepos=\"17:1-17:110\"><strong><span class=\"citation-9 recitation\">Korekce \u00fa\u010din\u00edku:<\/span><\/strong><span class=\"citation-9 recitation citation-end-9\"> Pou\u017e\u00edv\u00e1 se v obvodech korekce \u00fa\u010din\u00edku ke zlep\u0161en\u00ed kvality elektrick\u00e9 energie.<\/span><span class=\"button-container hide-from-message-actions ng-star-inserted\">\u00a0 \u00a0<\/span>\n<div class=\"container ng-tns-c362440147-114 hide\">\n<div class=\"carousel-container ng-tns-c362440147-114\"><\/div>\n<\/div>\n<\/li>\n<li data-sourcepos=\"18:1-18:75\"><strong>M\u011bni\u010de:<\/strong> Pou\u017e\u00edv\u00e1 se ve st\u0159\u00edda\u010d\u00edch pro p\u0159em\u011bnu stejnosm\u011brn\u00e9ho proudu na st\u0159\u00eddav\u00fd.<\/li>\n<li data-sourcepos=\"19:1-20:0\"><strong><span class=\"citation-10 recitation\">Rezonan\u010dn\u00ed obvody:<\/span><\/strong><span class=\"citation-10 recitation citation-end-10\"> Pou\u017e\u00edvaj\u00ed se v rezonan\u010dn\u00edch obvodech pro aplikace, jako je induk\u010dn\u00ed oh\u0159ev a generov\u00e1n\u00ed plazmatu.<\/span><span class=\"button-container hide-from-message-actions ng-star-inserted\"> \u00a0 <\/span><\/li>\n<\/ul>","protected":false},"excerpt":{"rendered":"<table style=\"height: 437px;\" width=\"726\">\n<tbody>\n<tr>\n<td width=\"146\"><strong><b>Produkt<\/b><\/strong>\u00a0<strong><b>Jm\u00e9no:<\/b><\/strong><\/td>\n<td width=\"601\"><strong>V\u00fdkonov\u00fd filmov\u00fd kondenz\u00e1tor<\/strong><\/td>\n<\/tr>\n<tr>\n<td width=\"146\">\n<h4><strong>Kr\u00e1tk\u00fd popis:<\/strong><\/h4>\n<\/td>\n<td width=\"601\">Defibrila\u010dn\u00ed filmov\u00e9 kondenz\u00e1tory jsou navr\u017eeny speci\u00e1ln\u011b tak, aby spl\u0148ovaly po\u017eadavky na spolehlivost zdravotnick\u00e9ho prost\u0159edku t\u0159\u00eddy III.<\/td>\n<\/tr>\n<tr>\n<td width=\"146\"><strong>Rozsah kapacity:<\/strong><\/td>\n<td width=\"601\">32 \u00b5F a\u017e 500 \u00b5F<\/td>\n<\/tr>\n<tr>\n<td width=\"146\"><strong>Jmenovit\u00e9 nap\u011bt\u00ed\uff1a<\/strong><\/td>\n<td width=\"601\">800 VDC a\u017e 6000 VDC<\/td>\n<\/tr>\n<tr>\n<td width=\"146\"><strong>Cap.tol\uff1a<\/strong><\/td>\n<td width=\"601\">+70 a\u017e -45 \u2103<\/td>\n<\/tr>\n<\/tbody>\n<\/table>","protected":false},"featured_media":1676,"comment_status":"open","ping_status":"closed","template":"","meta":[],"product_brand":[],"product_cat":[38],"product_tag":[],"class_list":{"0":"post-1674","1":"product","2":"type-product","3":"status-publish","4":"has-post-thumbnail","6":"product_cat-dc-capacitor-2","8":"first","9":"instock","10":"shipping-taxable","11":"product-type-simple"},"_links":{"self":[{"href":"https:\/\/rf-capacitor.com\/cs\/wp-json\/wp\/v2\/product\/1674","targetHints":{"allow":["GET"]}}],"collection":[{"href":"https:\/\/rf-capacitor.com\/cs\/wp-json\/wp\/v2\/product"}],"about":[{"href":"https:\/\/rf-capacitor.com\/cs\/wp-json\/wp\/v2\/types\/product"}],"replies":[{"embeddable":true,"href":"https:\/\/rf-capacitor.com\/cs\/wp-json\/wp\/v2\/comments?post=1674"}],"wp:featuredmedia":[{"embeddable":true,"href":"https:\/\/rf-capacitor.com\/cs\/wp-json\/wp\/v2\/media\/1676"}],"wp:attachment":[{"href":"https:\/\/rf-capacitor.com\/cs\/wp-json\/wp\/v2\/media?parent=1674"}],"wp:term":[{"taxonomy":"product_brand","embeddable":true,"href":"https:\/\/rf-capacitor.com\/cs\/wp-json\/wp\/v2\/product_brand?post=1674"},{"taxonomy":"product_cat","embeddable":true,"href":"https:\/\/rf-capacitor.com\/cs\/wp-json\/wp\/v2\/product_cat?post=1674"},{"taxonomy":"product_tag","embeddable":true,"href":"https:\/\/rf-capacitor.com\/cs\/wp-json\/wp\/v2\/product_tag?post=1674"}],"curies":[{"name":"wp","href":"https:\/\/api.w.org\/{rel}","templated":true}]}}