{"id":1666,"date":"2024-12-27T03:40:14","date_gmt":"2024-12-27T03:40:14","guid":{"rendered":"https:\/\/rf-capacitor.com\/?post_type=product&#038;p=1666"},"modified":"2024-12-31T03:26:01","modified_gmt":"2024-12-31T03:26:01","slug":"polyester-film-capacitor","status":"publish","type":"product","link":"https:\/\/rf-capacitor.com\/cs\/polyester-film-capacitor\/","title":{"rendered":"Polyesterov\u00fd filmov\u00fd kondenz\u00e1tor"},"content":{"rendered":"<h3 data-sourcepos=\"1:1-1:29\"><strong>Polyesterov\u00e9 filmov\u00e9 kondenz\u00e1tory<\/strong><\/h3>\n<p data-sourcepos=\"3:1-3:312\"><span class=\"citation-0 recitation citation-end-0\">Polyesterov\u00e9 filmov\u00e9 kondenz\u00e1tory jsou b\u011b\u017en\u00fdm typem filmov\u00fdch kondenz\u00e1tor\u016f, kter\u00e9 pou\u017e\u00edvaj\u00ed polyesterovou f\u00f3lii jako dielektrick\u00fd materi\u00e1l mezi vodiv\u00fdmi deskami.<\/span> <span class=\"citation-1 recitation citation-end-1\">Jsou zn\u00e1m\u00e9 svou dobrou stabilitou, spolehlivost\u00ed a cenovou v\u00fdhodnost\u00ed, d\u00edky \u010demu\u017e se hojn\u011b pou\u017e\u00edvaj\u00ed v r\u016fzn\u00fdch elektronick\u00fdch aplikac\u00edch.<\/span><span class=\"button-container hide-from-message-actions ng-star-inserted\">\u00a0<\/span><\/p>\n<h3 data-sourcepos=\"5:1-5:24\"><strong>Kl\u00ed\u010dov\u00e9 vlastnosti:<\/strong><\/h3>\n<ul data-sourcepos=\"7:1-13:0\">\n<li data-sourcepos=\"7:1-7:90\"><strong><span class=\"citation-2 recitation\">Dielektrick\u00fd materi\u00e1l:<\/span><\/strong><span class=\"citation-2 recitation citation-end-2\"> Polyesterov\u00e1 f\u00f3lie (polyethylentereftal\u00e1t nebo PET)<\/span><span class=\"button-container hide-from-message-actions ng-star-inserted\"> \u00a0<\/span>\n<div class=\"container ng-tns-c362440147-92 hide\">\n<div class=\"carousel-container ng-tns-c362440147-92\"><\/div>\n<\/div>\n<\/li>\n<li data-sourcepos=\"8:1-8:104\"><strong>Dobr\u00e1 stabilita:<\/strong> <span class=\"citation-3 recitation citation-end-3\">Vykazuj\u00ed vynikaj\u00edc\u00ed stabilitu kapacity v z\u00e1vislosti na teplot\u011b a \u010dase.<\/span><span class=\"button-container hide-from-message-actions ng-star-inserted\"> \u00a0<\/span>\n<div class=\"container ng-tns-c362440147-93 hide\">\n<div class=\"carousel-container ng-tns-c362440147-93\"><\/div>\n<\/div>\n<\/li>\n<li data-sourcepos=\"9:1-9:189\"><strong><span class=\"citation-4 recitation\">Vlastnosti samol\u00e9\u010dby:<\/span><\/strong><span class=\"citation-4 recitation citation-end-4\"> Maj\u00ed p\u0159irozen\u00e9 samoregenera\u010dn\u00ed vlastnosti, kdy se lok\u00e1ln\u00ed poruchy dielektrika automaticky opravuj\u00ed, \u010d\u00edm\u017e se prodlu\u017euje \u017eivotnost kondenz\u00e1toru.<\/span>\n<div class=\"container ng-tns-c362440147-94 hide\">\n<div class=\"carousel-container ng-tns-c362440147-94\"><\/div>\n<\/div>\n<\/li>\n<li data-sourcepos=\"10:1-10:140\"><strong><span class=\"citation-5 recitation\">\u0160irok\u00fd rozsah hodnot kapacity:<\/span><\/strong><span class=\"citation-5 recitation citation-end-5\"> K dispozici je \u0161irok\u00e1 \u0161k\u00e1la hodnot kapacity, kter\u00e1 vyhovuje r\u016fzn\u00fdm po\u017eadavk\u016fm na obvody.<\/span><span class=\"button-container hide-from-message-actions ng-star-inserted\"> \u00a0<\/span>\n<div class=\"container ng-tns-c362440147-95 hide\">\n<div class=\"carousel-container ng-tns-c362440147-95\"><\/div>\n<\/div>\n<\/li>\n<li data-sourcepos=\"11:1-11:109\"><strong>N\u00e1kladov\u011b efektivn\u00ed:<\/strong> <span class=\"citation-6 recitation citation-end-6\">Obecn\u011b jsou cenov\u011b dostupn\u011bj\u0161\u00ed ne\u017e n\u011bkter\u00e9 jin\u00e9 typy filmov\u00fdch kondenz\u00e1tor\u016f.<\/span><span class=\"button-container hide-from-message-actions ng-star-inserted\"> \u00a0<\/span>\n<div class=\"container ng-tns-c362440147-96 hide\">\n<div class=\"carousel-container ng-tns-c362440147-96\"><\/div>\n<\/div>\n<\/li>\n<li data-sourcepos=\"12:1-13:0\"><strong>M\u00edrn\u00e9 nap\u011bt\u00ed:<\/strong> V porovn\u00e1n\u00ed s vysokonap\u011b\u0165ov\u00fdmi filmov\u00fdmi kondenz\u00e1tory maj\u00ed obvykle st\u0159edn\u00ed jmenovit\u00e9 nap\u011bt\u00ed.<\/li>\n<\/ul>\n<h3 data-sourcepos=\"14:1-14:24\"><strong>B\u011b\u017en\u00e9 aplikace:<\/strong><\/h3>\n<ul data-sourcepos=\"16:1-20:0\">\n<li data-sourcepos=\"16:1-16:128\"><strong>Spojen\u00ed a rozpojen\u00ed:<\/strong> Pou\u017e\u00edv\u00e1 se k izolaci stejnosm\u011brn\u00e9ho zkreslen\u00ed a filtrov\u00e1n\u00ed st\u0159\u00eddav\u00fdch sign\u00e1l\u016f v obvodech zesilova\u010d\u016f a dal\u0161\u00edch elektronick\u00fdch syst\u00e9mech.<\/li>\n<li data-sourcepos=\"17:1-17:96\"><strong><span class=\"citation-7 recitation\">\u010casovac\u00ed obvody:<\/span><\/strong><span class=\"citation-7 recitation citation-end-7\"> Pou\u017e\u00edv\u00e1 se v \u010dasovac\u00edch obvodech, jako jsou oscil\u00e1tory a \u010dasova\u010de.<\/span><span class=\"button-container hide-from-message-actions ng-star-inserted\"> \u00a0<\/span>\n<div class=\"container ng-tns-c362440147-97 hide\">\n<div class=\"carousel-container ng-tns-c362440147-97\"><\/div>\n<\/div>\n<\/li>\n<li data-sourcepos=\"18:1-18:97\"><strong>Nap\u00e1jec\u00ed zdroje:<\/strong> <span class=\"citation-8 recitation citation-end-8\">Pou\u017e\u00edv\u00e1 se v nap\u00e1jec\u00edch obvodech pro filtrov\u00e1n\u00ed a vyhlazov\u00e1n\u00ed.<\/span><span class=\"button-container hide-from-message-actions ng-star-inserted\">\u00a0<\/span>\n<div class=\"container ng-tns-c362440147-98 hide\">\n<div class=\"carousel-container ng-tns-c362440147-98\"><\/div>\n<\/div>\n<\/li>\n<li data-sourcepos=\"19:1-20:0\"><strong>Aplikace pro v\u0161eobecn\u00e9 pou\u017eit\u00ed:<\/strong> <span class=\"citation-9 recitation citation-end-9\">Vhodn\u00e9 pro \u0161irokou \u0161k\u00e1lu univerz\u00e1ln\u00edch aplikac\u00ed, kde je vy\u017eadov\u00e1na dobr\u00e1 stabilita a spolehlivost.<\/span><span class=\"button-container hide-from-message-actions ng-star-inserted\"> \u00a0 <\/span><\/li>\n<\/ul>","protected":false},"excerpt":{"rendered":"<table style=\"height: 436px;\" width=\"725\">\n<tbody>\n<tr>\n<td width=\"146\"><strong><b>Produkt<\/b><\/strong>\u00a0<strong><b>Jm\u00e9no:<\/b><\/strong><\/td>\n<td width=\"601\"><strong>Polyesterov\u00fd filmov\u00fd kondenz\u00e1tor<\/strong><\/td>\n<\/tr>\n<tr>\n<td width=\"146\">\n<h4><strong>Kr\u00e1tk\u00fd popis:<\/strong><\/h4>\n<\/td>\n<td width=\"601\">Extern\u00ed defibril\u00e1tor;<br \/>\nAplikace pulzn\u00edho nap\u00e1jen\u00ed;<\/td>\n<\/tr>\n<tr>\n<td width=\"146\"><strong>Rozsah kapacity:<\/strong><\/td>\n<td width=\"601\">32\u03bcF ~ 200\u03bcF<\/td>\n<\/tr>\n<tr>\n<td width=\"146\"><strong>Jmenovit\u00e9 nap\u011bt\u00ed\uff1a<\/strong><\/td>\n<td width=\"601\">1500V.DC - 5000V.DC<\/td>\n<\/tr>\n<tr>\n<td width=\"146\"><strong>Cap.tol\uff1a<\/strong><\/td>\n<td width=\"601\">\u00a0\u00b15%(J);\u00b110%(K)<\/td>\n<\/tr>\n<\/tbody>\n<\/table>","protected":false},"featured_media":1806,"comment_status":"open","ping_status":"closed","template":"","meta":[],"product_brand":[],"product_cat":[38],"product_tag":[],"class_list":{"0":"post-1666","1":"product","2":"type-product","3":"status-publish","4":"has-post-thumbnail","6":"product_cat-dc-capacitor-2","8":"first","9":"instock","10":"shipping-taxable","11":"product-type-simple"},"_links":{"self":[{"href":"https:\/\/rf-capacitor.com\/cs\/wp-json\/wp\/v2\/product\/1666","targetHints":{"allow":["GET"]}}],"collection":[{"href":"https:\/\/rf-capacitor.com\/cs\/wp-json\/wp\/v2\/product"}],"about":[{"href":"https:\/\/rf-capacitor.com\/cs\/wp-json\/wp\/v2\/types\/product"}],"replies":[{"embeddable":true,"href":"https:\/\/rf-capacitor.com\/cs\/wp-json\/wp\/v2\/comments?post=1666"}],"wp:featuredmedia":[{"embeddable":true,"href":"https:\/\/rf-capacitor.com\/cs\/wp-json\/wp\/v2\/media\/1806"}],"wp:attachment":[{"href":"https:\/\/rf-capacitor.com\/cs\/wp-json\/wp\/v2\/media?parent=1666"}],"wp:term":[{"taxonomy":"product_brand","embeddable":true,"href":"https:\/\/rf-capacitor.com\/cs\/wp-json\/wp\/v2\/product_brand?post=1666"},{"taxonomy":"product_cat","embeddable":true,"href":"https:\/\/rf-capacitor.com\/cs\/wp-json\/wp\/v2\/product_cat?post=1666"},{"taxonomy":"product_tag","embeddable":true,"href":"https:\/\/rf-capacitor.com\/cs\/wp-json\/wp\/v2\/product_tag?post=1666"}],"curies":[{"name":"wp","href":"https:\/\/api.w.org\/{rel}","templated":true}]}}