{"id":1649,"date":"2024-12-27T03:26:39","date_gmt":"2024-12-27T03:26:39","guid":{"rendered":"https:\/\/rf-capacitor.com\/?post_type=product&#038;p=1649"},"modified":"2024-12-27T03:26:39","modified_gmt":"2024-12-27T03:26:39","slug":"high-voltage-film-capacitor","status":"publish","type":"product","link":"https:\/\/rf-capacitor.com\/cs\/high-voltage-film-capacitor\/","title":{"rendered":"Vysokonap\u011b\u0165ov\u00fd filmov\u00fd kondenz\u00e1tor"},"content":{"rendered":"<h3 data-sourcepos=\"1:1-1:32\"><strong>Vysokonap\u011b\u0165ov\u00e9 filmov\u00e9 kondenz\u00e1tory<\/strong><\/h3>\n<p data-sourcepos=\"3:1-3:313\"><span class=\"citation-0 recitation citation-end-0\">Vysokonap\u011b\u0165ov\u00e9 filmov\u00e9 kondenz\u00e1tory jsou specializovan\u00e9 sou\u010d\u00e1stky ur\u010den\u00e9 pro vysok\u00e9 nap\u011bt\u00ed p\u0159i zachov\u00e1n\u00ed vynikaj\u00edc\u00edch elektrick\u00fdch vlastnost\u00ed.<\/span> Jsou vyrobeny z tenk\u00fdch vrstev dielektrick\u00fdch materi\u00e1l\u016f, jako je polypropylen, polyester nebo polystyren, vlo\u017een\u00fdch mezi vodiv\u00e9 elektrody.<span class=\"button-container hide-from-message-actions ng-star-inserted\"> \u00a0<\/span><\/p>\n<h3 data-sourcepos=\"5:1-5:24\"><strong>Kl\u00ed\u010dov\u00e9 vlastnosti:<\/strong><\/h3>\n<ul data-sourcepos=\"7:1-12:0\">\n<li data-sourcepos=\"7:1-7:106\"><strong>Vysok\u00e9 nap\u011bt\u00ed:<\/strong> <span class=\"citation-1 recitation citation-end-1\">Odol\u00e1vaj\u00ed extr\u00e9mn\u011b vysok\u00fdm nap\u011bt\u00edm bez poruchy.<\/span><span class=\"button-container hide-from-message-actions ng-star-inserted\"> \u00a0<\/span>\n<div class=\"container ng-tns-c362440147-70 hide\">\n<div class=\"carousel-container ng-tns-c362440147-70\"><\/div>\n<\/div>\n<\/li>\n<li data-sourcepos=\"8:1-8:109\"><strong>N\u00edzk\u00fd svodov\u00fd proud:<\/strong> Minim\u00e1ln\u00ed \u00fanik proudu, kter\u00fd zaji\u0161\u0165uje \u00fa\u010dinn\u00e9 ukl\u00e1d\u00e1n\u00ed energie a minim\u00e1ln\u00ed ztr\u00e1ty v\u00fdkonu.<\/li>\n<li data-sourcepos=\"9:1-9:151\"><strong><span class=\"citation-2 recitation\">Vysok\u00e1 izola\u010dn\u00ed odolnost:<\/span><\/strong><span class=\"citation-2 recitation citation-end-2\"> Vynikaj\u00edc\u00ed odolnost proti elektrick\u00e9mu pr\u016frazu, kter\u00e1 zaji\u0161\u0165uje spolehliv\u00fd provoz ve vysokonap\u011b\u0165ov\u00fdch aplikac\u00edch.<\/span><span class=\"button-container hide-from-message-actions ng-star-inserted\"> \u00a0<\/span>\n<div class=\"container ng-tns-c362440147-71 hide\">\n<div class=\"carousel-container ng-tns-c362440147-71\"><\/div>\n<\/div>\n<\/li>\n<li data-sourcepos=\"10:1-10:198\"><strong>Vlastnosti samol\u00e9\u010dby:<\/strong> <span class=\"citation-3 recitation citation-end-3\">N\u011bkter\u00e9 f\u00f3liov\u00e9 kondenz\u00e1tory maj\u00ed samoregenera\u010dn\u00ed schopnost, kdy se lok\u00e1ln\u00ed poruchy dielektrika automaticky opravuj\u00ed, \u010d\u00edm\u017e se prodlu\u017euje \u017eivotnost kondenz\u00e1toru.<\/span><span class=\"button-container hide-from-message-actions ng-star-inserted\"> \u00a0<\/span>\n<div class=\"container ng-tns-c362440147-72 hide\">\n<div class=\"carousel-container ng-tns-c362440147-72\"><\/div>\n<\/div>\n<\/li>\n<li data-sourcepos=\"11:1-12:0\"><strong><span class=\"citation-4 recitation\">\u0160irok\u00fd rozsah hodnot kapacity:<\/span><\/strong><span class=\"citation-4 recitation citation-end-4\"> K dispozici jsou r\u016fzn\u00e9 hodnoty kapacity pro r\u016fzn\u00e9 aplikace.<\/span><span class=\"button-container hide-from-message-actions ng-star-inserted\">\u00a0 \u00a0<\/span>\n<div class=\"container ng-tns-c362440147-73 hide\">\n<div class=\"carousel-container ng-tns-c362440147-73\"><\/div>\n<\/div>\n<\/li>\n<\/ul>\n<h4 data-sourcepos=\"13:1-13:24\"><strong>Vysokonap\u011b\u0165ov\u00fd filmov\u00fd kondenz\u00e1tor B\u011b\u017en\u00e9 aplikace:<\/strong><\/h4>\n<ul data-sourcepos=\"15:1-20:0\">\n<li data-sourcepos=\"15:1-15:157\"><strong>Vysokonap\u011b\u0165ov\u00e9 nap\u00e1jec\u00ed zdroje:<\/strong> Pou\u017e\u00edv\u00e1 se v nap\u00e1jec\u00edch zdroj\u00edch pro r\u016fzn\u00e1 elektronick\u00e1 za\u0159\u00edzen\u00ed, v\u010detn\u011b televizor\u016f, l\u00e9ka\u0159sk\u00fdch p\u0159\u00edstroj\u016f a pr\u016fmyslov\u00fdch stroj\u016f.<\/li>\n<li data-sourcepos=\"16:1-16:164\"><strong><span class=\"citation-5 recitation\">Impulsn\u00ed nap\u00e1jec\u00ed syst\u00e9my:<\/span><\/strong><span class=\"citation-5 recitation citation-end-5\"> Pou\u017e\u00edvaj\u00ed se v aplikac\u00edch, kter\u00e9 vy\u017eaduj\u00ed skladov\u00e1n\u00ed a rychl\u00e9 uvol\u0148ov\u00e1n\u00ed vysok\u00fdch energi\u00ed, jako jsou pulzn\u00ed lasery a radarov\u00e9 syst\u00e9my.<\/span><span class=\"button-container hide-from-message-actions ng-star-inserted\"> \u00a0<\/span>\n<div class=\"container ng-tns-c362440147-74 hide\">\n<div class=\"carousel-container ng-tns-c362440147-74\"><\/div>\n<\/div>\n<\/li>\n<li data-sourcepos=\"17:1-17:100\"><strong>Motorov\u00e9 pohony:<\/strong> <span class=\"citation-6 recitation citation-end-6\">Vyu\u017e\u00edv\u00e1 se v \u0159\u00eddic\u00edch syst\u00e9mech motor\u016f pro filtraci a ukl\u00e1d\u00e1n\u00ed energie.<\/span><span class=\"button-container hide-from-message-actions ng-star-inserted\">\u00a0<\/span>\n<div class=\"container ng-tns-c362440147-75 hide\">\n<div class=\"carousel-container ng-tns-c362440147-75\"><\/div>\n<\/div>\n<\/li>\n<li data-sourcepos=\"18:1-18:131\"><strong>Vysokonap\u011b\u0165ov\u00e1 zku\u0161ebn\u00ed za\u0159\u00edzen\u00ed:<\/strong> Pou\u017e\u00edv\u00e1 se v za\u0159\u00edzen\u00edch pro testov\u00e1n\u00ed izola\u010dn\u00edch vlastnost\u00ed elektrick\u00fdch sou\u010d\u00e1st\u00ed a syst\u00e9m\u016f.<\/li>\n<li data-sourcepos=\"19:1-20:0\"><strong>Syst\u00e9my skladov\u00e1n\u00ed energie:<\/strong> Pou\u017e\u00edvaj\u00ed se v syst\u00e9mech skladov\u00e1n\u00ed energie pro obnoviteln\u00e9 zdroje energie, jako je sol\u00e1rn\u00ed a v\u011btrn\u00e1 energie.<\/li>\n<\/ul>","protected":false},"excerpt":{"rendered":"<table style=\"height: 474px;\" width=\"704\">\n<tbody>\n<tr>\n<td width=\"146\"><strong><b>Produkt<\/b><\/strong>\u00a0<strong><b>Jm\u00e9no:<\/b><\/strong><\/td>\n<td width=\"601\"><strong>Vysokonap\u011b\u0165ov\u00fd filmov\u00fd kondenz\u00e1tor<\/strong><\/td>\n<\/tr>\n<tr>\n<td width=\"146\">\n<h4><strong>Kr\u00e1tk\u00fd popis:<\/strong><\/h4>\n<\/td>\n<td width=\"601\">\u0160iroce se pou\u017e\u00edv\u00e1 v r\u016fzn\u00fdch druz\u00edch elektronick\u00fdch za\u0159\u00edzen\u00ed.Sou\u010d\u00e1st stejnosm\u011brn\u00e9ho spoje pro podporu stejnosm\u011brn\u00e9ho proudu, ukl\u00e1d\u00e1n\u00ed energie a filtrov\u00e1n\u00ed, nap\u0159. ve v\u011btrn\u00fdch elektr\u00e1rn\u00e1ch a m\u011bni\u010d\u00edch;<\/td>\n<\/tr>\n<tr>\n<td width=\"146\"><strong>Rozsah kapacity:<\/strong><\/td>\n<td width=\"601\">20\u00b5F ~ 5600\u00b5F<\/td>\n<\/tr>\n<tr>\n<td width=\"146\"><strong>Jmenovit\u00e9 nap\u011bt\u00ed\uff1a<\/strong><\/td>\n<td width=\"601\">500 ~ 4000 VDC<\/td>\n<\/tr>\n<tr>\n<td width=\"146\"><strong>Cap.tol\uff1a<\/strong><\/td>\n<td width=\"601\">\u00a0\u00a0\u00b15%\uff08J\uff09\uff1b\u00b110%\uff08K\uff09<\/td>\n<\/tr>\n<tr>\n<td width=\"146\"><\/td>\n<td width=\"601\"><\/td>\n<\/tr>\n<\/tbody>\n<\/table>","protected":false},"featured_media":1664,"comment_status":"open","ping_status":"closed","template":"","meta":[],"product_brand":[],"product_cat":[38],"product_tag":[],"class_list":{"0":"post-1649","1":"product","2":"type-product","3":"status-publish","4":"has-post-thumbnail","6":"product_cat-dc-capacitor-2","8":"first","9":"instock","10":"shipping-taxable","11":"product-type-simple"},"_links":{"self":[{"href":"https:\/\/rf-capacitor.com\/cs\/wp-json\/wp\/v2\/product\/1649","targetHints":{"allow":["GET"]}}],"collection":[{"href":"https:\/\/rf-capacitor.com\/cs\/wp-json\/wp\/v2\/product"}],"about":[{"href":"https:\/\/rf-capacitor.com\/cs\/wp-json\/wp\/v2\/types\/product"}],"replies":[{"embeddable":true,"href":"https:\/\/rf-capacitor.com\/cs\/wp-json\/wp\/v2\/comments?post=1649"}],"wp:featuredmedia":[{"embeddable":true,"href":"https:\/\/rf-capacitor.com\/cs\/wp-json\/wp\/v2\/media\/1664"}],"wp:attachment":[{"href":"https:\/\/rf-capacitor.com\/cs\/wp-json\/wp\/v2\/media?parent=1649"}],"wp:term":[{"taxonomy":"product_brand","embeddable":true,"href":"https:\/\/rf-capacitor.com\/cs\/wp-json\/wp\/v2\/product_brand?post=1649"},{"taxonomy":"product_cat","embeddable":true,"href":"https:\/\/rf-capacitor.com\/cs\/wp-json\/wp\/v2\/product_cat?post=1649"},{"taxonomy":"product_tag","embeddable":true,"href":"https:\/\/rf-capacitor.com\/cs\/wp-json\/wp\/v2\/product_tag?post=1649"}],"curies":[{"name":"wp","href":"https:\/\/api.w.org\/{rel}","templated":true}]}}