{"id":1646,"date":"2024-12-27T02:40:11","date_gmt":"2024-12-27T02:40:11","guid":{"rendered":"https:\/\/rf-capacitor.com\/?post_type=product&#038;p=1646"},"modified":"2024-12-27T02:40:11","modified_gmt":"2024-12-27T02:40:11","slug":"dc-coupling-capacitor","status":"publish","type":"product","link":"https:\/\/rf-capacitor.com\/cs\/dc-coupling-capacitor\/","title":{"rendered":"DC vazebn\u00ed kondenz\u00e1tor"},"content":{"rendered":"<h3 data-sourcepos=\"1:1-1:25\"><strong>DC vazebn\u00ed kondenz\u00e1tor<\/strong><\/h3>\n<p data-sourcepos=\"3:1-3:215\"><span class=\"citation-0 recitation\">Stejnosm\u011brn\u00fd vazebn\u00ed kondenz\u00e1tor, zn\u00e1m\u00fd tak\u00e9 jako <\/span><strong><span class=\"citation-0 recitation\">vazebn\u00ed kondenz\u00e1tor<\/span><\/strong><span class=\"citation-0 recitation\"> nebo <\/span><strong><span class=\"citation-0 recitation\">DC blokovac\u00ed kondenz\u00e1tor<\/span><\/strong><span class=\"citation-0 recitation citation-end-0\">, je d\u016fle\u017eitou sou\u010d\u00e1st\u00ed elektronick\u00fdch obvod\u016f, zejm\u00e9na zesilovac\u00edch stup\u0148\u016f.<\/span> Jej\u00ed hlavn\u00ed funkc\u00ed je:<span class=\"button-container hide-from-message-actions ng-star-inserted\"> \u00a0<\/span><\/p>\n<ul data-sourcepos=\"5:1-7:0\">\n<li data-sourcepos=\"5:1-5:218\"><strong><span class=\"citation-1 recitation\">Izolujte stejnosm\u011brn\u00e9 zkreslen\u00ed:<\/span><\/strong><span class=\"citation-1 recitation citation-end-1\"> Zabra\u0148uje tomu, aby stejnosm\u011brn\u00e9 p\u0159edp\u011bt\u00ed jednoho stupn\u011b ovliv\u0148ovalo stejnosm\u011brn\u00e9 p\u0159edp\u011bt\u00ed n\u00e1sleduj\u00edc\u00edho stupn\u011b.<\/span> <span class=\"citation-2 recitation citation-end-2\">To je nezbytn\u00e9 pro udr\u017een\u00ed spr\u00e1vn\u00e9ho pracovn\u00edho bodu ka\u017ed\u00e9ho stupn\u011b.<\/span><span class=\"button-container hide-from-message-actions ng-star-inserted\">\u00a0<\/span>\n<div class=\"container ng-tns-c362440147-54 hide\">\n<div class=\"carousel-container ng-tns-c362440147-54\">\n<div class=\"carousel-content ng-tns-c362440147-54\">\n<div class=\"sources-carousel-source ng-tns-c362440147-54 hide ng-star-inserted\" data-test-id=\"sources-carousel-source\"><\/div>\n<\/div>\n<\/div>\n<\/div>\n<\/li>\n<li data-sourcepos=\"6:1-7:0\"><strong><span class=\"citation-3 recitation\">P\u0159enos st\u0159\u00eddav\u00fdch sign\u00e1l\u016f:<\/span><\/strong><span class=\"citation-3 recitation citation-end-3\"> Nechte st\u0159\u00eddav\u00fd sign\u00e1l proch\u00e1zet z jednoho stupn\u011b do druh\u00e9ho.<\/span><span class=\"button-container hide-from-message-actions ng-star-inserted\"> \u00a0<\/span>\n<div class=\"container ng-tns-c362440147-55 hide\">\n<div class=\"carousel-container ng-tns-c362440147-55\"><\/div>\n<\/div>\n<\/li>\n<\/ul>\n<h3 data-sourcepos=\"8:1-8:17\"><strong>Jak to funguje:<\/strong><\/h3>\n<ul data-sourcepos=\"10:1-12:0\">\n<li data-sourcepos=\"10:1-10:213\"><strong><span class=\"citation-4 recitation\">Blokov\u00e1n\u00ed DC:<\/span><\/strong><span class=\"citation-4 recitation citation-end-4\"> Kondenz\u00e1tory funguj\u00ed jako otev\u0159en\u00e9 obvody pro stejnosm\u011brn\u00fd proud.<\/span> <span class=\"citation-5 recitation citation-end-5\">P\u0159i p\u0159iveden\u00ed stejnosm\u011brn\u00e9ho nap\u011bt\u00ed se kondenz\u00e1tor nabije na toto nap\u011bt\u00ed a p\u0159estane v\u00e9st, \u010d\u00edm\u017e \u00fa\u010dinn\u011b blokuje stejnosm\u011brn\u00fd proud.<\/span><span class=\"button-container hide-from-message-actions ng-star-inserted\">\u00a0<\/span>\n<div class=\"container ng-tns-c362440147-56 hide\">\n<div class=\"carousel-container ng-tns-c362440147-56\">\n<div class=\"carousel-content ng-tns-c362440147-56\">\n<div class=\"sources-carousel-source ng-tns-c362440147-56 hide ng-star-inserted\" data-test-id=\"sources-carousel-source\"><\/div>\n<div class=\"sources-carousel-source ng-tns-c362440147-56 hide ng-star-inserted\" data-test-id=\"sources-carousel-source\"><\/div>\n<\/div>\n<\/div>\n<\/div>\n<\/li>\n<li data-sourcepos=\"11:1-12:0\"><strong><span class=\"citation-6 recitation\">P\u0159ed\u00e1v\u00e1n\u00ed AC:<\/span><\/strong><span class=\"citation-6 recitation citation-end-6\"> St\u0159\u00eddav\u00e9 sign\u00e1ly maj\u00ed neust\u00e1le se m\u011bn\u00edc\u00ed nap\u011bt\u00ed.<\/span> <span class=\"citation-7 recitation citation-end-7\">Kondenz\u00e1tor se tak neust\u00e1le nab\u00edj\u00ed a vyb\u00edj\u00ed, co\u017e umo\u017e\u0148uje pr\u016fchod st\u0159\u00eddav\u00e9ho sign\u00e1lu.<\/span><span class=\"button-container hide-from-message-actions ng-star-inserted\">\u00a0<\/span>\n<div class=\"container ng-tns-c362440147-57 hide\">\n<div class=\"carousel-container ng-tns-c362440147-57\">\n<div class=\"carousel-content ng-tns-c362440147-57\">\n<div class=\"sources-carousel-source ng-tns-c362440147-57 hide ng-star-inserted\" data-test-id=\"sources-carousel-source\"><\/div>\n<\/div>\n<\/div>\n<\/div>\n<\/li>\n<\/ul>\n<h3 data-sourcepos=\"13:1-13:17\"><strong>Aplikace:<\/strong><\/h3>\n<ul data-sourcepos=\"15:1-18:0\">\n<li data-sourcepos=\"15:1-15:90\"><strong><span class=\"citation-8 recitation\">Zvukov\u00e9 zesilova\u010de:<\/span><\/strong><span class=\"citation-8 recitation citation-end-8\"> Spojen\u00ed mezi stupni zesilova\u010de pro izolaci stejnosm\u011brn\u00e9ho zkreslen\u00ed.<\/span><span class=\"button-container hide-from-message-actions ng-star-inserted\"> \u00a0<\/span>\n<div class=\"container ng-tns-c362440147-58 hide\">\n<div class=\"carousel-container ng-tns-c362440147-58\">\n<div class=\"carousel-content ng-tns-c362440147-58\">\n<div class=\"sources-carousel-source ng-tns-c362440147-58 hide ng-star-inserted\" data-test-id=\"sources-carousel-source\"><\/div>\n<\/div>\n<\/div>\n<\/div>\n<\/li>\n<li data-sourcepos=\"16:1-16:100\"><strong><span class=\"citation-9 recitation\">Obvody pro zpracov\u00e1n\u00ed sign\u00e1lu:<\/span><\/strong><span class=\"citation-9 recitation citation-end-9\"> P\u0159enos st\u0159\u00eddav\u00fdch sign\u00e1l\u016f p\u0159i sou\u010dasn\u00e9m blokov\u00e1n\u00ed stejnosm\u011brn\u00fdch slo\u017eek.<\/span><span class=\"button-container hide-from-message-actions ng-star-inserted\"> \u00a0<\/span>\n<div class=\"container ng-tns-c362440147-59 hide\">\n<div class=\"carousel-container ng-tns-c362440147-59\">\n<div class=\"carousel-content ng-tns-c362440147-59\">\n<div class=\"sources-carousel-source ng-tns-c362440147-59 hide ng-star-inserted\" data-test-id=\"sources-carousel-source\"><\/div>\n<\/div>\n<\/div>\n<\/div>\n<\/li>\n<li data-sourcepos=\"17:1-18:0\"><strong><span class=\"citation-10 recitation\">Filtra\u010dn\u00ed obvody:<\/span><\/strong><span class=\"citation-10 recitation citation-end-10\"> Jako sou\u010d\u00e1st vysokofrekven\u010dn\u00edch filtr\u016f k blokov\u00e1n\u00ed n\u00edzkofrekven\u010dn\u00edch sign\u00e1l\u016f, v\u010detn\u011b stejnosm\u011brn\u00fdch.<\/span><span class=\"button-container hide-from-message-actions ng-star-inserted\">\u00a0<\/span>\n<div class=\"container ng-tns-c362440147-60 hide\">\n<div class=\"carousel-container ng-tns-c362440147-60\">\n<div class=\"carousel-content ng-tns-c362440147-60\">\n<div class=\"sources-carousel-source ng-tns-c362440147-60 hide ng-star-inserted\" data-test-id=\"sources-carousel-source\"><\/div>\n<\/div>\n<\/div>\n<\/div>\n<\/li>\n<\/ul>\n<h3 data-sourcepos=\"19:1-19:23\"><strong>Kl\u00ed\u010dov\u00e9 \u00favahy:<\/strong><\/h3>\n<ul data-sourcepos=\"21:1-24:0\">\n<li data-sourcepos=\"21:1-21:164\"><strong>Hodnota kapacity:<\/strong> Hodnota kapacity ur\u010duje n\u00edzkofrekven\u010dn\u00ed mezn\u00ed hodnotu vazebn\u00edho kondenz\u00e1toru. V\u011bt\u0161\u00ed kapacita propou\u0161t\u00ed ni\u017e\u0161\u00ed frekvence.<\/li>\n<li data-sourcepos=\"22:1-22:118\"><strong>Jmenovit\u00e9 nap\u011bt\u00ed:<\/strong> <span class=\"citation-11 recitation citation-end-11\">Kondenz\u00e1tor mus\u00ed b\u00fdt dimenzov\u00e1n na maxim\u00e1ln\u00ed nap\u011bt\u00ed, kter\u00e9 na n\u011bj bude p\u0159ivedeno.<\/span>\n<div class=\"container ng-tns-c362440147-61 hide\">\n<div class=\"carousel-container ng-tns-c362440147-61\"><\/div>\n<\/div>\n<\/li>\n<li data-sourcepos=\"23:1-24:0\"><strong>Svodov\u00fd proud:<\/strong> Unikaj\u00edc\u00ed proud kondenz\u00e1toru m\u016f\u017ee ovlivnit bod stejnosm\u011brn\u00e9ho p\u0159edp\u011bt\u00ed obvodu.<\/li>\n<\/ul>\n<p data-sourcepos=\"25:1-25:205\"><strong><span class=\"citation-12 recitation\">Stejnosm\u011brn\u00fd vazebn\u00ed kondenz\u00e1tor v podstat\u011b funguje jako m\u016fstek pro st\u0159\u00eddav\u00e9 sign\u00e1ly a z\u00e1rove\u0148 \u00fa\u010dinn\u011b izoluje stejnosm\u011brn\u00e9 sou\u010d\u00e1sti, \u010d\u00edm\u017e zaji\u0161\u0165uje, \u017ee ka\u017ed\u00fd stupe\u0148 obvodu pracuje nez\u00e1visle a spr\u00e1vn\u011b.<\/span><\/strong><span class=\"button-container hide-from-message-actions ng-star-inserted\"> \u00a0 <\/span><\/p>","protected":false},"excerpt":{"rendered":"<table style=\"height: 556px;\" width=\"706\">\n<tbody>\n<tr>\n<td width=\"146\"><strong><b>Produkt<\/b><\/strong>\u00a0<strong><b>Jm\u00e9no:<\/b><\/strong><\/td>\n<td width=\"601\"><strong>DC vazebn\u00ed kondenz\u00e1tor<\/strong><\/td>\n<\/tr>\n<tr>\n<td width=\"146\">\n<h4><strong>Kr\u00e1tk\u00fd popis:<\/strong><\/h4>\n<\/td>\n<td width=\"601\">\u0160irok\u00e9 pou\u017eit\u00ed v obvodech DC-Link pro vysokofrekven\u010dn\u00ed filtrov\u00e1n\u00ed a odd\u011blov\u00e1n\u00ed.<br \/>\n\u0160iroce se pou\u017e\u00edv\u00e1 ve v\u00fdkonov\u00fdch elektronick\u00fdch obvodech, pro \u00fa\u010dely spojov\u00e1n\u00ed<\/td>\n<\/tr>\n<tr>\n<td width=\"146\"><strong>Rozsah kapacity:<\/strong><\/td>\n<td width=\"601\">\u00a010\u03bcF - 100\u03bcF<\/td>\n<\/tr>\n<tr>\n<td width=\"146\"><strong>Jmenovit\u00e9 nap\u011bt\u00ed\uff1a<\/strong><\/td>\n<td width=\"601\">350V.DC - 1100V.DC<\/td>\n<\/tr>\n<tr>\n<td width=\"146\"><strong>Cap.tol\uff1a<\/strong><\/td>\n<td width=\"601\">\u00b15%(J)\uff1a\u00b110%(K)<\/td>\n<\/tr>\n<tr>\n<td width=\"146\"><strong>Model kondenz\u00e1toru:\u00a0<\/strong><\/td>\n<td width=\"601\">\u0158ada DMJ-MT<\/td>\n<\/tr>\n<\/tbody>\n<\/table>","protected":false},"featured_media":1647,"comment_status":"open","ping_status":"closed","template":"","meta":[],"product_brand":[],"product_cat":[38],"product_tag":[],"class_list":{"0":"post-1646","1":"product","2":"type-product","3":"status-publish","4":"has-post-thumbnail","6":"product_cat-dc-capacitor-2","8":"first","9":"instock","10":"shipping-taxable","11":"product-type-simple"},"_links":{"self":[{"href":"https:\/\/rf-capacitor.com\/cs\/wp-json\/wp\/v2\/product\/1646","targetHints":{"allow":["GET"]}}],"collection":[{"href":"https:\/\/rf-capacitor.com\/cs\/wp-json\/wp\/v2\/product"}],"about":[{"href":"https:\/\/rf-capacitor.com\/cs\/wp-json\/wp\/v2\/types\/product"}],"replies":[{"embeddable":true,"href":"https:\/\/rf-capacitor.com\/cs\/wp-json\/wp\/v2\/comments?post=1646"}],"wp:featuredmedia":[{"embeddable":true,"href":"https:\/\/rf-capacitor.com\/cs\/wp-json\/wp\/v2\/media\/1647"}],"wp:attachment":[{"href":"https:\/\/rf-capacitor.com\/cs\/wp-json\/wp\/v2\/media?parent=1646"}],"wp:term":[{"taxonomy":"product_brand","embeddable":true,"href":"https:\/\/rf-capacitor.com\/cs\/wp-json\/wp\/v2\/product_brand?post=1646"},{"taxonomy":"product_cat","embeddable":true,"href":"https:\/\/rf-capacitor.com\/cs\/wp-json\/wp\/v2\/product_cat?post=1646"},{"taxonomy":"product_tag","embeddable":true,"href":"https:\/\/rf-capacitor.com\/cs\/wp-json\/wp\/v2\/product_tag?post=1646"}],"curies":[{"name":"wp","href":"https:\/\/api.w.org\/{rel}","templated":true}]}}