{"id":1619,"date":"2024-12-26T04:13:14","date_gmt":"2024-12-26T04:13:14","guid":{"rendered":"https:\/\/rf-capacitor.com\/?post_type=product&#038;p=1619"},"modified":"2024-12-26T06:52:05","modified_gmt":"2024-12-26T06:52:05","slug":"dc-blocking-capacitor","status":"publish","type":"product","link":"https:\/\/rf-capacitor.com\/cs\/dc-blocking-capacitor\/","title":{"rendered":"DC blokovac\u00ed kondenz\u00e1tor"},"content":{"rendered":"<div id=\"model-response-message-contentr_721751df4669b9f0\" class=\"markdown markdown-main-panel response-optimization\" dir=\"ltr\">\n<h2 data-sourcepos=\"1:1-1:53\">DC blokovac\u00ed kondenz\u00e1tor: Most mezi st\u0159\u00eddav\u00fdmi sign\u00e1ly<\/h2>\n<p data-sourcepos=\"3:1-3:329\"><strong><span class=\"citation-0 recitation\">DC blokovac\u00ed kondenz\u00e1tor<\/span><\/strong><span class=\"citation-0 recitation\">, zn\u00e1m\u00fd tak\u00e9 jako <\/span><strong><span class=\"citation-0 recitation\">vazebn\u00ed kondenz\u00e1tor<\/span><\/strong><span class=\"citation-0 recitation\"> nebo <\/span><strong><span class=\"citation-0 recitation\">obtokov\u00fd kondenz\u00e1tor<\/span><\/strong><span class=\"citation-0 recitation citation-end-0\">, je pasivn\u00ed elektronick\u00e1 sou\u010d\u00e1stka, kter\u00e1 hraje kl\u00ed\u010dovou roli v mnoha obvodech.<\/span> <span class=\"citation-1 recitation\">Jeho hlavn\u00ed funkc\u00ed je <\/span><strong><span class=\"citation-1 recitation\">umo\u017e\u0148uj\u00ed pr\u016fchod sign\u00e1l\u016f st\u0159\u00eddav\u00e9ho proudu (AC) a blokuj\u00ed stejnosm\u011brn\u00e9 slo\u017eky (DC).<\/span><\/strong><span class=\"citation-1 recitation citation-end-1\">.<\/span><span class=\"button-container hide-from-message-actions ng-star-inserted\">\u00a0<\/span><\/p>\n<div class=\"container ng-tns-c362440147-19 hide\">\n<div class=\"carousel-container ng-tns-c362440147-19\">\n<div class=\"carousel-content ng-tns-c362440147-19\">\n<div class=\"sources-carousel-source ng-tns-c362440147-19 hide ng-star-inserted\" data-test-id=\"sources-carousel-source\"><\/div>\n<div class=\"sources-carousel-source ng-tns-c362440147-19 hide ng-star-inserted\" data-test-id=\"sources-carousel-source\"><span style=\"font-size: 20.16px;\">Jak to funguje<\/span><\/div>\n<\/div>\n<\/div>\n<\/div>\n<ul data-sourcepos=\"6:1-9:0\">\n<li data-sourcepos=\"6:1-6:121\"><strong>Kapacita:<\/strong> <span class=\"citation-2 recitation citation-end-2\">Kondenz\u00e1tory uchov\u00e1vaj\u00ed elektrick\u00fd n\u00e1boj a jejich schopnost uchov\u00e1vat elektrick\u00fd n\u00e1boj se m\u011b\u0159\u00ed ve Faradech (F).<\/span><span class=\"button-container hide-from-message-actions ng-star-inserted\">\u00a0 \u00a0<\/span>\n<div class=\"container ng-tns-c362440147-20 hide\">\n<div class=\"carousel-container ng-tns-c362440147-20\"><\/div>\n<\/div>\n<\/li>\n<li data-sourcepos=\"7:1-7:129\"><strong>Sign\u00e1l st\u0159\u00eddav\u00e9ho proudu:<\/strong> Kdy\u017e je p\u0159iveden st\u0159\u00eddav\u00fd sign\u00e1l, kondenz\u00e1tor se rychle nab\u00edj\u00ed a vyb\u00edj\u00ed a umo\u017e\u0148uje pr\u016fchod sign\u00e1lu.<\/li>\n<li data-sourcepos=\"8:1-9:0\"><strong>Stejnosm\u011brn\u00fd sign\u00e1l:<\/strong> <span class=\"citation-3 recitation citation-end-3\">V p\u0159\u00edpad\u011b stejnosm\u011brn\u00e9ho sign\u00e1lu se kondenz\u00e1tor nabije do ust\u00e1len\u00e9ho stavu a funguje jako otev\u0159en\u00fd obvod, \u010d\u00edm\u017e \u00fa\u010dinn\u011b blokuje stejnosm\u011brnou slo\u017eku.<\/span><span class=\"button-container hide-from-message-actions ng-star-inserted\"> \u00a0<\/span>\n<div class=\"container ng-tns-c362440147-21 hide\">\n<div class=\"carousel-container ng-tns-c362440147-21\">\n<div class=\"carousel-content ng-tns-c362440147-21\">\n<div class=\"sources-carousel-source ng-tns-c362440147-21 hide ng-star-inserted\" data-test-id=\"sources-carousel-source\"><\/div>\n<\/div>\n<\/div>\n<\/div>\n<\/li>\n<\/ul>\n<h3 data-sourcepos=\"10:1-10:16\">Aplikace<\/h3>\n<p data-sourcepos=\"11:1-11:81\">DC blokovac\u00ed kondenz\u00e1tory se \u0161iroce pou\u017e\u00edvaj\u00ed v r\u016fzn\u00fdch elektronick\u00fdch obvodech, v\u010detn\u011b:<\/p>\n<ul data-sourcepos=\"12:1-16:0\">\n<li data-sourcepos=\"12:1-12:117\"><strong><span class=\"citation-4 recitation\">Zvukov\u00e9 zesilova\u010de:<\/span><\/strong><span class=\"citation-4 recitation citation-end-4\"> Spojen\u00ed st\u0159\u00eddav\u00e9ho sign\u00e1lu z jednoho stupn\u011b do druh\u00e9ho bez ovlivn\u011bn\u00ed stejnosm\u011brn\u00e9ho p\u0159edp\u011bt\u00ed.<\/span><\/li>\n<li data-sourcepos=\"12:1-12:117\"><strong><span class=\"button-container hide-from-message-actions ng-star-inserted\"> R<\/span><span class=\"citation-5 recitation\"><strong>adio<\/strong> frekven\u010dn\u00ed (RF) syst\u00e9my:<\/span><\/strong><span class=\"citation-5 recitation citation-end-5\"> K izolaci r\u016fzn\u00fdch stup\u0148\u016f obvodu a k zabr\u00e1n\u011bn\u00ed ne\u017e\u00e1douc\u00edho stejnosm\u011brn\u00e9ho nap\u011bt\u00ed, kter\u00e9 by ru\u0161ilo VF sign\u00e1l.<\/span><span class=\"button-container hide-from-message-actions ng-star-inserted\"> \u00a0<\/span>\n<div class=\"container ng-tns-c362440147-23 hide\">\n<div class=\"carousel-container ng-tns-c362440147-23\"><\/div>\n<\/div>\n<\/li>\n<li data-sourcepos=\"14:1-14:102\"><strong><span class=\"citation-6 recitation\">V\u00fdkonov\u00e9 m\u011bni\u010de:<\/span><\/strong><span class=\"citation-6 recitation citation-end-6\"> K odfiltrov\u00e1n\u00ed vysokofrekven\u010dn\u00edho \u0161umu a zvln\u011bn\u00ed ze stejnosm\u011brn\u00e9ho v\u00fdstupu.<\/span><span class=\"button-container hide-from-message-actions ng-star-inserted\"> \u00a0<\/span><\/li>\n<li data-sourcepos=\"14:1-14:102\"><span class=\"button-container hide-from-message-actions ng-star-inserted\"><strong style=\"font-size: 14.4px;\"><span class=\"citation-7 recitation\">Obvody pro \u00fapravu sign\u00e1lu:<\/span><\/strong><span class=\"citation-7 recitation citation-end-7\" style=\"font-size: 14.4px;\"> Odstran\u011bn\u00ed stejnosm\u011brn\u00fdch posun\u016f a izolace r\u016fzn\u00fdch \u010d\u00e1st\u00ed obvodu.<\/span><span class=\"button-container hide-from-message-actions ng-star-inserted\" style=\"font-size: 14.4px;\"> \u00a0<\/span><\/span>\n<div class=\"container ng-tns-c362440147-25 hide\">\n<div class=\"carousel-container ng-tns-c362440147-25\">\n<div class=\"carousel-content ng-tns-c362440147-25\">\n<div class=\"sources-carousel-source ng-tns-c362440147-25 hide ng-star-inserted\" data-test-id=\"sources-carousel-source\"><\/div>\n<\/div>\n<\/div>\n<\/div>\n<\/li>\n<\/ul>\n<h3 data-sourcepos=\"17:1-17:22\">Kl\u00ed\u010dov\u00e9 \u00favahy<\/h3>\n<ul data-sourcepos=\"18:1-21:0\">\n<li data-sourcepos=\"18:1-18:140\"><strong>Hodnota kapacity:<\/strong> Hodnota kapacity kondenz\u00e1toru se vol\u00ed na z\u00e1klad\u011b frekvence st\u0159\u00eddav\u00e9ho sign\u00e1lu a po\u017eadovan\u00e9 impedance.<\/li>\n<li data-sourcepos=\"19:1-19:116\"><strong>Jmenovit\u00e9 nap\u011bt\u00ed:<\/strong> Kondenz\u00e1tor mus\u00ed b\u00fdt dimenzov\u00e1n na maxim\u00e1ln\u00ed nap\u011bt\u00ed, kter\u00e9mu bude v obvodu vystaven.<\/li>\n<li data-sourcepos=\"20:1-21:0\"><strong>Tolerance:<\/strong> Tolerance kondenz\u00e1toru ur\u010duje p\u0159esnost hodnoty jeho kapacity.<\/li>\n<\/ul>\n<p data-sourcepos=\"22:1-22:233\"><strong><span class=\"citation-8 recitation citation-end-8\">Stejnosm\u011brn\u00fd blokovac\u00ed kondenz\u00e1tor v podstat\u011b funguje jako selektivn\u00ed filtr, kter\u00fd propou\u0161t\u00ed pouze st\u0159\u00eddav\u00e9 sign\u00e1ly a \u00fa\u010dinn\u011b blokuje stejnosm\u011brn\u00e9 slo\u017eky.<\/span> D\u00edky tomu je nepostradatelnou sou\u010d\u00e1st\u00ed mnoha elektronick\u00fdch obvod\u016f.<\/strong><span class=\"button-container hide-from-message-actions ng-star-inserted\"> \u00a0<\/span><\/p>\n<\/div>","protected":false},"excerpt":{"rendered":"<table style=\"height: 544px;\" width=\"643\">\n<tbody>\n<tr>\n<td width=\"146\"><strong><b>Produkt<\/b><\/strong>\u00a0<strong><b>Jm\u00e9no:<\/b><\/strong><\/td>\n<td width=\"601\">DC blokovac\u00ed kondenz\u00e1tor<\/td>\n<\/tr>\n<tr>\n<td width=\"146\">\n<h4><strong>Kr\u00e1tk\u00fd popis:<\/strong><\/h4>\n<\/td>\n<td width=\"601\">St\u0159\u00edda\u010de a frekven\u010dn\u00ed m\u011bni\u010de pro fotovoltaiku, v\u011btrnou energii, skladov\u00e1n\u00ed energie a dal\u0161\u00ed odv\u011btv\u00ed nov\u00e9 energetiky.<\/td>\n<\/tr>\n<tr>\n<td width=\"146\"><strong>Rozsah kapacity:<\/strong><\/td>\n<td width=\"601\">\u00a0100\u03bcF\uff5e20000\u03bcF<\/td>\n<\/tr>\n<tr>\n<td width=\"146\"><strong>Jmenovit\u00e9 nap\u011bt\u00ed\uff1a<\/strong><\/td>\n<td width=\"601\">\u00a0600V.DC\uff5e4000V.DC<\/td>\n<\/tr>\n<tr>\n<td width=\"146\"><strong>Cap.tol\uff1a<\/strong><\/td>\n<td width=\"601\">\u00a0\u00b15%\uff08J\uff09\uff1b\u00b110%\uff08K\uff09<\/td>\n<\/tr>\n<tr>\n<td width=\"146\"><strong>Elektrick\u00e1 a hybridn\u00ed vozidla:<\/strong><\/td>\n<td width=\"601\">lod\u011b; vlaky.<\/td>\n<\/tr>\n<tr>\n<td width=\"146\"><\/td>\n<td width=\"601\"><\/td>\n<\/tr>\n<tr>\n<td width=\"146\"><\/td>\n<td width=\"601\"><\/td>\n<\/tr>\n<tr>\n<td width=\"146\"><\/td>\n<td width=\"601\"><\/td>\n<\/tr>\n<\/tbody>\n<\/table>","protected":false},"featured_media":1621,"comment_status":"open","ping_status":"closed","template":"","meta":[],"product_brand":[],"product_cat":[38],"product_tag":[],"class_list":{"0":"post-1619","1":"product","2":"type-product","3":"status-publish","4":"has-post-thumbnail","6":"product_cat-dc-capacitor-2","8":"first","9":"instock","10":"shipping-taxable","11":"product-type-simple"},"_links":{"self":[{"href":"https:\/\/rf-capacitor.com\/cs\/wp-json\/wp\/v2\/product\/1619","targetHints":{"allow":["GET"]}}],"collection":[{"href":"https:\/\/rf-capacitor.com\/cs\/wp-json\/wp\/v2\/product"}],"about":[{"href":"https:\/\/rf-capacitor.com\/cs\/wp-json\/wp\/v2\/types\/product"}],"replies":[{"embeddable":true,"href":"https:\/\/rf-capacitor.com\/cs\/wp-json\/wp\/v2\/comments?post=1619"}],"wp:featuredmedia":[{"embeddable":true,"href":"https:\/\/rf-capacitor.com\/cs\/wp-json\/wp\/v2\/media\/1621"}],"wp:attachment":[{"href":"https:\/\/rf-capacitor.com\/cs\/wp-json\/wp\/v2\/media?parent=1619"}],"wp:term":[{"taxonomy":"product_brand","embeddable":true,"href":"https:\/\/rf-capacitor.com\/cs\/wp-json\/wp\/v2\/product_brand?post=1619"},{"taxonomy":"product_cat","embeddable":true,"href":"https:\/\/rf-capacitor.com\/cs\/wp-json\/wp\/v2\/product_cat?post=1619"},{"taxonomy":"product_tag","embeddable":true,"href":"https:\/\/rf-capacitor.com\/cs\/wp-json\/wp\/v2\/product_tag?post=1619"}],"curies":[{"name":"wp","href":"https:\/\/api.w.org\/{rel}","templated":true}]}}